{"id":969,"date":"2019-06-14T16:55:04","date_gmt":"2019-06-14T14:55:04","guid":{"rendered":"http:\/\/rawgroup.org\/?post_type=product&#038;p=969"},"modified":"2026-04-26T10:52:36","modified_gmt":"2026-04-26T08:52:36","slug":"lait-de-coco-en-poudre-100-cru","status":"publish","type":"product","link":"https:\/\/rawgroup.org\/?product=lait-de-coco-en-poudre-100-cru","title":{"rendered":"Lait de coco en poudre 100% cru,100g"},"content":{"rendered":"<p>Lait de coco en poudre 100% cru, origine Sri Lanka<\/p>\n","protected":false},"excerpt":{"rendered":"<p>Lait de coco en poudre 100% cru, origine Sri Lanka<\/p>\n<p>Ce lait en poudre est garanti vegan, sans lactose, sans gluten. Peut-\u00eatre utilis\u00e9 dans la fabrication de lait pour nourrisson montrant des allergies ou intol\u00e9rances au lait animaux.<\/p>\n<p>Tr\u00e8s utilis\u00e9 comme \u00e9paississant dans la pr\u00e9paration de vos sauces et g\u00e2teaux vegan.<\/p>\n","protected":false},"featured_media":970,"comment_status":"closed","ping_status":"closed","template":"","meta":[],"product_brand":[],"product_cat":[18,26],"product_tag":[],"class_list":{"0":"post-969","1":"product","2":"type-product","3":"status-publish","4":"has-post-thumbnail","6":"product_cat-oleagineux-decortiques","7":"product_cat-super-aliments","8":"product_shipping_class-sec","10":"first","11":"instock","12":"shipping-taxable","13":"purchasable","14":"product-type-variable"},"jetpack_sharing_enabled":true,"_links":{"self":[{"href":"https:\/\/rawgroup.org\/index.php?rest_route=\/wp\/v2\/product\/969","targetHints":{"allow":["GET"]}}],"collection":[{"href":"https:\/\/rawgroup.org\/index.php?rest_route=\/wp\/v2\/product"}],"about":[{"href":"https:\/\/rawgroup.org\/index.php?rest_route=\/wp\/v2\/types\/product"}],"replies":[{"embeddable":true,"href":"https:\/\/rawgroup.org\/index.php?rest_route=%2Fwp%2Fv2%2Fcomments&post=969"}],"wp:featuredmedia":[{"embeddable":true,"href":"https:\/\/rawgroup.org\/index.php?rest_route=\/wp\/v2\/media\/970"}],"wp:attachment":[{"href":"https:\/\/rawgroup.org\/index.php?rest_route=%2Fwp%2Fv2%2Fmedia&parent=969"}],"wp:term":[{"taxonomy":"product_brand","embeddable":true,"href":"https:\/\/rawgroup.org\/index.php?rest_route=%2Fwp%2Fv2%2Fproduct_brand&post=969"},{"taxonomy":"product_cat","embeddable":true,"href":"https:\/\/rawgroup.org\/index.php?rest_route=%2Fwp%2Fv2%2Fproduct_cat&post=969"},{"taxonomy":"product_tag","embeddable":true,"href":"https:\/\/rawgroup.org\/index.php?rest_route=%2Fwp%2Fv2%2Fproduct_tag&post=969"}],"curies":[{"name":"wp","href":"https:\/\/api.w.org\/{rel}","templated":true}]}}