{"id":22209,"date":"2024-01-08T14:22:09","date_gmt":"2024-01-08T13:22:09","guid":{"rendered":"https:\/\/rawgroup.org\/?post_type=product&#038;p=22209"},"modified":"2026-01-29T16:21:09","modified_gmt":"2026-01-29T15:21:09","slug":"noix-de-macadamia-en-coque-2","status":"publish","type":"product","link":"https:\/\/rawgroup.org\/?product=noix-de-macadamia-en-coque-2","title":{"rendered":"Noix de macadamia d\u00e9cortiqu\u00e9es, 100g"},"content":{"rendered":"<p>Noix de macadamia d\u00e9cortiqu\u00e9es, qualit\u00e9 crue, origine Kenya<\/p>\n","protected":false},"excerpt":{"rendered":"<p>Noix de macadamia d\u00e9cortiqu\u00e9es<span style=\"float: none;background-color: #ffffff;color: #333333;cursor: text;font-family: Georgia,'Times New Roman','Bitstream Charter',Times,serif;font-size: 16px;font-style: normal;font-variant: normal;font-weight: 400;letter-spacing: normal;text-align: left;text-decoration: none;text-indent: 0px;text-transform: none\"> , qualit\u00e9 crue<\/span><span style=\"float: none;background-color: #ffffff;color: #333333;cursor: text;font-family: Georgia,'Times New Roman','Bitstream Charter',Times,serif;font-size: 16px;font-style: normal;font-variant: normal;font-weight: 400;letter-spacing: normal;text-align: left;text-decoration: none;text-indent: 0px;text-transform: none\">, origine <\/span>Kenya<span style=\"float: none;background-color: #ffffff;color: #333333;cursor: text;font-family: Georgia,'Times New Roman','Bitstream Charter',Times,serif;font-size: 16px;font-style: normal;font-variant: normal;font-weight: 400;letter-spacing: normal;text-align: left;text-decoration: none;text-indent: 0px;text-transform: none\"> <\/span><\/p>\n<p>Les noix de macadamia sont douces et onctueuses.<\/p>\n","protected":false},"featured_media":1028,"comment_status":"closed","ping_status":"closed","template":"","meta":[],"product_brand":[],"product_cat":[167,19,27],"product_tag":[],"class_list":{"0":"post-22209","1":"product","2":"type-product","3":"status-publish","4":"has-post-thumbnail","6":"product_cat-promo-de-la-semaine","7":"product_cat-boutique","8":"product_cat-oleagineux-non-decortiques","9":"product_shipping_class-sec","11":"first","12":"onbackorder","13":"featured","14":"shipping-taxable","15":"purchasable","16":"product-type-simple"},"jetpack_sharing_enabled":true,"_links":{"self":[{"href":"https:\/\/rawgroup.org\/index.php?rest_route=\/wp\/v2\/product\/22209","targetHints":{"allow":["GET"]}}],"collection":[{"href":"https:\/\/rawgroup.org\/index.php?rest_route=\/wp\/v2\/product"}],"about":[{"href":"https:\/\/rawgroup.org\/index.php?rest_route=\/wp\/v2\/types\/product"}],"replies":[{"embeddable":true,"href":"https:\/\/rawgroup.org\/index.php?rest_route=%2Fwp%2Fv2%2Fcomments&post=22209"}],"wp:featuredmedia":[{"embeddable":true,"href":"https:\/\/rawgroup.org\/index.php?rest_route=\/wp\/v2\/media\/1028"}],"wp:attachment":[{"href":"https:\/\/rawgroup.org\/index.php?rest_route=%2Fwp%2Fv2%2Fmedia&parent=22209"}],"wp:term":[{"taxonomy":"product_brand","embeddable":true,"href":"https:\/\/rawgroup.org\/index.php?rest_route=%2Fwp%2Fv2%2Fproduct_brand&post=22209"},{"taxonomy":"product_cat","embeddable":true,"href":"https:\/\/rawgroup.org\/index.php?rest_route=%2Fwp%2Fv2%2Fproduct_cat&post=22209"},{"taxonomy":"product_tag","embeddable":true,"href":"https:\/\/rawgroup.org\/index.php?rest_route=%2Fwp%2Fv2%2Fproduct_tag&post=22209"}],"curies":[{"name":"wp","href":"https:\/\/api.w.org\/{rel}","templated":true}]}}