{"id":1997,"date":"2019-07-05T17:40:23","date_gmt":"2019-07-05T15:40:23","guid":{"rendered":"http:\/\/rawgroup.org\/?post_type=product&#038;p=1997"},"modified":"2021-08-18T00:07:52","modified_gmt":"2021-08-17T22:07:52","slug":"extracteur-de-jus-angel-juicer-cold-press-8500-s-luxury","status":"publish","type":"product","link":"https:\/\/rawgroup.org\/?product=extracteur-de-jus-angel-juicer-cold-press-8500-s-luxury","title":{"rendered":"Extracteur de jus ANGEL JUICER Cold Press 8500-S Luxury"},"content":{"rendered":"<p>Extracteur de jus ANGEL JUICER Cold Press 8500-S Luxury<\/p>\n<p>L\u2019extracteur de jus Angel extrait le jus de tous les fruits et l\u00e9gumes.<\/p>\n<p>L\u2019extracteur de jus d\u2019Angel attire l\u2019attention dans votre cuisine. Cet extracteur horizontal \u00e0 double vis est enti\u00e8rement fabriqu\u00e9 en acier inoxydable de haute qualit\u00e9, ce qui assure non seulement la qualit\u00e9 des pi\u00e8ces, mais donne \u00e9galement un aspect luxueux.<br \/>\nLe syst\u00e8me brevet\u00e9 d\u2019extraction de jus en 3 \u00e9tapes \u00e0 double vis garantit des possibilit\u00e9s infinies. Les doubles vis d\u2019extraction tournent \u00e0 une vitesse basse de 82 tours par minute, entra\u00een\u00e9es par un moteur de 3 CV. Elles extraient lentement tout le jus des fruits et des l\u00e9gumes et assurent un meilleur rendement. La pulpe restante est tr\u00e8s s\u00e8che.<\/p>\n<p>L\u2019extracteur de jus \u00e0 deux vis peut facilement presser des produits durs comme les carottes, le gingembre et les patates douces et cr\u00e9er des jus verts riches \u00e0 partir de l\u00e9gumes fibreux et des l\u00e9gumes \u00e0 feuilles, comme le c\u00e9leri, le chou vert, l\u2019herbe de bl\u00e9 et les \u00e9pinards. Il est \u00e9galement possible de faire son propre lait d\u2019amande ou autre lait cru \u00e0 partir de noix et de c\u00e9r\u00e9ales.<br \/>\nAvec le tamis a beurre de cacahu\u00e8tes en option*, vous pouvez \u00e9galement faire vos propres beurres de noix, des sorbets ou tapenades.<\/p>\n","protected":false},"excerpt":{"rendered":"<p>Extracteur de jus ANGEL JUICER Cold Press 8500-S Luxury<\/p>\n<p>Haute Qualit\u00e9<br \/>\nL\u2019extracteur de jus Angel est enti\u00e8rement fabriqu\u00e9 en acier inoxydable<br \/>\nDigne de confiance<br \/>\nLes extracteurs Angel sont fiables, durables et faciles \u00e0 entretenir<br \/>\nRendement excellent<br \/>\nLes extracteurs Angel ont prouv\u00e9 qu\u2019ils produisent jusqu\u2019\u00e0 30 % en plus de jus que les autres extracteurs de jus<br \/>\nPas de toxines<br \/>\nSeuls des mat\u00e9riaux 100% sans BPA sont utilis\u00e9s<br \/>\nFacilit\u00e9 d\u2019utilisation<br \/>\nFacile \u00e0 utiliser, \u00e0 d\u00e9monter et \u00e0 nettoyer.<br \/>\nDispositifs de s\u00e9curit\u00e9<br \/>\nThermostat int\u00e9gr\u00e9 pour \u00e9viter la surchauffe.<\/p>\n<p>disponibilit\u00e9 sous 1-2 semaine<\/p>\n","protected":false},"featured_media":2001,"comment_status":"closed","ping_status":"closed","template":"","meta":[],"product_brand":[],"product_cat":[45],"product_tag":[],"class_list":{"0":"post-1997","1":"product","2":"type-product","3":"status-publish","4":"has-post-thumbnail","6":"product_cat-ustensiles","7":"product_shipping_class-sec","9":"first","10":"onbackorder","11":"shipping-taxable","12":"purchasable","13":"product-type-simple"},"jetpack_sharing_enabled":true,"_links":{"self":[{"href":"https:\/\/rawgroup.org\/index.php?rest_route=\/wp\/v2\/product\/1997","targetHints":{"allow":["GET"]}}],"collection":[{"href":"https:\/\/rawgroup.org\/index.php?rest_route=\/wp\/v2\/product"}],"about":[{"href":"https:\/\/rawgroup.org\/index.php?rest_route=\/wp\/v2\/types\/product"}],"replies":[{"embeddable":true,"href":"https:\/\/rawgroup.org\/index.php?rest_route=%2Fwp%2Fv2%2Fcomments&post=1997"}],"wp:featuredmedia":[{"embeddable":true,"href":"https:\/\/rawgroup.org\/index.php?rest_route=\/wp\/v2\/media\/2001"}],"wp:attachment":[{"href":"https:\/\/rawgroup.org\/index.php?rest_route=%2Fwp%2Fv2%2Fmedia&parent=1997"}],"wp:term":[{"taxonomy":"product_brand","embeddable":true,"href":"https:\/\/rawgroup.org\/index.php?rest_route=%2Fwp%2Fv2%2Fproduct_brand&post=1997"},{"taxonomy":"product_cat","embeddable":true,"href":"https:\/\/rawgroup.org\/index.php?rest_route=%2Fwp%2Fv2%2Fproduct_cat&post=1997"},{"taxonomy":"product_tag","embeddable":true,"href":"https:\/\/rawgroup.org\/index.php?rest_route=%2Fwp%2Fv2%2Fproduct_tag&post=1997"}],"curies":[{"name":"wp","href":"https:\/\/api.w.org\/{rel}","templated":true}]}}