{"id":1932,"date":"2019-07-05T17:20:03","date_gmt":"2019-07-05T15:20:03","guid":{"rendered":"http:\/\/rawgroup.org\/?post_type=product&#038;p=1932"},"modified":"2026-05-09T11:25:16","modified_gmt":"2026-05-09T09:25:16","slug":"eau-de-mer-microfiltree-micro-filtree-hypertonique-bag-in-box","status":"publish","type":"product","link":"https:\/\/rawgroup.org\/?product=eau-de-mer-microfiltree-micro-filtree-hypertonique-bag-in-box","title":{"rendered":"Eau de mer microfiltr\u00e9e micro-filtr\u00e9e, hypertonique, Bag in Box"},"content":{"rendered":"<p>Eau de mer microfiltr\u00e9e, hypertonique, Bag in Box, origine Espagne<\/p>\n<p>Cette eau de mer n&rsquo;utilisent pas de substances chimiques ni de mat\u00e9riaux susceptibles de modifier la composition d&rsquo;origine de l&rsquo;eau de mer \u00e0 quelque stade que ce soit. Nous plaidons en faveur de la bio-durabilit\u00e9 des ressources environnementales.<\/p>\n<p>EXTRACTION<\/p>\n<p>L&rsquo;extraction a lieu en pleine mer, \u00e0 l&rsquo;int\u00e9rieur du premier mille marin, dans des zones o\u00f9 la profondeur minimale varie entre 40 et 100 m. et dont le bassin est compris entre 15 et 25 m. de profondeur; \u00e0 la recherche de fonds rocheux, en dehors des baies, des ports, des plages et en g\u00e9n\u00e9ral des zones habit\u00e9es o\u00f9 il pourrait y avoir une activit\u00e9 humaine qui pr\u00e9sente un risque pour la qualit\u00e9 de l\u2019eau de mer.<\/p>\n<p>L\u2019eau de mer peut \u00eatre captur\u00e9e dans diff\u00e9rents points mobiles, tous \u00e9loign\u00e9s des zones urbanis\u00e9es, des usines de traitement, des usines de dessalement et, en g\u00e9n\u00e9ral, de toute activit\u00e9 humaine pr\u00e9sentant un risque pour la qualit\u00e9 de l\u2019eau de mer.<\/p>\n<p>FILTR\u00c9<\/p>\n<p>Elles utilisent diff\u00e9rentes \u00e9tapes jusqu&rsquo;\u00e0 atteindre le filtrage optimal pour leur utilisation par la consommation humaine.<\/p>\n<p>\u00c0 partir du bassin versant, nous avons effectu\u00e9 une premi\u00e8re pr\u00e9filtration pour \u00e9viter les particules solides en suspension. Ensuite, passez \u00e0 trois \u00e9tapes diff\u00e9rentes de filtration et de st\u00e9rilisation, en finissant cette derni\u00e8re avec un microfiltrat de 0,20 micron pour une utilisation en cuisine et similaire et un ultrafiltrat pour admission directe et autres.<\/p>\n<p>MA\u00ceTRISE DE SOI<\/p>\n<p>Nous nous engageons pour la qualit\u00e9 de notre produit. C&rsquo;est pourquoi nous r\u00e9alisons de nombreuses analyses de la qualit\u00e9 de la zone d&rsquo;extraction et du produit final.<\/p>\n<p>Les analyses ont des param\u00e8tres diff\u00e9rents, conform\u00e9ment aux directives du d\u00e9cret royal 140\/2013 et du d\u00e9cret royal 1799\/2010 qui r\u00e9glementent le processus d&rsquo;\u00e9laboration et de commercialisation d&rsquo;eau de mer conditionn\u00e9e pour la consommation humaine.<\/p>\n<p>La dose maximale recommand\u00e9e par personne et par jour est de 50 ml dans de l&rsquo;eau de mer ultra-filtr\u00e9e. (sauf dans certains cas, consultez votre professionnel).<\/p>\n<p>Dans le cas du bag-in-box, la dose recommand\u00e9e (pour obtenir une assimilation optimale des min\u00e9raux) est entre 6 et 10 fois sup\u00e9rieure \u00e0 celle ultra-filtr\u00e9e. Consultez votre professionnel en cas de doute.<\/p>\n<p>EMBALLAGE<\/p>\n<p>Plusieurs formats sont disponibles.<\/p>\n<p>\u00b7 &#8211; bouteille en verre 750ml, \u00e0 usage domestique ultra filtr\u00e9e.<br \/>\n\u00b7 &#8211; Bag in box de 3 litres, 10 litres, \u00e0 usage domestique dans la cuisine.<\/p>\n<p>Les r\u00e9cipients au format \u00ab\u00a0bag in box\u00a0\u00bb permettent une dur\u00e9e maximale du produit, ainsi qu&rsquo;un dosage pratique, gr\u00e2ce \u00e0 son robinet int\u00e9gr\u00e9. Le sac dans la bo\u00eete garantit la qualit\u00e9 du produit, car il ne laisse pas entrer la lumi\u00e8re ou l&rsquo;air. L&rsquo;int\u00e9rieur est en poly\u00e9thyl\u00e8ne de qualit\u00e9 alimentaire, ce qui garantit la conservation de l&rsquo;eau de mer avec toute sa fra\u00eecheur et son naturel.<\/p>\n<p>En ce qui concerne la durabilit\u00e9 du conteneur, le \u00ab\u00a0bag in box\u00a0\u00bb est 100% recyclable; il se compose de deux parties: le sac en poly\u00e9thyl\u00e8ne, qui peut \u00eatre recycl\u00e9 dans le conteneur jaune, et la bo\u00eete en carton provenant de carton recycl\u00e9 et pouvant \u00eatre recycl\u00e9e dans le conteneur bleu.<\/p>\n<p>Grandes quantit\u00e9s: c&rsquo;est un excellent produit pour les aquariums, les aquariums et les p\u00e9pini\u00e8res, car nous fournissons une eau de qualit\u00e9 exceptionnelle, car nous filtrons et st\u00e9rilisons l&rsquo;eau de mer, emp\u00eachant ainsi la prolif\u00e9ration et l&rsquo;entr\u00e9e d&rsquo;organismes d\u00e9sir\u00e9e, maintenant ainsi les qualit\u00e9s intactes de l\u2019habitat. De cette mani\u00e8re, nous \u00e9conomisons sur l\u2019entretien des installations, am\u00e9liorons la qualit\u00e9 des poissons et des crustac\u00e9s d\u00e9di\u00e9s \u00e0 l\u2019utilisation humaine et \u00e9vitons les maladies et les d\u00e9c\u00e8s non d\u00e9sir\u00e9s, qui peuvent r\u00e9duire la rentabilit\u00e9 et la qualit\u00e9 de la p\u00e9pini\u00e8re, des aquariums et des aquariums.<\/p>\n<p>R\u00c9CIPIENT EN VERRE &#8211; MARINE PLASMA<\/p>\n<p>Remplissage sous vide pour une plus grande hygi\u00e8ne et contenant en verre pour une meilleure conservation du produit.<br \/>\nUltra-filtr\u00e9e, pourquoi avec moins de quantit\u00e9, plus de min\u00e9raux sont absorb\u00e9s et de mani\u00e8re plus efficace, ce processus est plus naturel. Avec cette filtration, les doses sont jusqu&rsquo;\u00e0 six fois plus faibles qu&rsquo;avec l&rsquo;eau de mer microfiltr\u00e9e.<br \/>\nExtraction par vortex, confluence de courants, o\u00f9 il y a une plus grande pr\u00e9sence de plancton, obtenant un ADM avec plus de min\u00e9raux organiques.<br \/>\nLe min\u00e9ral pr\u00e9sent dans l&rsquo;eau de mer se trouve de mani\u00e8re inorganique. Pour l&rsquo;assimiler, il doit traverser le plancton, produisant le ph\u00e9nom\u00e8ne appel\u00e9 bioc\u00e9nose, qui est la transformation du min\u00e9ral inorganique en produit organique et donc biodisponible. dis assimilable pour notre organisme<\/p>\n<p>Utilisations: Pour une min\u00e9ralisation et une alcalinisation rapides par apport direct avec une quantit\u00e9 minimale de produit.<\/p>\n<p>CONTENEUR BIB:<\/p>\n<p>Bag in box haute densit\u00e9, avec certificat sanitaire.<br \/>\nMicrofiltr\u00e9e, une plus grande quantit\u00e9 est n\u00e9cessaire pour absorber la m\u00eame proportion de min\u00e9raux que les ultrafiltr\u00e9s.<br \/>\nExtraction en mer (non captur\u00e9e dans le VORTEX) pour obtenir une eau de mer de stabilit\u00e9 chimique \u00e9lev\u00e9e.<br \/>\nGr\u00e2ce \u00e0 son emballage, son point d&rsquo;extraction et son syst\u00e8me de filtration, cette eau de mer microfiltr\u00e9e en fait la meilleure eau de mer du march\u00e9.<\/p>\n<p>Utilisations: Cuisine, nettoyage nasal et oculaire, lavements, applications dermiques, boissons isotoniques, etc., con\u00e7ues pour une consommation accrue<\/p>\n","protected":false},"excerpt":{"rendered":"<p>Eau de mer microfiltr\u00e9e, hypertonique, Bag in Box, origine Espagne<\/p>\n","protected":false},"featured_media":1936,"comment_status":"closed","ping_status":"closed","template":"","meta":[],"product_brand":[],"product_cat":[49],"product_tag":[],"class_list":{"0":"post-1932","1":"product","2":"type-product","3":"status-publish","4":"has-post-thumbnail","6":"product_cat-eau-de-mer","7":"product_shipping_class-sec","9":"first","10":"onbackorder","11":"shipping-taxable","12":"purchasable","13":"product-type-variable"},"jetpack_sharing_enabled":true,"_links":{"self":[{"href":"https:\/\/rawgroup.org\/index.php?rest_route=\/wp\/v2\/product\/1932","targetHints":{"allow":["GET"]}}],"collection":[{"href":"https:\/\/rawgroup.org\/index.php?rest_route=\/wp\/v2\/product"}],"about":[{"href":"https:\/\/rawgroup.org\/index.php?rest_route=\/wp\/v2\/types\/product"}],"replies":[{"embeddable":true,"href":"https:\/\/rawgroup.org\/index.php?rest_route=%2Fwp%2Fv2%2Fcomments&post=1932"}],"wp:featuredmedia":[{"embeddable":true,"href":"https:\/\/rawgroup.org\/index.php?rest_route=\/wp\/v2\/media\/1936"}],"wp:attachment":[{"href":"https:\/\/rawgroup.org\/index.php?rest_route=%2Fwp%2Fv2%2Fmedia&parent=1932"}],"wp:term":[{"taxonomy":"product_brand","embeddable":true,"href":"https:\/\/rawgroup.org\/index.php?rest_route=%2Fwp%2Fv2%2Fproduct_brand&post=1932"},{"taxonomy":"product_cat","embeddable":true,"href":"https:\/\/rawgroup.org\/index.php?rest_route=%2Fwp%2Fv2%2Fproduct_cat&post=1932"},{"taxonomy":"product_tag","embeddable":true,"href":"https:\/\/rawgroup.org\/index.php?rest_route=%2Fwp%2Fv2%2Fproduct_tag&post=1932"}],"curies":[{"name":"wp","href":"https:\/\/api.w.org\/{rel}","templated":true}]}}