{"id":1783,"date":"2019-07-05T16:20:38","date_gmt":"2019-07-05T14:20:38","guid":{"rendered":"http:\/\/rawgroup.org\/?post_type=product&#038;p=1783"},"modified":"2025-11-23T22:18:33","modified_gmt":"2025-11-23T21:18:33","slug":"datte-deglet-nour-semi-seche","status":"publish","type":"product","link":"https:\/\/rawgroup.org\/?product=datte-deglet-nour-semi-seche","title":{"rendered":"Datte Deglet-Nour semi-s\u00e8che en branche d&rsquo;Alg\u00e9rie, 100g"},"content":{"rendered":"<p>Datte Deglet-Nour semi-fra\u00eeche, qualit\u00e9 crue, origine Alg\u00e9rie<\/p>\n<p>A conserver au frais<\/p>\n","protected":false},"excerpt":{"rendered":"<p>Datte Deglet-Nour semi-fra\u00eeche, qualit\u00e9 crue, origine Alg\u00e9rie<\/p>\n<p>A conserver au frais<\/p>\n","protected":false},"featured_media":1787,"comment_status":"closed","ping_status":"closed","template":"","meta":[],"product_brand":[],"product_cat":[25],"product_tag":[],"class_list":{"0":"post-1783","1":"product","2":"type-product","3":"status-publish","4":"has-post-thumbnail","6":"product_cat-dattes","7":"product_shipping_class-sec","9":"first","10":"onbackorder","11":"shipping-taxable","12":"purchasable","13":"product-type-simple"},"jetpack_sharing_enabled":true,"_links":{"self":[{"href":"https:\/\/rawgroup.org\/index.php?rest_route=\/wp\/v2\/product\/1783","targetHints":{"allow":["GET"]}}],"collection":[{"href":"https:\/\/rawgroup.org\/index.php?rest_route=\/wp\/v2\/product"}],"about":[{"href":"https:\/\/rawgroup.org\/index.php?rest_route=\/wp\/v2\/types\/product"}],"replies":[{"embeddable":true,"href":"https:\/\/rawgroup.org\/index.php?rest_route=%2Fwp%2Fv2%2Fcomments&post=1783"}],"wp:featuredmedia":[{"embeddable":true,"href":"https:\/\/rawgroup.org\/index.php?rest_route=\/wp\/v2\/media\/1787"}],"wp:attachment":[{"href":"https:\/\/rawgroup.org\/index.php?rest_route=%2Fwp%2Fv2%2Fmedia&parent=1783"}],"wp:term":[{"taxonomy":"product_brand","embeddable":true,"href":"https:\/\/rawgroup.org\/index.php?rest_route=%2Fwp%2Fv2%2Fproduct_brand&post=1783"},{"taxonomy":"product_cat","embeddable":true,"href":"https:\/\/rawgroup.org\/index.php?rest_route=%2Fwp%2Fv2%2Fproduct_cat&post=1783"},{"taxonomy":"product_tag","embeddable":true,"href":"https:\/\/rawgroup.org\/index.php?rest_route=%2Fwp%2Fv2%2Fproduct_tag&post=1783"}],"curies":[{"name":"wp","href":"https:\/\/api.w.org\/{rel}","templated":true}]}}