{"id":1744,"date":"2019-07-05T16:07:22","date_gmt":"2019-07-05T14:07:22","guid":{"rendered":"http:\/\/rawgroup.org\/?post_type=product&#038;p=1744"},"modified":"2024-05-02T17:25:06","modified_gmt":"2024-05-02T15:25:06","slug":"tahin-blanc-creme-de-sesame-sans-peau-pot-de-400g","status":"publish","type":"product","link":"https:\/\/rawgroup.org\/?product=tahin-blanc-creme-de-sesame-sans-peau-pot-de-400g","title":{"rendered":"Tahin blanc (cr\u00e8me de s\u00e9same sans peau), pot de 400g"},"content":{"rendered":"<p>Tahin blanc (cr\u00e8me de s\u00e9same sans peau), pot de 3kg, qualit\u00e9 crue, origine Espagne<\/p>\n","protected":false},"excerpt":{"rendered":"<p>Tahin blanc (cr\u00e8me de s\u00e9same sans peau), pot de 3kg, origine Espagne<\/p>\n","protected":false},"featured_media":1748,"comment_status":"closed","ping_status":"closed","template":"","meta":[],"product_brand":[],"product_cat":[44],"product_tag":[],"class_list":{"0":"post-1744","1":"product","2":"type-product","3":"status-publish","4":"has-post-thumbnail","6":"product_cat-puree","7":"product_shipping_class-sec","9":"first","10":"onbackorder","11":"shipping-taxable","12":"purchasable","13":"product-type-simple"},"jetpack_sharing_enabled":true,"_links":{"self":[{"href":"https:\/\/rawgroup.org\/index.php?rest_route=\/wp\/v2\/product\/1744","targetHints":{"allow":["GET"]}}],"collection":[{"href":"https:\/\/rawgroup.org\/index.php?rest_route=\/wp\/v2\/product"}],"about":[{"href":"https:\/\/rawgroup.org\/index.php?rest_route=\/wp\/v2\/types\/product"}],"replies":[{"embeddable":true,"href":"https:\/\/rawgroup.org\/index.php?rest_route=%2Fwp%2Fv2%2Fcomments&post=1744"}],"wp:featuredmedia":[{"embeddable":true,"href":"https:\/\/rawgroup.org\/index.php?rest_route=\/wp\/v2\/media\/1748"}],"wp:attachment":[{"href":"https:\/\/rawgroup.org\/index.php?rest_route=%2Fwp%2Fv2%2Fmedia&parent=1744"}],"wp:term":[{"taxonomy":"product_brand","embeddable":true,"href":"https:\/\/rawgroup.org\/index.php?rest_route=%2Fwp%2Fv2%2Fproduct_brand&post=1744"},{"taxonomy":"product_cat","embeddable":true,"href":"https:\/\/rawgroup.org\/index.php?rest_route=%2Fwp%2Fv2%2Fproduct_cat&post=1744"},{"taxonomy":"product_tag","embeddable":true,"href":"https:\/\/rawgroup.org\/index.php?rest_route=%2Fwp%2Fv2%2Fproduct_tag&post=1744"}],"curies":[{"name":"wp","href":"https:\/\/api.w.org\/{rel}","templated":true}]}}