{"id":17317,"date":"2021-10-24T17:15:24","date_gmt":"2021-10-24T15:15:24","guid":{"rendered":"https:\/\/rawgroup.org\/?post_type=product&#038;p=17317"},"modified":"2022-02-17T18:24:31","modified_gmt":"2022-02-17T17:24:31","slug":"mangue-lipens-despagne-prix-pour-500g","status":"publish","type":"product","link":"https:\/\/rawgroup.org\/?product=mangue-lipens-despagne-prix-pour-500g","title":{"rendered":"Mangue Lipens d&rsquo;Espagne, prix pour 500g"},"content":{"rendered":"<p>Le parfum de l\u2019exotisme !<br \/>\nLa vari\u00e9t\u00e9 Lipens est une mangue douce, texture lisse et juteuses, couleur jaune, calibre moyen. Elle est non fibreuse, sucr\u00e9e et tr\u00e8s bonne.<br \/>\nLa mangue Lipens d&rsquo;Espagne\u00a0 est plus gustative car cueillie \u00e0 maturit\u00e9.<\/p>\n","protected":false},"excerpt":{"rendered":"<p>Mangue Lipens d&rsquo;Espagne, prix pour 500g<br \/>\nPi\u00e8ce de taille moyenne<\/p>\n","protected":false},"featured_media":17318,"comment_status":"closed","ping_status":"closed","template":"","meta":[],"product_brand":[],"product_cat":[58,167,19],"product_tag":[166,177,176,66,97,173],"class_list":{"0":"post-17317","1":"product","2":"type-product","3":"status-publish","4":"has-post-thumbnail","6":"product_cat-fruits-frais","7":"product_cat-promo-de-la-semaine","8":"product_cat-boutique","9":"product_tag-bio","10":"product_tag-direct-producteur","11":"product_tag-gourmet","12":"product_tag-mangue","13":"product_tag-mini","14":"product_tag-osteen","15":"product_shipping_class-frais","17":"first","18":"outofstock","19":"shipping-taxable","20":"purchasable","21":"product-type-simple"},"jetpack_sharing_enabled":true,"_links":{"self":[{"href":"https:\/\/rawgroup.org\/index.php?rest_route=\/wp\/v2\/product\/17317","targetHints":{"allow":["GET"]}}],"collection":[{"href":"https:\/\/rawgroup.org\/index.php?rest_route=\/wp\/v2\/product"}],"about":[{"href":"https:\/\/rawgroup.org\/index.php?rest_route=\/wp\/v2\/types\/product"}],"replies":[{"embeddable":true,"href":"https:\/\/rawgroup.org\/index.php?rest_route=%2Fwp%2Fv2%2Fcomments&post=17317"}],"wp:featuredmedia":[{"embeddable":true,"href":"https:\/\/rawgroup.org\/index.php?rest_route=\/wp\/v2\/media\/17318"}],"wp:attachment":[{"href":"https:\/\/rawgroup.org\/index.php?rest_route=%2Fwp%2Fv2%2Fmedia&parent=17317"}],"wp:term":[{"taxonomy":"product_brand","embeddable":true,"href":"https:\/\/rawgroup.org\/index.php?rest_route=%2Fwp%2Fv2%2Fproduct_brand&post=17317"},{"taxonomy":"product_cat","embeddable":true,"href":"https:\/\/rawgroup.org\/index.php?rest_route=%2Fwp%2Fv2%2Fproduct_cat&post=17317"},{"taxonomy":"product_tag","embeddable":true,"href":"https:\/\/rawgroup.org\/index.php?rest_route=%2Fwp%2Fv2%2Fproduct_tag&post=17317"}],"curies":[{"name":"wp","href":"https:\/\/api.w.org\/{rel}","templated":true}]}}