{"id":17315,"date":"2021-10-24T16:56:57","date_gmt":"2021-10-24T14:56:57","guid":{"rendered":"https:\/\/rawgroup.org\/?post_type=product&#038;p=17315"},"modified":"2024-03-04T22:07:17","modified_gmt":"2024-03-04T21:07:17","slug":"kaki-rouge-brillant-calibre-petit-100g","status":"publish","type":"product","link":"https:\/\/rawgroup.org\/?product=kaki-rouge-brillant-calibre-petit-100g","title":{"rendered":"Kaki rouge brillant, 100g"},"content":{"rendered":"<p>Le kaki d&rsquo;Europe, rond, lisse et orang\u00e9, se consomme tr\u00e8s m\u00fbr, sans quoi il se r\u00e9v\u00e8le tr\u00e8s astringente.<\/p>\n","protected":false},"excerpt":{"rendered":"<p>Kaki rouge brillant, 100g<br \/>\norigine : Espagne<\/p>\n","protected":false},"featured_media":17316,"comment_status":"closed","ping_status":"closed","template":"","meta":[],"product_brand":[],"product_cat":[58,167,19],"product_tag":[185,182,186,95],"class_list":{"0":"post-17315","1":"product","2":"type-product","3":"status-publish","4":"has-post-thumbnail","6":"product_cat-fruits-frais","7":"product_cat-promo-de-la-semaine","8":"product_cat-boutique","9":"product_tag-brillant","10":"product_tag-kaki","11":"product_tag-rojo-brillante","12":"product_tag-rouge","13":"product_shipping_class-frais","15":"first","16":"outofstock","17":"shipping-taxable","18":"purchasable","19":"product-type-simple"},"jetpack_sharing_enabled":true,"_links":{"self":[{"href":"https:\/\/rawgroup.org\/index.php?rest_route=\/wp\/v2\/product\/17315","targetHints":{"allow":["GET"]}}],"collection":[{"href":"https:\/\/rawgroup.org\/index.php?rest_route=\/wp\/v2\/product"}],"about":[{"href":"https:\/\/rawgroup.org\/index.php?rest_route=\/wp\/v2\/types\/product"}],"replies":[{"embeddable":true,"href":"https:\/\/rawgroup.org\/index.php?rest_route=%2Fwp%2Fv2%2Fcomments&post=17315"}],"wp:featuredmedia":[{"embeddable":true,"href":"https:\/\/rawgroup.org\/index.php?rest_route=\/wp\/v2\/media\/17316"}],"wp:attachment":[{"href":"https:\/\/rawgroup.org\/index.php?rest_route=%2Fwp%2Fv2%2Fmedia&parent=17315"}],"wp:term":[{"taxonomy":"product_brand","embeddable":true,"href":"https:\/\/rawgroup.org\/index.php?rest_route=%2Fwp%2Fv2%2Fproduct_brand&post=17315"},{"taxonomy":"product_cat","embeddable":true,"href":"https:\/\/rawgroup.org\/index.php?rest_route=%2Fwp%2Fv2%2Fproduct_cat&post=17315"},{"taxonomy":"product_tag","embeddable":true,"href":"https:\/\/rawgroup.org\/index.php?rest_route=%2Fwp%2Fv2%2Fproduct_tag&post=17315"}],"curies":[{"name":"wp","href":"https:\/\/api.w.org\/{rel}","templated":true}]}}