{"id":1693,"date":"2019-07-05T15:52:18","date_gmt":"2019-07-05T13:52:18","guid":{"rendered":"http:\/\/rawgroup.org\/?post_type=product&#038;p=1693"},"modified":"2025-06-17T08:08:42","modified_gmt":"2025-06-17T06:08:42","slug":"cacao-bio-cru-feve-entiere","status":"publish","type":"product","link":"https:\/\/rawgroup.org\/?product=cacao-bio-cru-feve-entiere","title":{"rendered":"Cacao BIO cru, f\u00e8ve enti\u00e8re, 100g"},"content":{"rendered":"<p>Cacao BIO cru, f\u00e8ve enti\u00e8re, qualit\u00e9 crue, origine Br\u00e9sil<\/p>\n","protected":false},"excerpt":{"rendered":"<p>Cacao BIO cru, f\u00e8ve enti\u00e8re, qualit\u00e9 crue, origine Br\u00e9sil<\/p>\n","protected":false},"featured_media":1697,"comment_status":"closed","ping_status":"closed","template":"","meta":[],"product_brand":[],"product_cat":[20],"product_tag":[],"class_list":{"0":"post-1693","1":"product","2":"type-product","3":"status-publish","4":"has-post-thumbnail","6":"product_cat-fruits-seches","7":"product_shipping_class-sec","9":"first","10":"outofstock","11":"shipping-taxable","12":"purchasable","13":"product-type-simple"},"jetpack_sharing_enabled":true,"_links":{"self":[{"href":"https:\/\/rawgroup.org\/index.php?rest_route=\/wp\/v2\/product\/1693","targetHints":{"allow":["GET"]}}],"collection":[{"href":"https:\/\/rawgroup.org\/index.php?rest_route=\/wp\/v2\/product"}],"about":[{"href":"https:\/\/rawgroup.org\/index.php?rest_route=\/wp\/v2\/types\/product"}],"replies":[{"embeddable":true,"href":"https:\/\/rawgroup.org\/index.php?rest_route=%2Fwp%2Fv2%2Fcomments&post=1693"}],"wp:featuredmedia":[{"embeddable":true,"href":"https:\/\/rawgroup.org\/index.php?rest_route=\/wp\/v2\/media\/1697"}],"wp:attachment":[{"href":"https:\/\/rawgroup.org\/index.php?rest_route=%2Fwp%2Fv2%2Fmedia&parent=1693"}],"wp:term":[{"taxonomy":"product_brand","embeddable":true,"href":"https:\/\/rawgroup.org\/index.php?rest_route=%2Fwp%2Fv2%2Fproduct_brand&post=1693"},{"taxonomy":"product_cat","embeddable":true,"href":"https:\/\/rawgroup.org\/index.php?rest_route=%2Fwp%2Fv2%2Fproduct_cat&post=1693"},{"taxonomy":"product_tag","embeddable":true,"href":"https:\/\/rawgroup.org\/index.php?rest_route=%2Fwp%2Fv2%2Fproduct_tag&post=1693"}],"curies":[{"name":"wp","href":"https:\/\/api.w.org\/{rel}","templated":true}]}}