{"id":16712,"date":"2021-08-15T20:28:16","date_gmt":"2021-08-15T18:28:16","guid":{"rendered":"https:\/\/rawgroup.org\/?post_type=product&#038;p=16712"},"modified":"2025-05-05T09:40:36","modified_gmt":"2025-05-05T07:40:36","slug":"mangue-osteen-despagne-prix-pour-500g","status":"publish","type":"product","link":"https:\/\/rawgroup.org\/?product=mangue-osteen-despagne-prix-pour-500g","title":{"rendered":"Arrivage de Mangues BIO diverses vari\u00e9t\u00e9s d&rsquo;Espagne, au 500g, Excellentes !!\u2026"},"content":{"rendered":"<p>Le parfum de l\u2019exotisme !<\/p>\n<p>Un assortiment de diverses vari\u00e9t\u00e9s de mangue : Irwin, Zill, Osteen, Lipens, Kensington, Kent toute excellente, douce, juteuse, calibre assez grand, elles sont non fibreuses, et sucr\u00e9es.<\/p>\n<p>Les mangues d&rsquo;Espagne sont tr\u00e8s gustatives car cueillie \u00e0 maturit\u00e9, peu de transport.<\/p>\n","protected":false},"excerpt":{"rendered":"<p>Ces vari\u00e9t\u00e9s sont d\u2019excellentes mangues, douces, juteuses, taille entre 200g et 500g<br \/>\nPi\u00e8ce de taille entre 200 et 600g<\/p>\n","protected":false},"featured_media":16691,"comment_status":"closed","ping_status":"closed","template":"","meta":[],"product_brand":[],"product_cat":[58,167,19],"product_tag":[166,175,174,66,173],"class_list":{"0":"post-16712","1":"product","2":"type-product","3":"status-publish","4":"has-post-thumbnail","6":"product_cat-fruits-frais","7":"product_cat-promo-de-la-semaine","8":"product_cat-boutique","9":"product_tag-bio","10":"product_tag-diect-producteur","11":"product_tag-espagne","12":"product_tag-mangue","13":"product_tag-osteen","14":"product_shipping_class-frais","16":"first","17":"outofstock","18":"shipping-taxable","19":"purchasable","20":"product-type-simple"},"jetpack_sharing_enabled":true,"_links":{"self":[{"href":"https:\/\/rawgroup.org\/index.php?rest_route=\/wp\/v2\/product\/16712","targetHints":{"allow":["GET"]}}],"collection":[{"href":"https:\/\/rawgroup.org\/index.php?rest_route=\/wp\/v2\/product"}],"about":[{"href":"https:\/\/rawgroup.org\/index.php?rest_route=\/wp\/v2\/types\/product"}],"replies":[{"embeddable":true,"href":"https:\/\/rawgroup.org\/index.php?rest_route=%2Fwp%2Fv2%2Fcomments&post=16712"}],"wp:featuredmedia":[{"embeddable":true,"href":"https:\/\/rawgroup.org\/index.php?rest_route=\/wp\/v2\/media\/16691"}],"wp:attachment":[{"href":"https:\/\/rawgroup.org\/index.php?rest_route=%2Fwp%2Fv2%2Fmedia&parent=16712"}],"wp:term":[{"taxonomy":"product_brand","embeddable":true,"href":"https:\/\/rawgroup.org\/index.php?rest_route=%2Fwp%2Fv2%2Fproduct_brand&post=16712"},{"taxonomy":"product_cat","embeddable":true,"href":"https:\/\/rawgroup.org\/index.php?rest_route=%2Fwp%2Fv2%2Fproduct_cat&post=16712"},{"taxonomy":"product_tag","embeddable":true,"href":"https:\/\/rawgroup.org\/index.php?rest_route=%2Fwp%2Fv2%2Fproduct_tag&post=16712"}],"curies":[{"name":"wp","href":"https:\/\/api.w.org\/{rel}","templated":true}]}}