{"id":16701,"date":"2021-08-15T20:07:47","date_gmt":"2021-08-15T18:07:47","guid":{"rendered":"https:\/\/rawgroup.org\/?post_type=product&#038;p=16701"},"modified":"2026-01-17T13:45:44","modified_gmt":"2026-01-17T12:45:44","slug":"mangue-osteen-mini-despagne-prix-pour-500g","status":"publish","type":"product","link":"https:\/\/rawgroup.org\/?product=mangue-osteen-mini-despagne-prix-pour-500g","title":{"rendered":"Mangue Osteen d&rsquo;Espagne, prix pour 500g"},"content":{"rendered":"<p>Le parfum de l\u2019exotisme !<br \/>\nLa vari\u00e9t\u00e9 Osteen est une mangue douce, texture lisse et juteuses, poivr\u00e9e, calibre moyen. Elle est non fibreuse, sucr\u00e9e et tr\u00e8s bonne.<br \/>\nLa mangue Osteen d&rsquo;Espagne\u00a0 est plus gustative car cueillie \u00e0 maturit\u00e9.<\/p>\n","protected":false},"excerpt":{"rendered":"<p>Mangue Osteen d&rsquo;Espagne, prix pour 500g<br \/>\nPi\u00e8ce de petite taille<\/p>\n","protected":false},"featured_media":16704,"comment_status":"closed","ping_status":"closed","template":"","meta":[],"product_brand":[],"product_cat":[58,19],"product_tag":[166,177,176,66,97,173],"class_list":{"0":"post-16701","1":"product","2":"type-product","3":"status-publish","4":"has-post-thumbnail","6":"product_cat-fruits-frais","7":"product_cat-boutique","8":"product_tag-bio","9":"product_tag-direct-producteur","10":"product_tag-gourmet","11":"product_tag-mangue","12":"product_tag-mini","13":"product_tag-osteen","14":"product_shipping_class-frais","16":"first","17":"onbackorder","18":"shipping-taxable","19":"purchasable","20":"product-type-simple"},"jetpack_sharing_enabled":true,"_links":{"self":[{"href":"https:\/\/rawgroup.org\/index.php?rest_route=\/wp\/v2\/product\/16701","targetHints":{"allow":["GET"]}}],"collection":[{"href":"https:\/\/rawgroup.org\/index.php?rest_route=\/wp\/v2\/product"}],"about":[{"href":"https:\/\/rawgroup.org\/index.php?rest_route=\/wp\/v2\/types\/product"}],"replies":[{"embeddable":true,"href":"https:\/\/rawgroup.org\/index.php?rest_route=%2Fwp%2Fv2%2Fcomments&post=16701"}],"wp:featuredmedia":[{"embeddable":true,"href":"https:\/\/rawgroup.org\/index.php?rest_route=\/wp\/v2\/media\/16704"}],"wp:attachment":[{"href":"https:\/\/rawgroup.org\/index.php?rest_route=%2Fwp%2Fv2%2Fmedia&parent=16701"}],"wp:term":[{"taxonomy":"product_brand","embeddable":true,"href":"https:\/\/rawgroup.org\/index.php?rest_route=%2Fwp%2Fv2%2Fproduct_brand&post=16701"},{"taxonomy":"product_cat","embeddable":true,"href":"https:\/\/rawgroup.org\/index.php?rest_route=%2Fwp%2Fv2%2Fproduct_cat&post=16701"},{"taxonomy":"product_tag","embeddable":true,"href":"https:\/\/rawgroup.org\/index.php?rest_route=%2Fwp%2Fv2%2Fproduct_tag&post=16701"}],"curies":[{"name":"wp","href":"https:\/\/api.w.org\/{rel}","templated":true}]}}