{"id":15854,"date":"2021-04-08T11:49:37","date_gmt":"2021-04-08T09:49:37","guid":{"rendered":"https:\/\/rawgroup.org\/?post_type=product&#038;p=15854"},"modified":"2025-09-19T16:15:47","modified_gmt":"2025-09-19T14:15:47","slug":"poivron-rouge-au-500g-2","status":"publish","type":"product","link":"https:\/\/rawgroup.org\/?product=poivron-rouge-au-500g-2","title":{"rendered":"Poivron rouge, au 500g"},"content":{"rendered":"<p>Le poivron est le symbole de l&rsquo;\u00e9t\u00e9 que l&rsquo;on retrouve aussi bien dans les salades que dans les ratatouilles. Il est peu calorique, riche en vitamine et se cuisine facilement. Ce l\u00e9gume-fruit est originaire du Mexique et aurait \u00e9t\u00e9 ramen\u00e9 en Europe par Christophe Colomb.<\/p>\n","protected":false},"excerpt":{"rendered":"<p>Poivron rouge, origine Espagne, Andalousie, prix pour 500g<br \/>\nTaille et forme en fonction de l&#8217;arrivage<\/p>\n","protected":false},"featured_media":12929,"comment_status":"closed","ping_status":"closed","template":"","meta":[],"product_brand":[],"product_cat":[58,19],"product_tag":[100,95],"class_list":{"0":"post-15854","1":"product","2":"type-product","3":"status-publish","4":"has-post-thumbnail","6":"product_cat-fruits-frais","7":"product_cat-boutique","8":"product_tag-poivron","9":"product_tag-rouge","10":"product_shipping_class-frais","12":"first","13":"onbackorder","14":"shipping-taxable","15":"purchasable","16":"product-type-simple"},"jetpack_sharing_enabled":true,"_links":{"self":[{"href":"https:\/\/rawgroup.org\/index.php?rest_route=\/wp\/v2\/product\/15854","targetHints":{"allow":["GET"]}}],"collection":[{"href":"https:\/\/rawgroup.org\/index.php?rest_route=\/wp\/v2\/product"}],"about":[{"href":"https:\/\/rawgroup.org\/index.php?rest_route=\/wp\/v2\/types\/product"}],"replies":[{"embeddable":true,"href":"https:\/\/rawgroup.org\/index.php?rest_route=%2Fwp%2Fv2%2Fcomments&post=15854"}],"wp:featuredmedia":[{"embeddable":true,"href":"https:\/\/rawgroup.org\/index.php?rest_route=\/wp\/v2\/media\/12929"}],"wp:attachment":[{"href":"https:\/\/rawgroup.org\/index.php?rest_route=%2Fwp%2Fv2%2Fmedia&parent=15854"}],"wp:term":[{"taxonomy":"product_brand","embeddable":true,"href":"https:\/\/rawgroup.org\/index.php?rest_route=%2Fwp%2Fv2%2Fproduct_brand&post=15854"},{"taxonomy":"product_cat","embeddable":true,"href":"https:\/\/rawgroup.org\/index.php?rest_route=%2Fwp%2Fv2%2Fproduct_cat&post=15854"},{"taxonomy":"product_tag","embeddable":true,"href":"https:\/\/rawgroup.org\/index.php?rest_route=%2Fwp%2Fv2%2Fproduct_tag&post=15854"}],"curies":[{"name":"wp","href":"https:\/\/api.w.org\/{rel}","templated":true}]}}