{"id":15795,"date":"2021-03-28T20:11:27","date_gmt":"2021-03-28T18:11:27","guid":{"rendered":"https:\/\/rawgroup.org\/?post_type=product&#038;p=15795"},"modified":"2025-08-14T08:20:53","modified_gmt":"2025-08-14T06:20:53","slug":"canne-a-sucre-500g","status":"publish","type":"product","link":"https:\/\/rawgroup.org\/?product=canne-a-sucre-500g","title":{"rendered":"Canne \u00e0 sucre, 500g"},"content":{"rendered":"<p>La canne \u00e0 sucre est la source principale du saccarose utilis\u00e9 dans la production de sucre.<\/p>\n<p>Sous forme fraiche, on peut mastiquer la fibre sucr\u00e9e de cette plante.<\/p>\n<p>La canne est une gramin\u00e9e dont le sucre (ici int\u00e9gral) n&rsquo;est pas nuisible et prot\u00e8ge des caries.<\/p>\n<p>Elle contient : calcium, chrome, cobalt, cuivre, magn\u00e9sium, mangan\u00e8se, phosphore, potassium, zinc, fer, vitamine A, C, B1, B2, B3, B5, B6, phytonutriments, antioxydants, prot\u00e9ines.<\/p>\n<p>Faible indice glyc\u00e9mique.<\/p>\n","protected":false},"excerpt":{"rendered":"<p>Canne \u00e0 sucre, prix pour 500g, origine Andalousie, Espagne<br \/>\nTaille et couleur en fonction de l\u2019arrivage<\/p>\n","protected":false},"featured_media":15796,"comment_status":"closed","ping_status":"closed","template":"","meta":[],"product_brand":[],"product_cat":[58,19],"product_tag":[166,168,169],"class_list":{"0":"post-15795","1":"product","2":"type-product","3":"status-publish","4":"has-post-thumbnail","6":"product_cat-fruits-frais","7":"product_cat-boutique","8":"product_tag-bio","9":"product_tag-canne","10":"product_tag-sucre","11":"product_shipping_class-sec","13":"first","14":"outofstock","15":"featured","16":"shipping-taxable","17":"purchasable","18":"product-type-simple"},"jetpack_sharing_enabled":true,"_links":{"self":[{"href":"https:\/\/rawgroup.org\/index.php?rest_route=\/wp\/v2\/product\/15795","targetHints":{"allow":["GET"]}}],"collection":[{"href":"https:\/\/rawgroup.org\/index.php?rest_route=\/wp\/v2\/product"}],"about":[{"href":"https:\/\/rawgroup.org\/index.php?rest_route=\/wp\/v2\/types\/product"}],"replies":[{"embeddable":true,"href":"https:\/\/rawgroup.org\/index.php?rest_route=%2Fwp%2Fv2%2Fcomments&post=15795"}],"wp:featuredmedia":[{"embeddable":true,"href":"https:\/\/rawgroup.org\/index.php?rest_route=\/wp\/v2\/media\/15796"}],"wp:attachment":[{"href":"https:\/\/rawgroup.org\/index.php?rest_route=%2Fwp%2Fv2%2Fmedia&parent=15795"}],"wp:term":[{"taxonomy":"product_brand","embeddable":true,"href":"https:\/\/rawgroup.org\/index.php?rest_route=%2Fwp%2Fv2%2Fproduct_brand&post=15795"},{"taxonomy":"product_cat","embeddable":true,"href":"https:\/\/rawgroup.org\/index.php?rest_route=%2Fwp%2Fv2%2Fproduct_cat&post=15795"},{"taxonomy":"product_tag","embeddable":true,"href":"https:\/\/rawgroup.org\/index.php?rest_route=%2Fwp%2Fv2%2Fproduct_tag&post=15795"}],"curies":[{"name":"wp","href":"https:\/\/api.w.org\/{rel}","templated":true}]}}