{"id":15793,"date":"2021-03-28T19:48:13","date_gmt":"2021-03-28T17:48:13","guid":{"rendered":"https:\/\/rawgroup.org\/?post_type=product&#038;p=15793"},"modified":"2023-01-24T11:55:06","modified_gmt":"2023-01-24T10:55:06","slug":"avocats-torrox-au-kg","status":"publish","type":"product","link":"https:\/\/rawgroup.org\/?product=avocats-torrox-au-kg","title":{"rendered":"Avocats Insana, 500g"},"content":{"rendered":"<p>L&rsquo;avocat Insana a un go\u00fbt tr\u00e8s prononc\u00e9 avec une texture plus grumeleuse que les autres avocats, d&rsquo;o\u00f9 son surnom : \u00ab\u00a0avocat patate\u00a0\u00bb.<\/p>\n<p>Laiss\u00e9 sur l\u2019arbre beaucoup plus de temps que les avocats du commerce.<\/p>\n","protected":false},"excerpt":{"rendered":"<p>Avocat Insana, le prix au 500g (son surnom : l&rsquo;avocat patate)<br \/>\nLa taille d\u00e9pend de l\u2019arrivage et de la saison<\/p>\n","protected":false},"featured_media":15794,"comment_status":"closed","ping_status":"closed","template":"","meta":[],"product_brand":[],"product_cat":[58,19],"product_tag":[59,60],"class_list":{"0":"post-15793","1":"product","2":"type-product","3":"status-publish","4":"has-post-thumbnail","6":"product_cat-fruits-frais","7":"product_cat-boutique","8":"product_tag-avocat","9":"product_tag-fuerte","10":"product_shipping_class-frais","12":"first","13":"outofstock","14":"shipping-taxable","15":"purchasable","16":"product-type-simple"},"jetpack_sharing_enabled":true,"_links":{"self":[{"href":"https:\/\/rawgroup.org\/index.php?rest_route=\/wp\/v2\/product\/15793","targetHints":{"allow":["GET"]}}],"collection":[{"href":"https:\/\/rawgroup.org\/index.php?rest_route=\/wp\/v2\/product"}],"about":[{"href":"https:\/\/rawgroup.org\/index.php?rest_route=\/wp\/v2\/types\/product"}],"replies":[{"embeddable":true,"href":"https:\/\/rawgroup.org\/index.php?rest_route=%2Fwp%2Fv2%2Fcomments&post=15793"}],"wp:featuredmedia":[{"embeddable":true,"href":"https:\/\/rawgroup.org\/index.php?rest_route=\/wp\/v2\/media\/15794"}],"wp:attachment":[{"href":"https:\/\/rawgroup.org\/index.php?rest_route=%2Fwp%2Fv2%2Fmedia&parent=15793"}],"wp:term":[{"taxonomy":"product_brand","embeddable":true,"href":"https:\/\/rawgroup.org\/index.php?rest_route=%2Fwp%2Fv2%2Fproduct_brand&post=15793"},{"taxonomy":"product_cat","embeddable":true,"href":"https:\/\/rawgroup.org\/index.php?rest_route=%2Fwp%2Fv2%2Fproduct_cat&post=15793"},{"taxonomy":"product_tag","embeddable":true,"href":"https:\/\/rawgroup.org\/index.php?rest_route=%2Fwp%2Fv2%2Fproduct_tag&post=15793"}],"curies":[{"name":"wp","href":"https:\/\/api.w.org\/{rel}","templated":true}]}}