{"id":15536,"date":"2021-03-13T17:45:11","date_gmt":"2021-03-13T16:45:11","guid":{"rendered":"https:\/\/rawgroup.org\/?post_type=product&#038;p=15536"},"modified":"2024-05-13T23:34:11","modified_gmt":"2024-05-13T21:34:11","slug":"pomme-chanteclerc-500g","status":"publish","type":"product","link":"https:\/\/rawgroup.org\/?product=pomme-chanteclerc-500g","title":{"rendered":"Pomme Chanteclerc, 500g"},"content":{"rendered":"<p>La pomme a une forme l\u00e9g\u00e8rement aplatie et une robe tr\u00e8s caract\u00e9ristique, jaune d&rsquo;or, un peu rugueuse parsem\u00e9e de lenticelles qui lui donnent un aspect rustique.<\/p>\n<p>Sa chair ferme et fondante d\u00e9gage une saveur \u00e0 la fois sucr\u00e9e et acidul\u00e9e et surtout tr\u00e8s aromatique. On la place souvent en tr\u00e8s bonne position aussi bien en pomme \u00e0 couteau qu&rsquo;en pomme \u00e0 cuire.<\/p>\n","protected":false},"excerpt":{"rendered":"<p>Pomme Chanteclerc, prix pour 500g<br \/>\norigine France, Aude, sans traitement<\/p>\n","protected":false},"featured_media":15537,"comment_status":"closed","ping_status":"closed","template":"","meta":[],"product_brand":[],"product_cat":[58,19],"product_tag":[162,114],"class_list":{"0":"post-15536","1":"product","2":"type-product","3":"status-publish","4":"has-post-thumbnail","6":"product_cat-fruits-frais","7":"product_cat-boutique","8":"product_tag-chanteclerc","9":"product_tag-pomme","10":"product_shipping_class-frais","12":"first","13":"outofstock","14":"shipping-taxable","15":"purchasable","16":"product-type-simple"},"jetpack_sharing_enabled":true,"_links":{"self":[{"href":"https:\/\/rawgroup.org\/index.php?rest_route=\/wp\/v2\/product\/15536","targetHints":{"allow":["GET"]}}],"collection":[{"href":"https:\/\/rawgroup.org\/index.php?rest_route=\/wp\/v2\/product"}],"about":[{"href":"https:\/\/rawgroup.org\/index.php?rest_route=\/wp\/v2\/types\/product"}],"replies":[{"embeddable":true,"href":"https:\/\/rawgroup.org\/index.php?rest_route=%2Fwp%2Fv2%2Fcomments&post=15536"}],"wp:featuredmedia":[{"embeddable":true,"href":"https:\/\/rawgroup.org\/index.php?rest_route=\/wp\/v2\/media\/15537"}],"wp:attachment":[{"href":"https:\/\/rawgroup.org\/index.php?rest_route=%2Fwp%2Fv2%2Fmedia&parent=15536"}],"wp:term":[{"taxonomy":"product_brand","embeddable":true,"href":"https:\/\/rawgroup.org\/index.php?rest_route=%2Fwp%2Fv2%2Fproduct_brand&post=15536"},{"taxonomy":"product_cat","embeddable":true,"href":"https:\/\/rawgroup.org\/index.php?rest_route=%2Fwp%2Fv2%2Fproduct_cat&post=15536"},{"taxonomy":"product_tag","embeddable":true,"href":"https:\/\/rawgroup.org\/index.php?rest_route=%2Fwp%2Fv2%2Fproduct_tag&post=15536"}],"curies":[{"name":"wp","href":"https:\/\/api.w.org\/{rel}","templated":true}]}}