{"id":15475,"date":"2021-03-08T02:17:16","date_gmt":"2021-03-08T01:17:16","guid":{"rendered":"https:\/\/rawgroup.org\/?post_type=product&#038;p=15475"},"modified":"2024-02-01T13:33:43","modified_gmt":"2024-02-01T12:33:43","slug":"miel-de-thym-1kg","status":"publish","type":"product","link":"https:\/\/rawgroup.org\/?product=miel-de-thym-1kg","title":{"rendered":"Miel de Thym, 1kg"},"content":{"rendered":"<p>Miel de thym, qualit\u00e9 crue, origine Espagne<\/p>\n<p>Miel BiO, non chauff\u00e9e<br \/>\nLes abeilles n\u2019ont pas \u00e9t\u00e9 compl\u00e9ment\u00e9es au sucre <\/p>\n","protected":false},"excerpt":{"rendered":"<p>Miel de thym 1kg, qualit\u00e9 crue, origine Espagne<\/p>\n<p>Miel BiO, non chauff\u00e9e<br \/>\nLes abeilles n\u2019ont pas \u00e9t\u00e9 compl\u00e9ment\u00e9es au sucre <\/p>\n","protected":false},"featured_media":2087,"comment_status":"closed","ping_status":"closed","template":"","meta":[],"product_brand":[],"product_cat":[24],"product_tag":[150,149,156],"class_list":{"0":"post-15475","1":"product","2":"type-product","3":"status-publish","4":"has-post-thumbnail","6":"product_cat-miels","7":"product_tag-fleur","8":"product_tag-miel","9":"product_tag-thym","10":"product_shipping_class-sec","12":"first","13":"outofstock","14":"shipping-taxable","15":"purchasable","16":"product-type-simple"},"jetpack_sharing_enabled":true,"_links":{"self":[{"href":"https:\/\/rawgroup.org\/index.php?rest_route=\/wp\/v2\/product\/15475","targetHints":{"allow":["GET"]}}],"collection":[{"href":"https:\/\/rawgroup.org\/index.php?rest_route=\/wp\/v2\/product"}],"about":[{"href":"https:\/\/rawgroup.org\/index.php?rest_route=\/wp\/v2\/types\/product"}],"replies":[{"embeddable":true,"href":"https:\/\/rawgroup.org\/index.php?rest_route=%2Fwp%2Fv2%2Fcomments&post=15475"}],"wp:featuredmedia":[{"embeddable":true,"href":"https:\/\/rawgroup.org\/index.php?rest_route=\/wp\/v2\/media\/2087"}],"wp:attachment":[{"href":"https:\/\/rawgroup.org\/index.php?rest_route=%2Fwp%2Fv2%2Fmedia&parent=15475"}],"wp:term":[{"taxonomy":"product_brand","embeddable":true,"href":"https:\/\/rawgroup.org\/index.php?rest_route=%2Fwp%2Fv2%2Fproduct_brand&post=15475"},{"taxonomy":"product_cat","embeddable":true,"href":"https:\/\/rawgroup.org\/index.php?rest_route=%2Fwp%2Fv2%2Fproduct_cat&post=15475"},{"taxonomy":"product_tag","embeddable":true,"href":"https:\/\/rawgroup.org\/index.php?rest_route=%2Fwp%2Fv2%2Fproduct_tag&post=15475"}],"curies":[{"name":"wp","href":"https:\/\/api.w.org\/{rel}","templated":true}]}}