{"id":15466,"date":"2021-03-08T01:52:14","date_gmt":"2021-03-08T00:52:14","guid":{"rendered":"https:\/\/rawgroup.org\/?post_type=product&#038;p=15466"},"modified":"2024-10-09T08:33:42","modified_gmt":"2024-10-09T06:33:42","slug":"mandarine-aromatique-au-500g","status":"publish","type":"product","link":"https:\/\/rawgroup.org\/?product=mandarine-aromatique-au-500g","title":{"rendered":"Mandarine aromatique au 500g"},"content":{"rendered":"<p>Les mandarines aromatiques sont d\u00e9salt\u00e9rantes, tonifiantes, stimulent le transit intestinal, et sont source d&rsquo;antioxydants.<br \/>\nLa mandarine aromatique, contrairement \u00e0 la cl\u00e9mentine, est un fruit ancien, tr\u00e8s parfum\u00e9. Elle contient des p\u00e9pins. <\/p>\n","protected":false},"excerpt":{"rendered":"<p>Mandarine aromatique, Origine Espagne, Andalousie, sans traitement, prix pour 500g<br \/>\nTaille et vari\u00e9t\u00e9 en fonction de l&#8217;arrivage et de la saison<\/p>\n","protected":false},"featured_media":15467,"comment_status":"closed","ping_status":"closed","template":"","meta":[],"product_brand":[],"product_cat":[58,19],"product_tag":[147,148,82,146],"class_list":{"0":"post-15466","1":"product","2":"type-product","3":"status-publish","4":"has-post-thumbnail","6":"product_cat-fruits-frais","7":"product_cat-boutique","8":"product_tag-aromatique","9":"product_tag-castillane","10":"product_tag-clementine","11":"product_tag-mandarine","12":"product_shipping_class-frais","14":"first","15":"outofstock","16":"shipping-taxable","17":"purchasable","18":"product-type-simple"},"jetpack_sharing_enabled":true,"_links":{"self":[{"href":"https:\/\/rawgroup.org\/index.php?rest_route=\/wp\/v2\/product\/15466","targetHints":{"allow":["GET"]}}],"collection":[{"href":"https:\/\/rawgroup.org\/index.php?rest_route=\/wp\/v2\/product"}],"about":[{"href":"https:\/\/rawgroup.org\/index.php?rest_route=\/wp\/v2\/types\/product"}],"replies":[{"embeddable":true,"href":"https:\/\/rawgroup.org\/index.php?rest_route=%2Fwp%2Fv2%2Fcomments&post=15466"}],"wp:featuredmedia":[{"embeddable":true,"href":"https:\/\/rawgroup.org\/index.php?rest_route=\/wp\/v2\/media\/15467"}],"wp:attachment":[{"href":"https:\/\/rawgroup.org\/index.php?rest_route=%2Fwp%2Fv2%2Fmedia&parent=15466"}],"wp:term":[{"taxonomy":"product_brand","embeddable":true,"href":"https:\/\/rawgroup.org\/index.php?rest_route=%2Fwp%2Fv2%2Fproduct_brand&post=15466"},{"taxonomy":"product_cat","embeddable":true,"href":"https:\/\/rawgroup.org\/index.php?rest_route=%2Fwp%2Fv2%2Fproduct_cat&post=15466"},{"taxonomy":"product_tag","embeddable":true,"href":"https:\/\/rawgroup.org\/index.php?rest_route=%2Fwp%2Fv2%2Fproduct_tag&post=15466"}],"curies":[{"name":"wp","href":"https:\/\/api.w.org\/{rel}","templated":true}]}}