{"id":13763,"date":"2020-05-03T19:11:59","date_gmt":"2020-05-03T17:11:59","guid":{"rendered":"https:\/\/rawgroup.org\/?post_type=product&#038;p=13763"},"modified":"2022-05-10T08:13:02","modified_gmt":"2022-05-10T06:13:02","slug":"celeri-banche-la-botte-de-500g","status":"publish","type":"product","link":"https:\/\/rawgroup.org\/?product=celeri-banche-la-botte-de-500g","title":{"rendered":"C\u00e9leri banche, les 500g"},"content":{"rendered":"<p>Reconnu comme \u00e9tant diur\u00e9tique, il est aussi l&rsquo;un des aliments les moins caloriques qui soient.<br \/>\nAutre atout : sa richesse en antioxydants.<\/p>\n","protected":false},"excerpt":{"rendered":"<p>Celeri branche, origine Espagne, Andalousie, prix pour 500g<\/p>\n","protected":false},"featured_media":13764,"comment_status":"closed","ping_status":"closed","template":"","meta":[],"product_brand":[],"product_cat":[58,19],"product_tag":[121,120],"class_list":{"0":"post-13763","1":"product","2":"type-product","3":"status-publish","4":"has-post-thumbnail","6":"product_cat-fruits-frais","7":"product_cat-boutique","8":"product_tag-branche","9":"product_tag-celeri","10":"product_shipping_class-frais","12":"first","13":"outofstock","14":"shipping-taxable","15":"purchasable","16":"product-type-simple"},"jetpack_sharing_enabled":true,"_links":{"self":[{"href":"https:\/\/rawgroup.org\/index.php?rest_route=\/wp\/v2\/product\/13763","targetHints":{"allow":["GET"]}}],"collection":[{"href":"https:\/\/rawgroup.org\/index.php?rest_route=\/wp\/v2\/product"}],"about":[{"href":"https:\/\/rawgroup.org\/index.php?rest_route=\/wp\/v2\/types\/product"}],"replies":[{"embeddable":true,"href":"https:\/\/rawgroup.org\/index.php?rest_route=%2Fwp%2Fv2%2Fcomments&post=13763"}],"wp:featuredmedia":[{"embeddable":true,"href":"https:\/\/rawgroup.org\/index.php?rest_route=\/wp\/v2\/media\/13764"}],"wp:attachment":[{"href":"https:\/\/rawgroup.org\/index.php?rest_route=%2Fwp%2Fv2%2Fmedia&parent=13763"}],"wp:term":[{"taxonomy":"product_brand","embeddable":true,"href":"https:\/\/rawgroup.org\/index.php?rest_route=%2Fwp%2Fv2%2Fproduct_brand&post=13763"},{"taxonomy":"product_cat","embeddable":true,"href":"https:\/\/rawgroup.org\/index.php?rest_route=%2Fwp%2Fv2%2Fproduct_cat&post=13763"},{"taxonomy":"product_tag","embeddable":true,"href":"https:\/\/rawgroup.org\/index.php?rest_route=%2Fwp%2Fv2%2Fproduct_tag&post=13763"}],"curies":[{"name":"wp","href":"https:\/\/api.w.org\/{rel}","templated":true}]}}