{"id":13697,"date":"2020-04-28T12:53:08","date_gmt":"2020-04-28T10:53:08","guid":{"rendered":"https:\/\/rawgroup.org\/?post_type=product&#038;p=13697"},"modified":"2021-03-25T23:52:46","modified_gmt":"2021-03-25T22:52:46","slug":"sac-a-lait-vegetal","status":"publish","type":"product","link":"https:\/\/rawgroup.org\/?product=sac-a-lait-vegetal","title":{"rendered":"Sac \u00e0 lait v\u00e9g\u00e9tal"},"content":{"rendered":"<p>R\u00e9alisez votre lait v\u00e9g\u00e9tal !<br \/>\nCe sac permet de filtrer du lait v\u00e9g\u00e9tal. Il est en polyester, une mati\u00e8re imputrescible, lavable et d&rsquo;une grande r\u00e9sistance.<\/p>\n<p>Il peut \u00eatre utilis\u00e9 pour plusieurs usages :<\/p>\n<p>&#8211; pour pr\u00e9parer des laits v\u00e9g\u00e9taux ;<br \/>\n&#8211; pour filtrer des jus de fruits ou de l\u00e9gume ;<br \/>\n&#8211; pour filtrer des confitures et les rendre plus lisses.<br \/>\nEn polyester, il pr\u00e9sente de nombreux avantages, \u00e9tant r\u00e9utilisable \u00e0 volont\u00e9 et lavable en machine. Son maillage tr\u00e8s fin lui assure une excellente qualit\u00e9 de filtration.<\/p>\n<p>Tr\u00e8s r\u00e9sistant, vous pourrez le presser fortement de sorte \u00e0 en extraire tout le liquide de la p\u00e2te de fruit r\u00e9siduelle.<\/p>\n<p>Comment utiliser un sac \u00e0 lait v\u00e9g\u00e9tal ?<br \/>\nPour r\u00e9aliser un lait v\u00e9g\u00e9tal, il vous faudra utiliser un blender, des fruits \u00e0 coque (ol\u00e9agineux) tels que des amandes, noix, noix de cajou, noix de macadamia, noisettes, ou chufa (souchet), graines de tournesol ou encore de courge.<\/p>\n<p>Faites tremper pendant 8 \u00e0 12 heures vos fruits \u00e0 coque avec de l&rsquo;eau id\u00e9alement min\u00e9rale. Retirez l&rsquo;eau et placez les fruits dans votre blender, puis ajoutez de l&rsquo;eau. Il faudra compter 5 \u00e0 7 volumes d&rsquo;eau pour un volume de fruits. Par exemple, utilisez un litre d&rsquo;eau pour 150-200 grammes d&rsquo;amandes.<\/p>\n<p>Mixez alors longuement le tout \u00e0 pleine vitesse pendant 3 \u00e0 4 minutes. Placez le sac \u00e0 lait dans votre r\u00e9cipient, et versez le contenu du blender dans le sac, puis pressez le sac le plus fortement possible pour en extraire tout le liquide.<\/p>\n<p>Vous pourrez ainsi profiter d&rsquo;un d\u00e9licieux lait v\u00e9g\u00e9tal maison, auquel vous pourrez ajouter \u00e0 loisir un peu de sucre de coco ou du miel, ou bien s\u00fbr nature !<\/p>\n<p>Quant \u00e0 la pulpe des fruits, vous pourrez la r\u00e9utiliser pour r\u00e9aliser des g\u00e2teaux (cookies, p\u00e2tes sabl\u00e9es&#8230;) ou encore, si vous poss\u00e9dez un d\u00e9shydrateur, la faire compl\u00e8tement s\u00e9cher pour la r\u00e9utiliser dans le futur.<\/p>\n","protected":false},"excerpt":{"rendered":"<p>R\u00e9alisez de d\u00e9licieux laits v\u00e9g\u00e9taux \u00e0 l&rsquo;aide de ce sac en polyester, tr\u00e8s r\u00e9sistant, qui vous permettra de filtrer et presser les fruits \u00e0 coque mix\u00e9s pour en extraire le liquide. Indispensable pour qui aime le lait d&rsquo;amande ou de noisette ou l&rsquo;horchata !<\/p>\n","protected":false},"featured_media":13698,"comment_status":"closed","ping_status":"closed","template":"","meta":[],"product_brand":[],"product_cat":[45,18],"product_tag":[118,117,116,119],"class_list":{"0":"post-13697","1":"product","2":"type-product","3":"status-publish","4":"has-post-thumbnail","6":"product_cat-ustensiles","7":"product_cat-oleagineux-decortiques","8":"product_tag-chufa","9":"product_tag-horchata","10":"product_tag-sac-a-lait","11":"product_tag-souchet","12":"product_shipping_class-sec","14":"first","15":"outofstock","16":"shipping-taxable","17":"purchasable","18":"product-type-simple"},"jetpack_sharing_enabled":true,"_links":{"self":[{"href":"https:\/\/rawgroup.org\/index.php?rest_route=\/wp\/v2\/product\/13697","targetHints":{"allow":["GET"]}}],"collection":[{"href":"https:\/\/rawgroup.org\/index.php?rest_route=\/wp\/v2\/product"}],"about":[{"href":"https:\/\/rawgroup.org\/index.php?rest_route=\/wp\/v2\/types\/product"}],"replies":[{"embeddable":true,"href":"https:\/\/rawgroup.org\/index.php?rest_route=%2Fwp%2Fv2%2Fcomments&post=13697"}],"wp:featuredmedia":[{"embeddable":true,"href":"https:\/\/rawgroup.org\/index.php?rest_route=\/wp\/v2\/media\/13698"}],"wp:attachment":[{"href":"https:\/\/rawgroup.org\/index.php?rest_route=%2Fwp%2Fv2%2Fmedia&parent=13697"}],"wp:term":[{"taxonomy":"product_brand","embeddable":true,"href":"https:\/\/rawgroup.org\/index.php?rest_route=%2Fwp%2Fv2%2Fproduct_brand&post=13697"},{"taxonomy":"product_cat","embeddable":true,"href":"https:\/\/rawgroup.org\/index.php?rest_route=%2Fwp%2Fv2%2Fproduct_cat&post=13697"},{"taxonomy":"product_tag","embeddable":true,"href":"https:\/\/rawgroup.org\/index.php?rest_route=%2Fwp%2Fv2%2Fproduct_tag&post=13697"}],"curies":[{"name":"wp","href":"https:\/\/api.w.org\/{rel}","templated":true}]}}