{"id":1345,"date":"2019-06-25T21:19:32","date_gmt":"2019-06-25T19:19:32","guid":{"rendered":"http:\/\/rawgroup.org\/?post_type=product&#038;p=1345"},"modified":"2024-12-30T11:14:34","modified_gmt":"2024-12-30T10:14:34","slug":"pistaches-decortiquees","status":"publish","type":"product","link":"https:\/\/rawgroup.org\/?product=pistaches-decortiquees","title":{"rendered":"Pistaches d\u00e9cortiqu\u00e9es, 100g"},"content":{"rendered":"<p>Pistaches d\u00e9cortiqu\u00e9es, qualit\u00e9 crue, origine Espagne<\/p>\n","protected":false},"excerpt":{"rendered":"<p>Pistaches d\u00e9cortiqu\u00e9es, qualit\u00e9 crue, origine Espagne<\/p>\n","protected":false},"featured_media":1350,"comment_status":"closed","ping_status":"closed","template":"","meta":[],"product_brand":[],"product_cat":[18],"product_tag":[],"class_list":{"0":"post-1345","1":"product","2":"type-product","3":"status-publish","4":"has-post-thumbnail","6":"product_cat-oleagineux-decortiques","7":"product_shipping_class-sec","9":"first","10":"onbackorder","11":"shipping-taxable","12":"purchasable","13":"product-type-simple"},"jetpack_sharing_enabled":true,"_links":{"self":[{"href":"https:\/\/rawgroup.org\/index.php?rest_route=\/wp\/v2\/product\/1345","targetHints":{"allow":["GET"]}}],"collection":[{"href":"https:\/\/rawgroup.org\/index.php?rest_route=\/wp\/v2\/product"}],"about":[{"href":"https:\/\/rawgroup.org\/index.php?rest_route=\/wp\/v2\/types\/product"}],"replies":[{"embeddable":true,"href":"https:\/\/rawgroup.org\/index.php?rest_route=%2Fwp%2Fv2%2Fcomments&post=1345"}],"wp:featuredmedia":[{"embeddable":true,"href":"https:\/\/rawgroup.org\/index.php?rest_route=\/wp\/v2\/media\/1350"}],"wp:attachment":[{"href":"https:\/\/rawgroup.org\/index.php?rest_route=%2Fwp%2Fv2%2Fmedia&parent=1345"}],"wp:term":[{"taxonomy":"product_brand","embeddable":true,"href":"https:\/\/rawgroup.org\/index.php?rest_route=%2Fwp%2Fv2%2Fproduct_brand&post=1345"},{"taxonomy":"product_cat","embeddable":true,"href":"https:\/\/rawgroup.org\/index.php?rest_route=%2Fwp%2Fv2%2Fproduct_cat&post=1345"},{"taxonomy":"product_tag","embeddable":true,"href":"https:\/\/rawgroup.org\/index.php?rest_route=%2Fwp%2Fv2%2Fproduct_tag&post=1345"}],"curies":[{"name":"wp","href":"https:\/\/api.w.org\/{rel}","templated":true}]}}