{"id":13430,"date":"2020-04-12T13:40:43","date_gmt":"2020-04-12T11:40:43","guid":{"rendered":"https:\/\/rawgroup.org\/?post_type=product&#038;p=13430"},"modified":"2021-09-26T15:44:48","modified_gmt":"2021-09-26T13:44:48","slug":"nefles-du-japon-bibasse-les-100g","status":"publish","type":"product","link":"https:\/\/rawgroup.org\/?product=nefles-du-japon-bibasse-les-100g","title":{"rendered":"N\u00e8fles du Japon (bibasse), les 100g"},"content":{"rendered":"<p>C&rsquo;est un fruit charnu de taille moyenne, de 3 \u00e0 7 cm de long, de forme g\u00e9n\u00e9rale ovo\u00efde, \u00e0 peau lisse, l\u00e9g\u00e8rement duvet\u00e9e, un peu r\u00e9sistante, de couleur jaune orang\u00e9 \u00e0 maturit\u00e9.<br \/>\nLa chair est tr\u00e8s juteuse, fra\u00eeche, de saveur l\u00e9g\u00e8rement acidul\u00e9e et de couleur variant du blanc \u00e0 l&rsquo;orang\u00e9. Sur le plan botanique c&rsquo;est une baie.<br \/>\nIl contient des noyaux, en r\u00e9alit\u00e9 des p\u00e9pins assez volumineux, au nombre de 4 \u00e0 5, parfois moins du fait de l&rsquo;avortement de certains ovules. Ces noyaux contiennent de l&rsquo;acide cyanhydrique1.<br \/>\nLes n\u00e8fles du Japon arrivent \u00e0 maturit\u00e9 au printemps. Les arbres fleurissant en hiver, la maturation intervient au printemps plus ou moins t\u00f4t.<\/p>\n","protected":false},"excerpt":{"rendered":"<p>N\u00e8fle du japon, origine Espagne, prix pour 100g<\/p>\n","protected":false},"featured_media":13431,"comment_status":"closed","ping_status":"closed","template":"","meta":[],"product_brand":[],"product_cat":[58,19],"product_tag":[],"class_list":{"0":"post-13430","1":"product","2":"type-product","3":"status-publish","4":"has-post-thumbnail","6":"product_cat-fruits-frais","7":"product_cat-boutique","8":"product_shipping_class-frais","10":"first","11":"outofstock","12":"shipping-taxable","13":"purchasable","14":"product-type-simple"},"jetpack_sharing_enabled":true,"_links":{"self":[{"href":"https:\/\/rawgroup.org\/index.php?rest_route=\/wp\/v2\/product\/13430","targetHints":{"allow":["GET"]}}],"collection":[{"href":"https:\/\/rawgroup.org\/index.php?rest_route=\/wp\/v2\/product"}],"about":[{"href":"https:\/\/rawgroup.org\/index.php?rest_route=\/wp\/v2\/types\/product"}],"replies":[{"embeddable":true,"href":"https:\/\/rawgroup.org\/index.php?rest_route=%2Fwp%2Fv2%2Fcomments&post=13430"}],"wp:featuredmedia":[{"embeddable":true,"href":"https:\/\/rawgroup.org\/index.php?rest_route=\/wp\/v2\/media\/13431"}],"wp:attachment":[{"href":"https:\/\/rawgroup.org\/index.php?rest_route=%2Fwp%2Fv2%2Fmedia&parent=13430"}],"wp:term":[{"taxonomy":"product_brand","embeddable":true,"href":"https:\/\/rawgroup.org\/index.php?rest_route=%2Fwp%2Fv2%2Fproduct_brand&post=13430"},{"taxonomy":"product_cat","embeddable":true,"href":"https:\/\/rawgroup.org\/index.php?rest_route=%2Fwp%2Fv2%2Fproduct_cat&post=13430"},{"taxonomy":"product_tag","embeddable":true,"href":"https:\/\/rawgroup.org\/index.php?rest_route=%2Fwp%2Fv2%2Fproduct_tag&post=13430"}],"curies":[{"name":"wp","href":"https:\/\/api.w.org\/{rel}","templated":true}]}}