{"id":13368,"date":"2020-04-05T18:29:59","date_gmt":"2020-04-05T16:29:59","guid":{"rendered":"http:\/\/rawgroup.org\/?post_type=product&#038;p=13368"},"modified":"2024-05-13T23:34:31","modified_gmt":"2024-05-13T21:34:31","slug":"pomme-fuji-500g","status":"publish","type":"product","link":"https:\/\/rawgroup.org\/?product=pomme-fuji-500g","title":{"rendered":"Pomme Fuji, 500g"},"content":{"rendered":"<p>Sa chair blanche est fine et tendre. Elle est tr\u00e8s juteuse, peu acidul\u00e9e et bien sucr\u00e9e. Les amateurs l&rsquo;appr\u00e9cient pour sa souplesse, sa douceur sans \u00e9gal et son c\u00f4t\u00e9 tr\u00e8s rafra\u00eechissant.<br \/>\nA d\u00e9couvrir sans plus attendre.<\/p>\n","protected":false},"excerpt":{"rendered":"<p>Pomme Fuji, prix pour 500g<br \/>\norigine France, sans traitement<\/p>\n","protected":false},"featured_media":13369,"comment_status":"closed","ping_status":"closed","template":"","meta":[],"product_brand":[],"product_cat":[58,19],"product_tag":[115,114],"class_list":{"0":"post-13368","1":"product","2":"type-product","3":"status-publish","4":"has-post-thumbnail","6":"product_cat-fruits-frais","7":"product_cat-boutique","8":"product_tag-fuji","9":"product_tag-pomme","10":"product_shipping_class-frais","12":"first","13":"outofstock","14":"shipping-taxable","15":"purchasable","16":"product-type-simple"},"jetpack_sharing_enabled":true,"_links":{"self":[{"href":"https:\/\/rawgroup.org\/index.php?rest_route=\/wp\/v2\/product\/13368","targetHints":{"allow":["GET"]}}],"collection":[{"href":"https:\/\/rawgroup.org\/index.php?rest_route=\/wp\/v2\/product"}],"about":[{"href":"https:\/\/rawgroup.org\/index.php?rest_route=\/wp\/v2\/types\/product"}],"replies":[{"embeddable":true,"href":"https:\/\/rawgroup.org\/index.php?rest_route=%2Fwp%2Fv2%2Fcomments&post=13368"}],"wp:featuredmedia":[{"embeddable":true,"href":"https:\/\/rawgroup.org\/index.php?rest_route=\/wp\/v2\/media\/13369"}],"wp:attachment":[{"href":"https:\/\/rawgroup.org\/index.php?rest_route=%2Fwp%2Fv2%2Fmedia&parent=13368"}],"wp:term":[{"taxonomy":"product_brand","embeddable":true,"href":"https:\/\/rawgroup.org\/index.php?rest_route=%2Fwp%2Fv2%2Fproduct_brand&post=13368"},{"taxonomy":"product_cat","embeddable":true,"href":"https:\/\/rawgroup.org\/index.php?rest_route=%2Fwp%2Fv2%2Fproduct_cat&post=13368"},{"taxonomy":"product_tag","embeddable":true,"href":"https:\/\/rawgroup.org\/index.php?rest_route=%2Fwp%2Fv2%2Fproduct_tag&post=13368"}],"curies":[{"name":"wp","href":"https:\/\/api.w.org\/{rel}","templated":true}]}}