{"id":12950,"date":"2020-03-25T15:27:05","date_gmt":"2020-03-25T14:27:05","guid":{"rendered":"http:\/\/rawgroup.org\/?post_type=product&#038;p=12950"},"modified":"2025-06-12T22:23:10","modified_gmt":"2025-06-12T20:23:10","slug":"coco-fraiche-pagode-piece","status":"publish","type":"product","link":"https:\/\/rawgroup.org\/?product=coco-fraiche-pagode-piece","title":{"rendered":"Coco fra\u00eeche Pagode, pi\u00e8ce"},"content":{"rendered":"<p>Noix de coco jeune Pagode<br \/>\nCette noix de coco (de couleur blanche) n\u2019a rien \u00e0 voir avec la traditionnelle noix de coco mature (de couleur brune).<br \/>\nSon jus est plus doux et abondant, sa chair est plus fine, plus tendre et moins grasse.<\/p>\n<p>Pauvre en calories et tr\u00e8s riche en sels min\u00e9raux \u00e9lectrolytes et en vitamines, la noix de coco jeune a de nombreuses vertues reconnues sur la sant\u00e9. Elle est notamment recommand\u00e9e pour renforcer le syst\u00e8me cardio-vasculaire, le syst\u00e8me digestif et est excellente pour garder la ligne.<br \/>\nVous allez adorer son jus appel\u00e9 \u201ceau de coco\u201d. L\u2019eau de coco est isotonique, abondante, fra\u00eeche, bien sucr\u00e9e et vitalisante.<\/p>\n<p>Vous pouvez la d\u00e9guster nature, d\u2019abord le jus puis la chair, ou sous forme de lait en mixant le jus \u00e0 la chair. Elle convient parfaitement pour des smoothies (s\u2019accommode tr\u00e8s bien avec de nombreux fruits, l\u00e9gumes et noix).<\/p>\n<p>\u00c0 placer au r\u00e9frig\u00e9rateur d\u00e8s la r\u00e9ception, o\u00f9 elle se conserve jusqu\u2019\u00e0 2 \u00e0 3 semaines.<\/p>\n","protected":false},"excerpt":{"rendered":"<p>Coco fra\u00eeche Pagode jeune, prix \u00e0 la pi\u00e8ce<br \/>\norigine Tha\u00eflande<\/p>\n","protected":false},"featured_media":12951,"comment_status":"closed","ping_status":"closed","template":"","meta":[],"product_brand":[],"product_cat":[58,19],"product_tag":[107,102,108],"class_list":{"0":"post-12950","1":"product","2":"type-product","3":"status-publish","4":"has-post-thumbnail","6":"product_cat-fruits-frais","7":"product_cat-boutique","8":"product_tag-coco","9":"product_tag-fraiche","10":"product_tag-pagode","11":"product_shipping_class-frais","13":"first","14":"onbackorder","15":"featured","16":"shipping-taxable","17":"purchasable","18":"product-type-simple"},"jetpack_sharing_enabled":true,"_links":{"self":[{"href":"https:\/\/rawgroup.org\/index.php?rest_route=\/wp\/v2\/product\/12950","targetHints":{"allow":["GET"]}}],"collection":[{"href":"https:\/\/rawgroup.org\/index.php?rest_route=\/wp\/v2\/product"}],"about":[{"href":"https:\/\/rawgroup.org\/index.php?rest_route=\/wp\/v2\/types\/product"}],"replies":[{"embeddable":true,"href":"https:\/\/rawgroup.org\/index.php?rest_route=%2Fwp%2Fv2%2Fcomments&post=12950"}],"wp:featuredmedia":[{"embeddable":true,"href":"https:\/\/rawgroup.org\/index.php?rest_route=\/wp\/v2\/media\/12951"}],"wp:attachment":[{"href":"https:\/\/rawgroup.org\/index.php?rest_route=%2Fwp%2Fv2%2Fmedia&parent=12950"}],"wp:term":[{"taxonomy":"product_brand","embeddable":true,"href":"https:\/\/rawgroup.org\/index.php?rest_route=%2Fwp%2Fv2%2Fproduct_brand&post=12950"},{"taxonomy":"product_cat","embeddable":true,"href":"https:\/\/rawgroup.org\/index.php?rest_route=%2Fwp%2Fv2%2Fproduct_cat&post=12950"},{"taxonomy":"product_tag","embeddable":true,"href":"https:\/\/rawgroup.org\/index.php?rest_route=%2Fwp%2Fv2%2Fproduct_tag&post=12950"}],"curies":[{"name":"wp","href":"https:\/\/api.w.org\/{rel}","templated":true}]}}