{"id":12925,"date":"2020-03-25T14:28:29","date_gmt":"2020-03-25T13:28:29","guid":{"rendered":"http:\/\/rawgroup.org\/?post_type=product&#038;p=12925"},"modified":"2022-05-10T08:13:02","modified_gmt":"2022-05-10T06:13:02","slug":"feuille-de-rosee-les-100g","status":"publish","type":"product","link":"https:\/\/rawgroup.org\/?product=feuille-de-rosee-les-100g","title":{"rendered":"Feuille de ros\u00e9e, les 100g"},"content":{"rendered":"<p>Les feuilles de la fico\u00efde glaciale sont l\u00e9g\u00e8rement acidul\u00e9es, tr\u00e8s agr\u00e9ables au go\u00fbt elles se consomment crues en salade.<\/p>\n","protected":false},"excerpt":{"rendered":"<p>Feuille de ros\u00e9e, origine Galice, Espagne, prix pour 100g<\/p>\n","protected":false},"featured_media":12938,"comment_status":"closed","ping_status":"closed","template":"","meta":[],"product_brand":[],"product_cat":[58,19],"product_tag":[112,113,141],"class_list":{"0":"post-12925","1":"product","2":"type-product","3":"status-publish","4":"has-post-thumbnail","6":"product_cat-fruits-frais","7":"product_cat-boutique","8":"product_tag-feuille-de-rosee","9":"product_tag-ficoide","10":"product_tag-glacial","11":"product_shipping_class-frais","13":"first","14":"outofstock","15":"shipping-taxable","16":"purchasable","17":"product-type-simple"},"jetpack_sharing_enabled":true,"_links":{"self":[{"href":"https:\/\/rawgroup.org\/index.php?rest_route=\/wp\/v2\/product\/12925","targetHints":{"allow":["GET"]}}],"collection":[{"href":"https:\/\/rawgroup.org\/index.php?rest_route=\/wp\/v2\/product"}],"about":[{"href":"https:\/\/rawgroup.org\/index.php?rest_route=\/wp\/v2\/types\/product"}],"replies":[{"embeddable":true,"href":"https:\/\/rawgroup.org\/index.php?rest_route=%2Fwp%2Fv2%2Fcomments&post=12925"}],"wp:featuredmedia":[{"embeddable":true,"href":"https:\/\/rawgroup.org\/index.php?rest_route=\/wp\/v2\/media\/12938"}],"wp:attachment":[{"href":"https:\/\/rawgroup.org\/index.php?rest_route=%2Fwp%2Fv2%2Fmedia&parent=12925"}],"wp:term":[{"taxonomy":"product_brand","embeddable":true,"href":"https:\/\/rawgroup.org\/index.php?rest_route=%2Fwp%2Fv2%2Fproduct_brand&post=12925"},{"taxonomy":"product_cat","embeddable":true,"href":"https:\/\/rawgroup.org\/index.php?rest_route=%2Fwp%2Fv2%2Fproduct_cat&post=12925"},{"taxonomy":"product_tag","embeddable":true,"href":"https:\/\/rawgroup.org\/index.php?rest_route=%2Fwp%2Fv2%2Fproduct_tag&post=12925"}],"curies":[{"name":"wp","href":"https:\/\/api.w.org\/{rel}","templated":true}]}}