{"id":12924,"date":"2020-03-25T14:28:14","date_gmt":"2020-03-25T13:28:14","guid":{"rendered":"http:\/\/rawgroup.org\/?post_type=product&#038;p=12924"},"modified":"2023-05-07T23:40:12","modified_gmt":"2023-05-07T21:40:12","slug":"algues-rameaux-de-mer-les-100g","status":"publish","type":"product","link":"https:\/\/rawgroup.org\/?product=algues-rameaux-de-mer-les-100g","title":{"rendered":"Algues Rameaux de mer, les 100g"},"content":{"rendered":"<p>Comment les manger ? Tout simplement crues comme ingr\u00e9dient dans les salades, ou ajout\u00e9es au plats de riz, omelettes etc. Elles sont \u00e9galement utilis\u00e9s dans la pr\u00e9paration de soupes, les cr\u00e8mes et les sauces. Accompagnement des plats de fruits de mer, poisson ou de viande; et m\u00eame la pr\u00e9paration de desserts et de th\u00e9s.<\/p>\n","protected":false},"excerpt":{"rendered":"<p>Algues Rameaux de mer, origine Espagne, Galice, prix pour 100g<\/p>\n","protected":false},"featured_media":12935,"comment_status":"closed","ping_status":"closed","template":"","meta":[],"product_brand":[],"product_cat":[58,19],"product_tag":[105,104,103,106],"class_list":{"0":"post-12924","1":"product","2":"type-product","3":"status-publish","4":"has-post-thumbnail","6":"product_cat-fruits-frais","7":"product_cat-boutique","8":"product_tag-algue","9":"product_tag-mar","10":"product_tag-ramallo","11":"product_tag-rameaux","12":"product_shipping_class-frais","14":"first","15":"outofstock","16":"shipping-taxable","17":"purchasable","18":"product-type-simple"},"jetpack_sharing_enabled":true,"_links":{"self":[{"href":"https:\/\/rawgroup.org\/index.php?rest_route=\/wp\/v2\/product\/12924","targetHints":{"allow":["GET"]}}],"collection":[{"href":"https:\/\/rawgroup.org\/index.php?rest_route=\/wp\/v2\/product"}],"about":[{"href":"https:\/\/rawgroup.org\/index.php?rest_route=\/wp\/v2\/types\/product"}],"replies":[{"embeddable":true,"href":"https:\/\/rawgroup.org\/index.php?rest_route=%2Fwp%2Fv2%2Fcomments&post=12924"}],"wp:featuredmedia":[{"embeddable":true,"href":"https:\/\/rawgroup.org\/index.php?rest_route=\/wp\/v2\/media\/12935"}],"wp:attachment":[{"href":"https:\/\/rawgroup.org\/index.php?rest_route=%2Fwp%2Fv2%2Fmedia&parent=12924"}],"wp:term":[{"taxonomy":"product_brand","embeddable":true,"href":"https:\/\/rawgroup.org\/index.php?rest_route=%2Fwp%2Fv2%2Fproduct_brand&post=12924"},{"taxonomy":"product_cat","embeddable":true,"href":"https:\/\/rawgroup.org\/index.php?rest_route=%2Fwp%2Fv2%2Fproduct_cat&post=12924"},{"taxonomy":"product_tag","embeddable":true,"href":"https:\/\/rawgroup.org\/index.php?rest_route=%2Fwp%2Fv2%2Fproduct_tag&post=12924"}],"curies":[{"name":"wp","href":"https:\/\/api.w.org\/{rel}","templated":true}]}}