{"id":12919,"date":"2020-03-25T14:25:24","date_gmt":"2020-03-25T13:25:24","guid":{"rendered":"http:\/\/rawgroup.org\/?post_type=product&#038;p=12919"},"modified":"2021-04-09T18:55:39","modified_gmt":"2021-04-09T16:55:39","slug":"fraise-les-500g","status":"publish","type":"product","link":"https:\/\/rawgroup.org\/?product=fraise-les-500g","title":{"rendered":"Fraise, les 500g"},"content":{"rendered":"<p>Les fraises sont peu caloriques (30 kcal pour 100g), et surtout tr\u00e8s riches en vitamines C (c&rsquo;est l&rsquo;un des fruits qui en sont les plus pourvus) et B9, en oligo-\u00e9l\u00e9ments et en antioxydants (gr\u00e2ce aux flavono\u00efdes et \u00e0 l&rsquo;acide ellagique). En outre, des recherches indiquent que des extraits de fraises auraient un effet anti-inflammatoire.<\/p>\n","protected":false},"excerpt":{"rendered":"<p>Fraise, origine Espagne, Andalousie, sans traitement, prix par barquette de 500g<br \/>\nDouces et sucr\u00e9es<br \/>\nProduit non disponible \u00e0 l\u2019exp\u00e9dition,<\/p>\n<p>Uniquement en retrait au march\u00e9.<\/p>\n","protected":false},"featured_media":12921,"comment_status":"closed","ping_status":"closed","template":"","meta":[],"product_brand":[],"product_cat":[58,19],"product_tag":[90],"class_list":{"0":"post-12919","1":"product","2":"type-product","3":"status-publish","4":"has-post-thumbnail","6":"product_cat-fruits-frais","7":"product_cat-boutique","8":"product_tag-fraise","9":"product_shipping_class-frais","11":"first","12":"outofstock","13":"shipping-taxable","14":"purchasable","15":"product-type-simple"},"jetpack_sharing_enabled":true,"_links":{"self":[{"href":"https:\/\/rawgroup.org\/index.php?rest_route=\/wp\/v2\/product\/12919","targetHints":{"allow":["GET"]}}],"collection":[{"href":"https:\/\/rawgroup.org\/index.php?rest_route=\/wp\/v2\/product"}],"about":[{"href":"https:\/\/rawgroup.org\/index.php?rest_route=\/wp\/v2\/types\/product"}],"replies":[{"embeddable":true,"href":"https:\/\/rawgroup.org\/index.php?rest_route=%2Fwp%2Fv2%2Fcomments&post=12919"}],"wp:featuredmedia":[{"embeddable":true,"href":"https:\/\/rawgroup.org\/index.php?rest_route=\/wp\/v2\/media\/12921"}],"wp:attachment":[{"href":"https:\/\/rawgroup.org\/index.php?rest_route=%2Fwp%2Fv2%2Fmedia&parent=12919"}],"wp:term":[{"taxonomy":"product_brand","embeddable":true,"href":"https:\/\/rawgroup.org\/index.php?rest_route=%2Fwp%2Fv2%2Fproduct_brand&post=12919"},{"taxonomy":"product_cat","embeddable":true,"href":"https:\/\/rawgroup.org\/index.php?rest_route=%2Fwp%2Fv2%2Fproduct_cat&post=12919"},{"taxonomy":"product_tag","embeddable":true,"href":"https:\/\/rawgroup.org\/index.php?rest_route=%2Fwp%2Fv2%2Fproduct_tag&post=12919"}],"curies":[{"name":"wp","href":"https:\/\/api.w.org\/{rel}","templated":true}]}}