{"id":12895,"date":"2020-03-25T13:46:56","date_gmt":"2020-03-25T12:46:56","guid":{"rendered":"http:\/\/rawgroup.org\/?post_type=product&#038;p=12895"},"modified":"2025-09-05T14:15:35","modified_gmt":"2025-09-05T12:15:35","slug":"concombre-mini-au-kg","status":"publish","type":"product","link":"https:\/\/rawgroup.org\/?product=concombre-mini-au-kg","title":{"rendered":"Concombre mini, au 100g"},"content":{"rendered":"<p>Ce concombre produit des petits l\u00e9gumes d\u00e9licieux de 10 cm de long seulement.<br \/>\nCette petite vari\u00e9t\u00e9 est tr\u00e8s appr\u00e9ci\u00e9e par les adultes comme par les enfants. Ses qualit\u00e9s gustatives sont excellentes sans aucune amertume. Plus il est petit, moins il contient de graines et plus il est concentr\u00e9 en saveurs !<\/p>\n","protected":false},"excerpt":{"rendered":"<p>Concombre mini, cocktail, origine Espagne, Andalousie, prix pour 100g<br \/>\nTaille selon arrivage <\/p>\n","protected":false},"featured_media":12916,"comment_status":"closed","ping_status":"closed","template":"","meta":[],"product_brand":[],"product_cat":[58,19],"product_tag":[96,97],"class_list":{"0":"post-12895","1":"product","2":"type-product","3":"status-publish","4":"has-post-thumbnail","6":"product_cat-fruits-frais","7":"product_cat-boutique","8":"product_tag-concombre","9":"product_tag-mini","10":"product_shipping_class-frais","12":"first","13":"onbackorder","14":"shipping-taxable","15":"purchasable","16":"product-type-simple"},"jetpack_sharing_enabled":true,"_links":{"self":[{"href":"https:\/\/rawgroup.org\/index.php?rest_route=\/wp\/v2\/product\/12895","targetHints":{"allow":["GET"]}}],"collection":[{"href":"https:\/\/rawgroup.org\/index.php?rest_route=\/wp\/v2\/product"}],"about":[{"href":"https:\/\/rawgroup.org\/index.php?rest_route=\/wp\/v2\/types\/product"}],"replies":[{"embeddable":true,"href":"https:\/\/rawgroup.org\/index.php?rest_route=%2Fwp%2Fv2%2Fcomments&post=12895"}],"wp:featuredmedia":[{"embeddable":true,"href":"https:\/\/rawgroup.org\/index.php?rest_route=\/wp\/v2\/media\/12916"}],"wp:attachment":[{"href":"https:\/\/rawgroup.org\/index.php?rest_route=%2Fwp%2Fv2%2Fmedia&parent=12895"}],"wp:term":[{"taxonomy":"product_brand","embeddable":true,"href":"https:\/\/rawgroup.org\/index.php?rest_route=%2Fwp%2Fv2%2Fproduct_brand&post=12895"},{"taxonomy":"product_cat","embeddable":true,"href":"https:\/\/rawgroup.org\/index.php?rest_route=%2Fwp%2Fv2%2Fproduct_cat&post=12895"},{"taxonomy":"product_tag","embeddable":true,"href":"https:\/\/rawgroup.org\/index.php?rest_route=%2Fwp%2Fv2%2Fproduct_tag&post=12895"}],"curies":[{"name":"wp","href":"https:\/\/api.w.org\/{rel}","templated":true}]}}