{"id":12893,"date":"2020-03-25T13:46:02","date_gmt":"2020-03-25T12:46:02","guid":{"rendered":"http:\/\/rawgroup.org\/?post_type=product&#038;p=12893"},"modified":"2025-10-17T15:38:30","modified_gmt":"2025-10-17T13:38:30","slug":"ananas-par-avion-costa-rica-a-la-piece","status":"publish","type":"product","link":"https:\/\/rawgroup.org\/?product=ananas-par-avion-costa-rica-a-la-piece","title":{"rendered":"Ananas par avion, Costa Rica, \u00e0 la pi\u00e8ce (env. 1.8 &#8211; 2 kg)"},"content":{"rendered":"<p>Source de mangan\u00e8se et de vitamine C, l\u2019ananas est surtout connu pour sa substance active : la brom\u00e9line ou brom\u00e9la\u00efne.<br \/>\nL\u2019ananas est riche en vitamine C et en mangan\u00e8se, aux vertus anti-oxydantes et fournit en plus faibles proportions de nombreux autres micronutriments. La plupart des vertus pour la sant\u00e9 qui lui sont attribu\u00e9es sont en lien avec son apport de brom\u00e9la\u00efne, un complexe d\u2019enzymes permettant notamment de dig\u00e9rer prot\u00e9ines et divers glucides. Pour profiter pleinement de ses bienfaits, il est pr\u00e9f\u00e9rable de le consommer cru. Sucr\u00e9 et juteux, il se pr\u00eate \u00e0 de multiples recettes, de l\u2019ap\u00e9ritif au dessert.<\/p>\n","protected":false},"excerpt":{"rendered":"<p>Ananas, origine Costa Rica, par avion, prix \u00e0 la pi\u00e8ce<br \/>\nLa pi\u00e8ce est d\u2019environ 1.8 \u2013 2 kg, d\u00e9pend de l\u2019arrivage<\/p>\n","protected":false},"featured_media":12910,"comment_status":"closed","ping_status":"closed","template":"","meta":[],"product_brand":[],"product_cat":[58,167,19],"product_tag":[88,67,89],"class_list":{"0":"post-12893","1":"product","2":"type-product","3":"status-publish","4":"has-post-thumbnail","6":"product_cat-fruits-frais","7":"product_cat-promo-de-la-semaine","8":"product_cat-boutique","9":"product_tag-ananas","10":"product_tag-avion","11":"product_tag-costa-rica","12":"product_shipping_class-frais","14":"first","15":"onbackorder","16":"shipping-taxable","17":"purchasable","18":"product-type-simple"},"jetpack_sharing_enabled":true,"_links":{"self":[{"href":"https:\/\/rawgroup.org\/index.php?rest_route=\/wp\/v2\/product\/12893","targetHints":{"allow":["GET"]}}],"collection":[{"href":"https:\/\/rawgroup.org\/index.php?rest_route=\/wp\/v2\/product"}],"about":[{"href":"https:\/\/rawgroup.org\/index.php?rest_route=\/wp\/v2\/types\/product"}],"replies":[{"embeddable":true,"href":"https:\/\/rawgroup.org\/index.php?rest_route=%2Fwp%2Fv2%2Fcomments&post=12893"}],"wp:featuredmedia":[{"embeddable":true,"href":"https:\/\/rawgroup.org\/index.php?rest_route=\/wp\/v2\/media\/12910"}],"wp:attachment":[{"href":"https:\/\/rawgroup.org\/index.php?rest_route=%2Fwp%2Fv2%2Fmedia&parent=12893"}],"wp:term":[{"taxonomy":"product_brand","embeddable":true,"href":"https:\/\/rawgroup.org\/index.php?rest_route=%2Fwp%2Fv2%2Fproduct_brand&post=12893"},{"taxonomy":"product_cat","embeddable":true,"href":"https:\/\/rawgroup.org\/index.php?rest_route=%2Fwp%2Fv2%2Fproduct_cat&post=12893"},{"taxonomy":"product_tag","embeddable":true,"href":"https:\/\/rawgroup.org\/index.php?rest_route=%2Fwp%2Fv2%2Fproduct_tag&post=12893"}],"curies":[{"name":"wp","href":"https:\/\/api.w.org\/{rel}","templated":true}]}}