{"id":12892,"date":"2020-03-25T13:45:37","date_gmt":"2020-03-25T12:45:37","guid":{"rendered":"http:\/\/rawgroup.org\/?post_type=product&#038;p=12892"},"modified":"2022-06-12T20:27:27","modified_gmt":"2022-06-12T18:27:27","slug":"kiwi-au-kg","status":"publish","type":"product","link":"https:\/\/rawgroup.org\/?product=kiwi-au-kg","title":{"rendered":"Kiwi, au 100g"},"content":{"rendered":"<p>Le kiwi est riche en fibres douces (la pectine de ses p\u00e9pins), en sels min\u00e9raux, en carot\u00e8nes et en polyph\u00e9nols antioxydants, en vitamine E et en vitamine C. Comme tous les fruits, le kiwi contient des glucides, tr\u00e8s peu de prot\u00e9ines et pas du tout de lipides. La couleur verte de sa chair vient de la chlorophylle dont il est g\u00e9n\u00e9reusement pourvu. Il contient une enzyme, l\u2019actinidine, qui, comme la brom\u00e9line de l\u2019ananas, agit sur la scission des prot\u00e9ines.<\/p>\n","protected":false},"excerpt":{"rendered":"<p>Kiwi, origine Espagne, Andalousie, prix pour 100g<br \/>\nTaille varie en fonction de l&#8217;arrivage<\/p>\n<p>Fin de saison : disponibilit\u00e9 incertaine<\/p>\n","protected":false},"featured_media":12907,"comment_status":"closed","ping_status":"closed","template":"","meta":[],"product_brand":[],"product_cat":[58,19],"product_tag":[87],"class_list":{"0":"post-12892","1":"product","2":"type-product","3":"status-publish","4":"has-post-thumbnail","6":"product_cat-fruits-frais","7":"product_cat-boutique","8":"product_tag-kiwi","9":"product_shipping_class-frais","11":"first","12":"outofstock","13":"shipping-taxable","14":"purchasable","15":"product-type-simple"},"jetpack_sharing_enabled":true,"_links":{"self":[{"href":"https:\/\/rawgroup.org\/index.php?rest_route=\/wp\/v2\/product\/12892","targetHints":{"allow":["GET"]}}],"collection":[{"href":"https:\/\/rawgroup.org\/index.php?rest_route=\/wp\/v2\/product"}],"about":[{"href":"https:\/\/rawgroup.org\/index.php?rest_route=\/wp\/v2\/types\/product"}],"replies":[{"embeddable":true,"href":"https:\/\/rawgroup.org\/index.php?rest_route=%2Fwp%2Fv2%2Fcomments&post=12892"}],"wp:featuredmedia":[{"embeddable":true,"href":"https:\/\/rawgroup.org\/index.php?rest_route=\/wp\/v2\/media\/12907"}],"wp:attachment":[{"href":"https:\/\/rawgroup.org\/index.php?rest_route=%2Fwp%2Fv2%2Fmedia&parent=12892"}],"wp:term":[{"taxonomy":"product_brand","embeddable":true,"href":"https:\/\/rawgroup.org\/index.php?rest_route=%2Fwp%2Fv2%2Fproduct_brand&post=12892"},{"taxonomy":"product_cat","embeddable":true,"href":"https:\/\/rawgroup.org\/index.php?rest_route=%2Fwp%2Fv2%2Fproduct_cat&post=12892"},{"taxonomy":"product_tag","embeddable":true,"href":"https:\/\/rawgroup.org\/index.php?rest_route=%2Fwp%2Fv2%2Fproduct_tag&post=12892"}],"curies":[{"name":"wp","href":"https:\/\/api.w.org\/{rel}","templated":true}]}}