{"id":12890,"date":"2020-03-25T13:45:02","date_gmt":"2020-03-25T12:45:02","guid":{"rendered":"http:\/\/rawgroup.org\/?post_type=product&#038;p=12890"},"modified":"2024-05-02T17:25:05","modified_gmt":"2024-05-02T15:25:05","slug":"citron-vert-au-100g","status":"publish","type":"product","link":"https:\/\/rawgroup.org\/?product=citron-vert-au-100g","title":{"rendered":"Citron vert, au 100g"},"content":{"rendered":"<p>Plein de caract\u00e8re, le citron vert est un fruit tropical. Festif et convivial, il poss\u00e8de un ar\u00f4me caract\u00e9ristique qui dynamise vos plats et cocktails. En prime, ce fruit regorge d&rsquo;atouts pour votre bien-\u00eatre.<\/p>\n","protected":false},"excerpt":{"rendered":"<p>Citron vert, origine Espagne, Andalousie, prix pour 100g<br \/>\nTaille et couleur de la peau (jaune ou vert) en fonction de l&#8217;arrivage et de la saison<\/p>\n","protected":false},"featured_media":12902,"comment_status":"closed","ping_status":"closed","template":"","meta":[],"product_brand":[],"product_cat":[58,19],"product_tag":[85],"class_list":{"0":"post-12890","1":"product","2":"type-product","3":"status-publish","4":"has-post-thumbnail","6":"product_cat-fruits-frais","7":"product_cat-boutique","8":"product_tag-citron-vert","9":"product_shipping_class-frais","11":"first","12":"onbackorder","13":"shipping-taxable","14":"purchasable","15":"product-type-simple"},"jetpack_sharing_enabled":true,"_links":{"self":[{"href":"https:\/\/rawgroup.org\/index.php?rest_route=\/wp\/v2\/product\/12890","targetHints":{"allow":["GET"]}}],"collection":[{"href":"https:\/\/rawgroup.org\/index.php?rest_route=\/wp\/v2\/product"}],"about":[{"href":"https:\/\/rawgroup.org\/index.php?rest_route=\/wp\/v2\/types\/product"}],"replies":[{"embeddable":true,"href":"https:\/\/rawgroup.org\/index.php?rest_route=%2Fwp%2Fv2%2Fcomments&post=12890"}],"wp:featuredmedia":[{"embeddable":true,"href":"https:\/\/rawgroup.org\/index.php?rest_route=\/wp\/v2\/media\/12902"}],"wp:attachment":[{"href":"https:\/\/rawgroup.org\/index.php?rest_route=%2Fwp%2Fv2%2Fmedia&parent=12890"}],"wp:term":[{"taxonomy":"product_brand","embeddable":true,"href":"https:\/\/rawgroup.org\/index.php?rest_route=%2Fwp%2Fv2%2Fproduct_brand&post=12890"},{"taxonomy":"product_cat","embeddable":true,"href":"https:\/\/rawgroup.org\/index.php?rest_route=%2Fwp%2Fv2%2Fproduct_cat&post=12890"},{"taxonomy":"product_tag","embeddable":true,"href":"https:\/\/rawgroup.org\/index.php?rest_route=%2Fwp%2Fv2%2Fproduct_tag&post=12890"}],"curies":[{"name":"wp","href":"https:\/\/api.w.org\/{rel}","templated":true}]}}