{"id":12889,"date":"2020-03-25T13:44:48","date_gmt":"2020-03-25T12:44:48","guid":{"rendered":"http:\/\/rawgroup.org\/?post_type=product&#038;p=12889"},"modified":"2024-06-08T07:30:01","modified_gmt":"2024-06-08T05:30:01","slug":"pomelo-red-ruby-au-kg","status":"publish","type":"product","link":"https:\/\/rawgroup.org\/?product=pomelo-red-ruby-au-kg","title":{"rendered":"Pomelo Red Ruby, au 500g"},"content":{"rendered":"<p>Le pamelo est un fruit rafra\u00eechissant au contenu exceptionnel en vitamine C. Les compos\u00e9s antioxydants qu\u2019il renferme procureraient de multiples bienfaits pour la sant\u00e9, notamment contre le cancer et les maladies cardiovasculaires. Le Red Ruby est \u00e0 chaire ros\u00e9e, saveur sucr\u00e9e.<\/p>\n","protected":false},"excerpt":{"rendered":"<p>Pomelo Red Ruby, origine Espagne, Andalousie, prix pour 500g<br \/>\nTaille et vari\u00e9t\u00e9 en fonction de l&#8217;arrivage et de la saison<\/p>\n","protected":false},"featured_media":12899,"comment_status":"closed","ping_status":"closed","template":"","meta":[],"product_brand":[],"product_cat":[58,19],"product_tag":[83,84],"class_list":{"0":"post-12889","1":"product","2":"type-product","3":"status-publish","4":"has-post-thumbnail","6":"product_cat-fruits-frais","7":"product_cat-boutique","8":"product_tag-pomelo","9":"product_tag-red-ruby","10":"product_shipping_class-frais","12":"first","13":"onbackorder","14":"shipping-taxable","15":"purchasable","16":"product-type-simple"},"jetpack_sharing_enabled":true,"_links":{"self":[{"href":"https:\/\/rawgroup.org\/index.php?rest_route=\/wp\/v2\/product\/12889","targetHints":{"allow":["GET"]}}],"collection":[{"href":"https:\/\/rawgroup.org\/index.php?rest_route=\/wp\/v2\/product"}],"about":[{"href":"https:\/\/rawgroup.org\/index.php?rest_route=\/wp\/v2\/types\/product"}],"replies":[{"embeddable":true,"href":"https:\/\/rawgroup.org\/index.php?rest_route=%2Fwp%2Fv2%2Fcomments&post=12889"}],"wp:featuredmedia":[{"embeddable":true,"href":"https:\/\/rawgroup.org\/index.php?rest_route=\/wp\/v2\/media\/12899"}],"wp:attachment":[{"href":"https:\/\/rawgroup.org\/index.php?rest_route=%2Fwp%2Fv2%2Fmedia&parent=12889"}],"wp:term":[{"taxonomy":"product_brand","embeddable":true,"href":"https:\/\/rawgroup.org\/index.php?rest_route=%2Fwp%2Fv2%2Fproduct_brand&post=12889"},{"taxonomy":"product_cat","embeddable":true,"href":"https:\/\/rawgroup.org\/index.php?rest_route=%2Fwp%2Fv2%2Fproduct_cat&post=12889"},{"taxonomy":"product_tag","embeddable":true,"href":"https:\/\/rawgroup.org\/index.php?rest_route=%2Fwp%2Fv2%2Fproduct_tag&post=12889"}],"curies":[{"name":"wp","href":"https:\/\/api.w.org\/{rel}","templated":true}]}}