{"id":12874,"date":"2020-03-25T13:30:38","date_gmt":"2020-03-25T12:30:38","guid":{"rendered":"http:\/\/rawgroup.org\/?post_type=product&#038;p=12874"},"modified":"2025-12-19T10:25:23","modified_gmt":"2025-12-19T09:25:23","slug":"orange-naveline-a-jus-ou-table-au-kg","status":"publish","type":"product","link":"https:\/\/rawgroup.org\/?product=orange-naveline-a-jus-ou-table-au-kg","title":{"rendered":"Orange Naveline \u00e0 jus ou table, au kg"},"content":{"rendered":"<p>Parfaite pour \u00eatre d\u00e9gust\u00e9e au petit d\u00e9jeuner, l&rsquo;orange Naveline vous apportera de la vitamine C pour \u00eatre en forme d\u00e8s le matin. Appel\u00e9es aussi oranges navels, elles sont sucr\u00e9es, peu acides et savoureuses.<\/p>\n","protected":false},"excerpt":{"rendered":"<p>Orange Naveline, sans traitement, origine Espagne, prix au kg.<br \/>\nTaille en fonction de l\u2019arrivage et de la saison.<\/p>\n","protected":false},"featured_media":12882,"comment_status":"closed","ping_status":"closed","template":"","meta":[],"product_brand":[],"product_cat":[58,19],"product_tag":[76,75,77],"class_list":{"0":"post-12874","1":"product","2":"type-product","3":"status-publish","4":"has-post-thumbnail","6":"product_cat-fruits-frais","7":"product_cat-boutique","8":"product_tag-jus","9":"product_tag-orange","10":"product_tag-table","11":"product_shipping_class-frais","13":"first","14":"onbackorder","15":"shipping-taxable","16":"purchasable","17":"product-type-simple"},"jetpack_sharing_enabled":true,"_links":{"self":[{"href":"https:\/\/rawgroup.org\/index.php?rest_route=\/wp\/v2\/product\/12874","targetHints":{"allow":["GET"]}}],"collection":[{"href":"https:\/\/rawgroup.org\/index.php?rest_route=\/wp\/v2\/product"}],"about":[{"href":"https:\/\/rawgroup.org\/index.php?rest_route=\/wp\/v2\/types\/product"}],"replies":[{"embeddable":true,"href":"https:\/\/rawgroup.org\/index.php?rest_route=%2Fwp%2Fv2%2Fcomments&post=12874"}],"wp:featuredmedia":[{"embeddable":true,"href":"https:\/\/rawgroup.org\/index.php?rest_route=\/wp\/v2\/media\/12882"}],"wp:attachment":[{"href":"https:\/\/rawgroup.org\/index.php?rest_route=%2Fwp%2Fv2%2Fmedia&parent=12874"}],"wp:term":[{"taxonomy":"product_brand","embeddable":true,"href":"https:\/\/rawgroup.org\/index.php?rest_route=%2Fwp%2Fv2%2Fproduct_brand&post=12874"},{"taxonomy":"product_cat","embeddable":true,"href":"https:\/\/rawgroup.org\/index.php?rest_route=%2Fwp%2Fv2%2Fproduct_cat&post=12874"},{"taxonomy":"product_tag","embeddable":true,"href":"https:\/\/rawgroup.org\/index.php?rest_route=%2Fwp%2Fv2%2Fproduct_tag&post=12874"}],"curies":[{"name":"wp","href":"https:\/\/api.w.org\/{rel}","templated":true}]}}