{"id":12872,"date":"2020-03-25T13:28:59","date_gmt":"2020-03-25T12:28:59","guid":{"rendered":"http:\/\/rawgroup.org\/?post_type=product&#038;p=12872"},"modified":"2026-01-17T13:45:44","modified_gmt":"2026-01-17T12:45:44","slug":"papaye-au-kg","status":"publish","type":"product","link":"https:\/\/rawgroup.org\/?product=papaye-au-kg","title":{"rendered":"Papaye, au kg"},"content":{"rendered":"<p>Sa chair sucr\u00e9e et parfum\u00e9e en fait un fruit d\u00e9licieux nature, gratin\u00e9 ou assaisonn\u00e9. Sa richesse en vitamines combin\u00e9e \u00e0 sa l\u00e9g\u00e8ret\u00e9 en font un fruit id\u00e9al au quotidien, qui vous apportera tonus et vitalit\u00e9 !<\/p>\n","protected":false},"excerpt":{"rendered":"<p>Papaye, origine Espagne, prix au kg<br \/>\nLa taille d\u00e9pend de l&#8217;arrivage et de la saison<\/p>\n","protected":false},"featured_media":12878,"comment_status":"closed","ping_status":"closed","template":"","meta":[],"product_brand":[],"product_cat":[58,19],"product_tag":[74],"class_list":{"0":"post-12872","1":"product","2":"type-product","3":"status-publish","4":"has-post-thumbnail","6":"product_cat-fruits-frais","7":"product_cat-boutique","8":"product_tag-papaye","9":"product_shipping_class-frais","11":"first","12":"onbackorder","13":"shipping-taxable","14":"purchasable","15":"product-type-simple"},"jetpack_sharing_enabled":true,"_links":{"self":[{"href":"https:\/\/rawgroup.org\/index.php?rest_route=\/wp\/v2\/product\/12872","targetHints":{"allow":["GET"]}}],"collection":[{"href":"https:\/\/rawgroup.org\/index.php?rest_route=\/wp\/v2\/product"}],"about":[{"href":"https:\/\/rawgroup.org\/index.php?rest_route=\/wp\/v2\/types\/product"}],"replies":[{"embeddable":true,"href":"https:\/\/rawgroup.org\/index.php?rest_route=%2Fwp%2Fv2%2Fcomments&post=12872"}],"wp:featuredmedia":[{"embeddable":true,"href":"https:\/\/rawgroup.org\/index.php?rest_route=\/wp\/v2\/media\/12878"}],"wp:attachment":[{"href":"https:\/\/rawgroup.org\/index.php?rest_route=%2Fwp%2Fv2%2Fmedia&parent=12872"}],"wp:term":[{"taxonomy":"product_brand","embeddable":true,"href":"https:\/\/rawgroup.org\/index.php?rest_route=%2Fwp%2Fv2%2Fproduct_brand&post=12872"},{"taxonomy":"product_cat","embeddable":true,"href":"https:\/\/rawgroup.org\/index.php?rest_route=%2Fwp%2Fv2%2Fproduct_cat&post=12872"},{"taxonomy":"product_tag","embeddable":true,"href":"https:\/\/rawgroup.org\/index.php?rest_route=%2Fwp%2Fv2%2Fproduct_tag&post=12872"}],"curies":[{"name":"wp","href":"https:\/\/api.w.org\/{rel}","templated":true}]}}