{"id":12870,"date":"2020-03-25T13:30:27","date_gmt":"2020-03-25T12:30:27","guid":{"rendered":"http:\/\/rawgroup.org\/?post_type=product&#038;p=12870"},"modified":"2025-08-14T08:21:19","modified_gmt":"2025-08-14T06:21:19","slug":"chirimoya","status":"publish","type":"product","link":"https:\/\/rawgroup.org\/?product=chirimoya","title":{"rendered":"Chirimoya, au 500g"},"content":{"rendered":"<p>Le chirimoya est un fruit en forme de c\u0153ur qui vient des Andes p\u00e9ruviennes. Sa pulpe est sucr\u00e9e, il contient des p\u00e9pins et est recouvert d\u2019une peau verte.<br \/>\nC\u2019est un fruit riche en vitamines (A, B et C) et en min\u00e9raux (potassium, calcium, magn\u00e9sium, fer et zinc).<br \/>\nGr\u00e2ce \u00e0 sa haute teneur en potassium, le chirimoya permet d\u2019am\u00e9liorer la sant\u00e9 cardiaque. C\u2019est de plus un r\u00e9gulateur naturel de la pression art\u00e9rielle. Il est \u00e9galement riche en antioxydants qui contr\u00f4lent les niveaux de cholest\u00e9rol.<br \/>\nSa faible teneur en sodium et en graisses est une autre raison pour laquelle il faut la consommer. Surtout pour les personnes qui souffrent d\u2019hypertension art\u00e9rielle et autres alt\u00e9rations cardiaques.<\/p>\n<p>La saison est de novembre-d\u00e9cembre \u00e0 mai-juin<\/p>\n<p>La chirimoya se mange quand elle est bien souple, sa texture fait penser \u00e0 un yaourt.<br \/>\nFruit de la famille des anones, cousine de la pomme-cannelle, coeur de boeuf et corrossol.<\/p>\n","protected":false},"excerpt":{"rendered":"<p>Chirimoya, origine Espagne, prix pour 500g<br \/>\nFruit de la famille des anones<br \/>\nLa taille varie en fonction des arrivages et la saison<\/p>\n","protected":false},"featured_media":12875,"comment_status":"closed","ping_status":"closed","template":"","meta":[],"product_brand":[],"product_cat":[58,19],"product_tag":[79,78],"class_list":{"0":"post-12870","1":"product","2":"type-product","3":"status-publish","4":"has-post-thumbnail","6":"product_cat-fruits-frais","7":"product_cat-boutique","8":"product_tag-anone","9":"product_tag-chirimoya","10":"product_shipping_class-frais","12":"first","13":"outofstock","14":"shipping-taxable","15":"purchasable","16":"product-type-simple"},"jetpack_sharing_enabled":true,"_links":{"self":[{"href":"https:\/\/rawgroup.org\/index.php?rest_route=\/wp\/v2\/product\/12870","targetHints":{"allow":["GET"]}}],"collection":[{"href":"https:\/\/rawgroup.org\/index.php?rest_route=\/wp\/v2\/product"}],"about":[{"href":"https:\/\/rawgroup.org\/index.php?rest_route=\/wp\/v2\/types\/product"}],"replies":[{"embeddable":true,"href":"https:\/\/rawgroup.org\/index.php?rest_route=%2Fwp%2Fv2%2Fcomments&post=12870"}],"wp:featuredmedia":[{"embeddable":true,"href":"https:\/\/rawgroup.org\/index.php?rest_route=\/wp\/v2\/media\/12875"}],"wp:attachment":[{"href":"https:\/\/rawgroup.org\/index.php?rest_route=%2Fwp%2Fv2%2Fmedia&parent=12870"}],"wp:term":[{"taxonomy":"product_brand","embeddable":true,"href":"https:\/\/rawgroup.org\/index.php?rest_route=%2Fwp%2Fv2%2Fproduct_brand&post=12870"},{"taxonomy":"product_cat","embeddable":true,"href":"https:\/\/rawgroup.org\/index.php?rest_route=%2Fwp%2Fv2%2Fproduct_cat&post=12870"},{"taxonomy":"product_tag","embeddable":true,"href":"https:\/\/rawgroup.org\/index.php?rest_route=%2Fwp%2Fv2%2Fproduct_tag&post=12870"}],"curies":[{"name":"wp","href":"https:\/\/api.w.org\/{rel}","templated":true}]}}