{"id":12865,"date":"2020-03-25T13:24:48","date_gmt":"2020-03-25T12:24:48","guid":{"rendered":"http:\/\/rawgroup.org\/?post_type=product&#038;p=12865"},"modified":"2024-10-09T08:37:11","modified_gmt":"2024-10-09T06:37:11","slug":"fruit-de-la-passion","status":"publish","type":"product","link":"https:\/\/rawgroup.org\/?product=fruit-de-la-passion","title":{"rendered":"Fruit de la passion, au 100g"},"content":{"rendered":"<p>Si le fruit de la passion poss\u00e8de un nom original, il est surtout connu pour sa saveur exceptionnelle. Faites entrer l&rsquo;exotisme dans la cuisine et offrez de nouvelles sensations \u00e0 votre palais en accommodant ce fruit dans vos pr\u00e9parations sal\u00e9es, sucr\u00e9es et vos cocktails ! Il poss\u00e8de \u00e9galement de r\u00e9elles qualit\u00e9s nutritionnelles.<\/p>\n<p>Le fruit de la passion a la forme d&rsquo;un gros \u0153uf et p\u00e8se entre 60 et 90 grammes en moyenne. Il pousse sur une liane, nomm\u00e9e passionaria. Selon la vari\u00e9t\u00e9, le fruit de la passion peut \u00eatre de couleur jaune, orang\u00e9e ou brune.<\/p>\n<p>Ce fruit exotique renferme une multitude de petites graines noires enrob\u00e9es d&rsquo;une pulpe translucide orang\u00e9e et parfum\u00e9e : l&rsquo;arille.<\/p>\n<p>Fragile, le fruit de la passion supporte mal la cuisson mais se pr\u00eate tr\u00e8s bien \u00e0 vos envies de cr\u00e9ativit\u00e9 !<\/p>\n<p>Le fruit de la passion fournit du carot\u00e8ne, de la vitamine C, des min\u00e9raux et des fibres.<\/p>\n<p>On l&rsquo;appelle aussi Maracuya ou Maracuja<\/p>\n","protected":false},"excerpt":{"rendered":"<p>Fruit de la Passion, prix pour 100g<br \/>\nOrigine Espagne, Andalousie<\/p>\n","protected":false},"featured_media":12868,"comment_status":"closed","ping_status":"closed","template":"","meta":[],"product_brand":[],"product_cat":[58,19],"product_tag":[72,73],"class_list":{"0":"post-12865","1":"product","2":"type-product","3":"status-publish","4":"has-post-thumbnail","6":"product_cat-fruits-frais","7":"product_cat-boutique","8":"product_tag-fruit-de-la-passion","9":"product_tag-maracuya","10":"product_shipping_class-frais","12":"first","13":"outofstock","14":"featured","15":"shipping-taxable","16":"purchasable","17":"product-type-simple"},"jetpack_sharing_enabled":true,"_links":{"self":[{"href":"https:\/\/rawgroup.org\/index.php?rest_route=\/wp\/v2\/product\/12865","targetHints":{"allow":["GET"]}}],"collection":[{"href":"https:\/\/rawgroup.org\/index.php?rest_route=\/wp\/v2\/product"}],"about":[{"href":"https:\/\/rawgroup.org\/index.php?rest_route=\/wp\/v2\/types\/product"}],"replies":[{"embeddable":true,"href":"https:\/\/rawgroup.org\/index.php?rest_route=%2Fwp%2Fv2%2Fcomments&post=12865"}],"wp:featuredmedia":[{"embeddable":true,"href":"https:\/\/rawgroup.org\/index.php?rest_route=\/wp\/v2\/media\/12868"}],"wp:attachment":[{"href":"https:\/\/rawgroup.org\/index.php?rest_route=%2Fwp%2Fv2%2Fmedia&parent=12865"}],"wp:term":[{"taxonomy":"product_brand","embeddable":true,"href":"https:\/\/rawgroup.org\/index.php?rest_route=%2Fwp%2Fv2%2Fproduct_brand&post=12865"},{"taxonomy":"product_cat","embeddable":true,"href":"https:\/\/rawgroup.org\/index.php?rest_route=%2Fwp%2Fv2%2Fproduct_cat&post=12865"},{"taxonomy":"product_tag","embeddable":true,"href":"https:\/\/rawgroup.org\/index.php?rest_route=%2Fwp%2Fv2%2Fproduct_tag&post=12865"}],"curies":[{"name":"wp","href":"https:\/\/api.w.org\/{rel}","templated":true}]}}