{"id":12861,"date":"2020-03-25T13:21:48","date_gmt":"2020-03-25T12:21:48","guid":{"rendered":"http:\/\/rawgroup.org\/?post_type=product&#038;p=12861"},"modified":"2026-01-29T16:21:09","modified_gmt":"2026-01-29T15:21:09","slug":"banane-bio-canari","status":"publish","type":"product","link":"https:\/\/rawgroup.org\/?product=banane-bio-canari","title":{"rendered":"Banane Bio des \u00eeles Canaries, au kg"},"content":{"rendered":"<p>La d\u00e9licieuse banane cultiv\u00e9e aux \u00eeles Canaries d\u00e9coule d&rsquo;un climat excellent, de la terre volcanique b\u00e9n\u00e9fique pour les plantations de bananiers, ainsi que du soin et de l&rsquo;amour avec lesquels les agriculteurs cultivent ce fruit.<br \/>\nL&rsquo;excellente r\u00e9putation de la banane des Canaries la place parmi les meilleures du monde.<br \/>\nTenerife est la plus grande \u00eele productrice de ce fruit, qui se caract\u00e9rise par sa couleur jaune vive parsem\u00e9e de taches noires. La cl\u00e9mence du climat de Tenerife permet que la banane demeure plus de temps dans la plante. Cela, ajout\u00e9 \u00e0 la rapidit\u00e9 \u00e0 laquelle elle arrive au consommateur, garantit un go\u00fbt exquis durant toute l&rsquo;ann\u00e9e.<\/p>\n<p>Les bananes Canaries sont de couleur jaune avec des t\u00e2ches noires (on dit qu&rsquo;elles sont z\u00e9br\u00e9es) quand elles sont \u00e0 maturit\u00e9<\/p>\n","protected":false},"excerpt":{"rendered":"<p>Bananes Bio des Iles Canaries, prix au kg<\/p>\n","protected":false},"featured_media":12862,"comment_status":"closed","ping_status":"closed","template":"","meta":[],"product_brand":[],"product_cat":[58,19],"product_tag":[70,71],"class_list":{"0":"post-12861","1":"product","2":"type-product","3":"status-publish","4":"has-post-thumbnail","6":"product_cat-fruits-frais","7":"product_cat-boutique","8":"product_tag-banane","9":"product_tag-canarie","10":"product_shipping_class-frais","12":"first","13":"onbackorder","14":"shipping-taxable","15":"purchasable","16":"product-type-simple"},"jetpack_sharing_enabled":true,"_links":{"self":[{"href":"https:\/\/rawgroup.org\/index.php?rest_route=\/wp\/v2\/product\/12861","targetHints":{"allow":["GET"]}}],"collection":[{"href":"https:\/\/rawgroup.org\/index.php?rest_route=\/wp\/v2\/product"}],"about":[{"href":"https:\/\/rawgroup.org\/index.php?rest_route=\/wp\/v2\/types\/product"}],"replies":[{"embeddable":true,"href":"https:\/\/rawgroup.org\/index.php?rest_route=%2Fwp%2Fv2%2Fcomments&post=12861"}],"wp:featuredmedia":[{"embeddable":true,"href":"https:\/\/rawgroup.org\/index.php?rest_route=\/wp\/v2\/media\/12862"}],"wp:attachment":[{"href":"https:\/\/rawgroup.org\/index.php?rest_route=%2Fwp%2Fv2%2Fmedia&parent=12861"}],"wp:term":[{"taxonomy":"product_brand","embeddable":true,"href":"https:\/\/rawgroup.org\/index.php?rest_route=%2Fwp%2Fv2%2Fproduct_brand&post=12861"},{"taxonomy":"product_cat","embeddable":true,"href":"https:\/\/rawgroup.org\/index.php?rest_route=%2Fwp%2Fv2%2Fproduct_cat&post=12861"},{"taxonomy":"product_tag","embeddable":true,"href":"https:\/\/rawgroup.org\/index.php?rest_route=%2Fwp%2Fv2%2Fproduct_tag&post=12861"}],"curies":[{"name":"wp","href":"https:\/\/api.w.org\/{rel}","templated":true}]}}