{"id":12858,"date":"2020-03-25T13:22:21","date_gmt":"2020-03-25T12:22:21","guid":{"rendered":"http:\/\/rawgroup.org\/?post_type=product&#038;p=12858"},"modified":"2024-10-09T08:37:11","modified_gmt":"2024-10-09T06:37:11","slug":"mangue-kent-perou","status":"publish","type":"product","link":"https:\/\/rawgroup.org\/?product=mangue-kent-perou","title":{"rendered":"Mangue Kent du P\u00e9rou par avion, prix pour 500g"},"content":{"rendered":"<p>Le parfum de l\u2019exotisme !<br \/>\nLa vari\u00e9t\u00e9 extra Kent est une des meilleures, douce, texture lisse et juteuses, calibre assez grand, car elle est non fibreuse, sucr\u00e9e et succulente.<br \/>\nLa mangue du P\u00e9rou par avion est plus gustative car cueillie \u00e0 maturit\u00e9.<\/p>\n","protected":false},"excerpt":{"rendered":"<p>Mangue Kent du P\u00e9rou, prix pour 500g<br \/>\nPi\u00e8ce de grande taille, entre 500g et 750g<\/p>\n","protected":false},"featured_media":12864,"comment_status":"closed","ping_status":"closed","template":"","meta":[],"product_brand":[],"product_cat":[58,19],"product_tag":[67,68,66,69],"class_list":{"0":"post-12858","1":"product","2":"type-product","3":"status-publish","4":"has-post-thumbnail","6":"product_cat-fruits-frais","7":"product_cat-boutique","8":"product_tag-avion","9":"product_tag-kent","10":"product_tag-mangue","11":"product_tag-perou","12":"product_shipping_class-frais","14":"first","15":"outofstock","16":"shipping-taxable","17":"purchasable","18":"product-type-simple"},"jetpack_sharing_enabled":true,"_links":{"self":[{"href":"https:\/\/rawgroup.org\/index.php?rest_route=\/wp\/v2\/product\/12858","targetHints":{"allow":["GET"]}}],"collection":[{"href":"https:\/\/rawgroup.org\/index.php?rest_route=\/wp\/v2\/product"}],"about":[{"href":"https:\/\/rawgroup.org\/index.php?rest_route=\/wp\/v2\/types\/product"}],"replies":[{"embeddable":true,"href":"https:\/\/rawgroup.org\/index.php?rest_route=%2Fwp%2Fv2%2Fcomments&post=12858"}],"wp:featuredmedia":[{"embeddable":true,"href":"https:\/\/rawgroup.org\/index.php?rest_route=\/wp\/v2\/media\/12864"}],"wp:attachment":[{"href":"https:\/\/rawgroup.org\/index.php?rest_route=%2Fwp%2Fv2%2Fmedia&parent=12858"}],"wp:term":[{"taxonomy":"product_brand","embeddable":true,"href":"https:\/\/rawgroup.org\/index.php?rest_route=%2Fwp%2Fv2%2Fproduct_brand&post=12858"},{"taxonomy":"product_cat","embeddable":true,"href":"https:\/\/rawgroup.org\/index.php?rest_route=%2Fwp%2Fv2%2Fproduct_cat&post=12858"},{"taxonomy":"product_tag","embeddable":true,"href":"https:\/\/rawgroup.org\/index.php?rest_route=%2Fwp%2Fv2%2Fproduct_tag&post=12858"}],"curies":[{"name":"wp","href":"https:\/\/api.w.org\/{rel}","templated":true}]}}