{"id":12842,"date":"2020-03-25T12:53:40","date_gmt":"2020-03-25T11:53:40","guid":{"rendered":"http:\/\/rawgroup.org\/?post_type=product&#038;p=12842"},"modified":"2026-04-20T13:51:40","modified_gmt":"2026-04-20T11:51:40","slug":"avocats-fuerte-au-kg","status":"publish","type":"product","link":"https:\/\/rawgroup.org\/?product=avocats-fuerte-au-kg","title":{"rendered":"Avocats Fuerte, au kg"},"content":{"rendered":"<p>Compar\u00e9 \u00e0 l\u2019avocat Hass, le Fuerte se reconna\u00eet \u00e0 sa peau verte fonc\u00e9e et mate, et \u00e0 sa forme de poire. Il est \u00e9galement plus gros que l\u2019Hass <\/p>\n<p>La pulpe est plus jaune que verte, cr\u00e9meuse et au go\u00fbt prononc\u00e9. <\/p>\n<p>Les avocats de la vari\u00e9t\u00e9 Fuerte sont produits en Espagne, Andalousie.<br \/>\nLa saison est de novembre \u00e0 avril (peut varier en fonction des ann\u00e9es).<\/p>\n<p>La meilleure fa\u00e7on de le manger !<br \/>\nLa peau du Fuerte reste verte m\u00eame quand l\u2019avocat est m\u00fbr. N\u2019attendez donc pas qu\u2019elle brunisse pour pouvoir l\u2019ouvrir.<br \/>\nSa chair \u00e9tant plut\u00f4t cr\u00e9meuse, la meilleure fa\u00e7on d\u2019en profiter est dans un guacamole bien assaisonn\u00e9 ou \u00e9cras\u00e9 sur un toast. <\/p>\n","protected":false},"excerpt":{"rendered":"<p>Avocat Fuerte, le prix au kg<br \/>\nLa taille d\u00e9pend de l&#8217;arrivage et de la saison<\/p>\n","protected":false},"featured_media":12843,"comment_status":"closed","ping_status":"closed","template":"","meta":[],"product_brand":[],"product_cat":[58,19],"product_tag":[59,60],"class_list":{"0":"post-12842","1":"product","2":"type-product","3":"status-publish","4":"has-post-thumbnail","6":"product_cat-fruits-frais","7":"product_cat-boutique","8":"product_tag-avocat","9":"product_tag-fuerte","10":"product_shipping_class-frais","12":"first","13":"onbackorder","14":"shipping-taxable","15":"purchasable","16":"product-type-simple"},"jetpack_sharing_enabled":true,"_links":{"self":[{"href":"https:\/\/rawgroup.org\/index.php?rest_route=\/wp\/v2\/product\/12842","targetHints":{"allow":["GET"]}}],"collection":[{"href":"https:\/\/rawgroup.org\/index.php?rest_route=\/wp\/v2\/product"}],"about":[{"href":"https:\/\/rawgroup.org\/index.php?rest_route=\/wp\/v2\/types\/product"}],"replies":[{"embeddable":true,"href":"https:\/\/rawgroup.org\/index.php?rest_route=%2Fwp%2Fv2%2Fcomments&post=12842"}],"wp:featuredmedia":[{"embeddable":true,"href":"https:\/\/rawgroup.org\/index.php?rest_route=\/wp\/v2\/media\/12843"}],"wp:attachment":[{"href":"https:\/\/rawgroup.org\/index.php?rest_route=%2Fwp%2Fv2%2Fmedia&parent=12842"}],"wp:term":[{"taxonomy":"product_brand","embeddable":true,"href":"https:\/\/rawgroup.org\/index.php?rest_route=%2Fwp%2Fv2%2Fproduct_brand&post=12842"},{"taxonomy":"product_cat","embeddable":true,"href":"https:\/\/rawgroup.org\/index.php?rest_route=%2Fwp%2Fv2%2Fproduct_cat&post=12842"},{"taxonomy":"product_tag","embeddable":true,"href":"https:\/\/rawgroup.org\/index.php?rest_route=%2Fwp%2Fv2%2Fproduct_tag&post=12842"}],"curies":[{"name":"wp","href":"https:\/\/api.w.org\/{rel}","templated":true}]}}