{"id":1003,"date":"2019-06-14T18:17:04","date_gmt":"2019-06-14T16:17:04","guid":{"rendered":"http:\/\/rawgroup.org\/?post_type=product&#038;p=1003"},"modified":"2024-03-11T12:55:01","modified_gmt":"2024-03-11T11:55:01","slug":"pepites-de-cacao","status":"publish","type":"product","link":"https:\/\/rawgroup.org\/?product=pepites-de-cacao","title":{"rendered":"P\u00e9pites de cacao, 100g"},"content":{"rendered":"<p>P\u00e9pites de cacao, origine Am\u00e9rique du Sud<\/p>\n","protected":false},"excerpt":{"rendered":"<p>P\u00e9pites de cacao, origine Am\u00e9rique du Sud<\/p>\n","protected":false},"featured_media":1004,"comment_status":"closed","ping_status":"closed","template":"","meta":[],"product_brand":[],"product_cat":[26],"product_tag":[],"class_list":{"0":"post-1003","1":"product","2":"type-product","3":"status-publish","4":"has-post-thumbnail","6":"product_cat-super-aliments","7":"product_shipping_class-sec","9":"first","10":"onbackorder","11":"shipping-taxable","12":"purchasable","13":"product-type-simple"},"jetpack_sharing_enabled":true,"_links":{"self":[{"href":"https:\/\/rawgroup.org\/index.php?rest_route=\/wp\/v2\/product\/1003","targetHints":{"allow":["GET"]}}],"collection":[{"href":"https:\/\/rawgroup.org\/index.php?rest_route=\/wp\/v2\/product"}],"about":[{"href":"https:\/\/rawgroup.org\/index.php?rest_route=\/wp\/v2\/types\/product"}],"replies":[{"embeddable":true,"href":"https:\/\/rawgroup.org\/index.php?rest_route=%2Fwp%2Fv2%2Fcomments&post=1003"}],"wp:featuredmedia":[{"embeddable":true,"href":"https:\/\/rawgroup.org\/index.php?rest_route=\/wp\/v2\/media\/1004"}],"wp:attachment":[{"href":"https:\/\/rawgroup.org\/index.php?rest_route=%2Fwp%2Fv2%2Fmedia&parent=1003"}],"wp:term":[{"taxonomy":"product_brand","embeddable":true,"href":"https:\/\/rawgroup.org\/index.php?rest_route=%2Fwp%2Fv2%2Fproduct_brand&post=1003"},{"taxonomy":"product_cat","embeddable":true,"href":"https:\/\/rawgroup.org\/index.php?rest_route=%2Fwp%2Fv2%2Fproduct_cat&post=1003"},{"taxonomy":"product_tag","embeddable":true,"href":"https:\/\/rawgroup.org\/index.php?rest_route=%2Fwp%2Fv2%2Fproduct_tag&post=1003"}],"curies":[{"name":"wp","href":"https:\/\/api.w.org\/{rel}","templated":true}]}}