{"id":898,"date":"2018-10-18T11:49:25","date_gmt":"2018-10-18T09:49:25","guid":{"rendered":"http:\/\/rawgroup.org\/?page_id=898"},"modified":"2021-03-22T22:26:35","modified_gmt":"2021-03-22T21:26:35","slug":"carousel","status":"publish","type":"page","link":"https:\/\/rawgroup.org\/","title":{"rendered":""},"content":{"rendered":"\n<div class=\"wp-block-group alignwide\"><div class=\"wp-block-group__inner-container is-layout-flow wp-block-group-is-layout-flow\">\n<div class=\"wp-block-columns are-vertically-aligned-center is-layout-flex wp-container-core-columns-is-layout-9d6595d7 wp-block-columns-is-layout-flex\">\n<div class=\"wp-block-column is-vertically-aligned-center is-layout-flow wp-block-column-is-layout-flow\" style=\"flex-basis:100%\">\n<div class=\"wp-block-group alignwide\"><div class=\"wp-block-group__inner-container is-layout-flow wp-block-group-is-layout-flow\">\n<div class=\"wp-block-carousel-slider-slider\"><div class=\"carousel-slider-outer carousel-slider-outer-image-carousel carousel-slider-outer-13023\" style=\"--carousel-slider-nav-color:#f1f1f1;--carousel-slider-active-nav-color:#00d1b2;--carousel-slider-arrow-size:48px;--carousel-slider-bullet-size:10px\">\n<div id=\"&#039;id-13023\" class=\"carousel-slider carousel-slider-13023 arrows-visibility-hover dots-visibility-never arrows-outside dots-center dots-square owl-carousel\" data-slide-type=\"image-carousel\" data-owl-settings='{\"nav\":true,\"dots\":false,\"slideBy\":1,\"stagePadding\":0,\"margin\":10,\"loop\":true,\"lazyLoad\":false,\"autoplay\":true,\"autoplayTimeout\":3000,\"autoplaySpeed\":500,\"autoplayHoverPause\":true,\"autoWidth\":false,\"responsive\":{\"300\":{\"items\":1},\"576\":{\"items\":2},\"768\":{\"items\":2},\"1024\":{\"items\":3},\"1280\":{\"items\":4},\"1536\":{\"items\":5}}}'>\n<div class=\"carousel-slider__item\">\n\t<img loading=\"lazy\" decoding=\"async\" width=\"768\" height=\"307\" src=\"https:\/\/rawgroup.org\/wp-content\/uploads\/2019\/06\/SLIDER1-1-768x307.jpg\" class=\"attachment-medium_large size-medium_large\" alt=\"\" srcset=\"https:\/\/rawgroup.org\/wp-content\/uploads\/2019\/06\/SLIDER1-1-768x307.jpg 768w, https:\/\/rawgroup.org\/wp-content\/uploads\/2019\/06\/SLIDER1-1-300x120.jpg 300w, https:\/\/rawgroup.org\/wp-content\/uploads\/2019\/06\/SLIDER1-1-1024x410.jpg 1024w, https:\/\/rawgroup.org\/wp-content\/uploads\/2019\/06\/SLIDER1-1-416x166.jpg 416w, https:\/\/rawgroup.org\/wp-content\/uploads\/2019\/06\/SLIDER1-1.jpg 1400w\" sizes=\"auto, (max-width: 768px) 100vw, 768px\" \/><\/a><\/div>\n\n<div class=\"carousel-slider__item\">\n\t<img loading=\"lazy\" decoding=\"async\" width=\"768\" height=\"307\" src=\"https:\/\/rawgroup.org\/wp-content\/uploads\/2019\/06\/SLIDER2-768x307.jpg\" class=\"attachment-medium_large size-medium_large\" alt=\"\" srcset=\"https:\/\/rawgroup.org\/wp-content\/uploads\/2019\/06\/SLIDER2-768x307.jpg 768w, https:\/\/rawgroup.org\/wp-content\/uploads\/2019\/06\/SLIDER2-300x120.jpg 300w, https:\/\/rawgroup.org\/wp-content\/uploads\/2019\/06\/SLIDER2-1024x410.jpg 1024w, https:\/\/rawgroup.org\/wp-content\/uploads\/2019\/06\/SLIDER2-416x166.jpg 416w, https:\/\/rawgroup.org\/wp-content\/uploads\/2019\/06\/SLIDER2.jpg 1400w\" sizes=\"auto, (max-width: 768px) 100vw, 768px\" \/><\/a><\/div>\n\n<div class=\"carousel-slider__item\">\n\t<img loading=\"lazy\" decoding=\"async\" width=\"768\" height=\"307\" src=\"https:\/\/rawgroup.org\/wp-content\/uploads\/2019\/06\/SLIDER3-768x307.jpg\" class=\"attachment-medium_large size-medium_large\" alt=\"\" srcset=\"https:\/\/rawgroup.org\/wp-content\/uploads\/2019\/06\/SLIDER3-768x307.jpg 768w, https:\/\/rawgroup.org\/wp-content\/uploads\/2019\/06\/SLIDER3-300x120.jpg 300w, https:\/\/rawgroup.org\/wp-content\/uploads\/2019\/06\/SLIDER3-1024x410.jpg 1024w, https:\/\/rawgroup.org\/wp-content\/uploads\/2019\/06\/SLIDER3-416x166.jpg 416w, https:\/\/rawgroup.org\/wp-content\/uploads\/2019\/06\/SLIDER3.jpg 1400w\" sizes=\"auto, (max-width: 768px) 100vw, 768px\" \/><\/a><\/div>\n\n<\/div><!-- .carousel-slider-13023 -->\n<\/div><!-- .carousel-slider-outer-13023 -->\n<\/div>\n<\/div><\/div>\n<\/div>\n<\/div>\n\n\n\n<p><strong>Qui sommes-nous ?<\/strong><br><br>Nous proposons des fruits exotiques frais, des fruits secs, des algues, et quelques l\u00e9gumes en direct du producteur.<br>Les fruits sont \u00e0 maturit\u00e9, gorg\u00e9s de soleil, et se retrouvent chez vous 3-4 jours apr\u00e8s avoir \u00e9t\u00e9 cueillis.<br><br><strong>Livraison sur toute la France en moins de 24h <\/strong>en point relais (certains produits ont cependant un d\u00e9lai de livraison plus long, c&rsquo;est indiqu\u00e9 sur le produit), ou via GLS directement \u00e0 votre domicile en 24-48h.<br><br>Nous sommes \u00e9galement pr\u00e9sents sur :<br>&#8211; le <strong>March\u00e9 <\/strong>bio des Arceaux, le samedi matin \u00e0 Montpellier,<br>&#8211; le march\u00e9 de la place du 14 juillet, face \u00e0 la m\u00e9diath\u00e8que, le vendredi matin, \u00e0 B\u00e9ziers.<br><br><strong>Commandes group\u00e9es par palette de 200kg minimum :<\/strong><br>Cette proposition s&rsquo;adresse aux groupes qui veulent se monter en achat group\u00e9 pour de plus grosses quantit\u00e9s, qui passeront commande r\u00e9guli\u00e8rement ou qui arrivent \u00e0 r\u00e9unir 200kg de commande environ (ou 100kg de commande minimum pour la r\u00e9gion de B\u00e9ziers &#8211; Montpellier). Merci de nous contacter <a href=\"http:\/\/rawgroup.org\/?page_id=33\">ici.<\/a><\/p>\n<\/div><\/div>\n\n\n\n<p><\/p>\n","protected":false},"excerpt":{"rendered":"<p>Qui sommes-nous ? Nous proposons des fruits exotiques frais, des fruits secs, des algues, et quelques l\u00e9gumes en direct du producteur.Les fruits sont \u00e0 maturit\u00e9, gorg\u00e9s de soleil, et se retrouvent chez vous 3-4 jours apr\u00e8s avoir \u00e9t\u00e9 cueillis. Livraison sur toute la France en moins de 24h en point relais (certains produits ont cependant [&hellip;]<\/p>\n","protected":false},"author":1,"featured_media":0,"parent":0,"menu_order":0,"comment_status":"closed","ping_status":"closed","template":"template-homepage.php","meta":{"footnotes":""},"class_list":["post-898","page","type-page","status-publish","hentry"],"jetpack_sharing_enabled":true,"_links":{"self":[{"href":"https:\/\/rawgroup.org\/index.php?rest_route=\/wp\/v2\/pages\/898","targetHints":{"allow":["GET"]}}],"collection":[{"href":"https:\/\/rawgroup.org\/index.php?rest_route=\/wp\/v2\/pages"}],"about":[{"href":"https:\/\/rawgroup.org\/index.php?rest_route=\/wp\/v2\/types\/page"}],"author":[{"embeddable":true,"href":"https:\/\/rawgroup.org\/index.php?rest_route=\/wp\/v2\/users\/1"}],"replies":[{"embeddable":true,"href":"https:\/\/rawgroup.org\/index.php?rest_route=%2Fwp%2Fv2%2Fcomments&post=898"}],"version-history":[{"count":45,"href":"https:\/\/rawgroup.org\/index.php?rest_route=\/wp\/v2\/pages\/898\/revisions"}],"predecessor-version":[{"id":15720,"href":"https:\/\/rawgroup.org\/index.php?rest_route=\/wp\/v2\/pages\/898\/revisions\/15720"}],"wp:attachment":[{"href":"https:\/\/rawgroup.org\/index.php?rest_route=%2Fwp%2Fv2%2Fmedia&parent=898"}],"curies":[{"name":"wp","href":"https:\/\/api.w.org\/{rel}","templated":true}]}}