{"id":89,"date":"2014-10-23T02:10:56","date_gmt":"2014-10-23T01:10:56","guid":{"rendered":"http:\/\/rawgroup.org\/?page_id=89"},"modified":"2021-03-23T00:07:27","modified_gmt":"2021-03-22T23:07:27","slug":"notre-fonctionnement","status":"publish","type":"page","link":"https:\/\/rawgroup.org\/?page_id=89","title":{"rendered":"Notre fonctionnement"},"content":{"rendered":"<p>Les fruits que nous proposons sont cueillis quelques jours seulement avant leur exp\u00e9dition, contrairement \u00e0 la pratique qui consiste, en mono-culture, \u00e0 cueillir les fruits avant leur maturit\u00e9 car ils sont ensuite stock\u00e9s en chambre froide pour \u00eatre conserv\u00e9s plus longtemps&#8230; en effet, la r\u00e9colte est longue \u00e0 revendre.<\/p>\n<p>Les fruits sont \u00e9galement cueillis \u00e0 pleine maturit\u00e9 physiologique, aussi ils ne peuvent supporter un stockage en chambre froide de plusieurs semaines pour leur livraison.<\/p>\n<p>Pour cela, nous g\u00e9rons minutieusement l&rsquo;acheminement dans des d\u00e9lais tr\u00e8s courts. Cela nous garantit des fruits avec un taux de vitamines excellent, et une fraicheur incomparable.<strong><br \/>\n<\/strong><\/p>\n<h2>FAQ<\/h2>\n<h4 class=\"font-weight-bold\">EXP\u00c9DITION &amp; LIVRAISON<\/h4>\n<div id=\"question-delivery\" class=\"card-header\">Nous livrons partout en France.<br \/>\nLes tarifs de livraison sont :<br \/>\n&#8211; \u00e0 partir de 8\u20ac en Chrono-relais (livraison dans un point relais) livr\u00e9 en 24h,<br \/>\n&#8211; ou 9\u20ac par GLS directement \u00e0 votre domicile livr\u00e9 en 24-48h.<\/p>\n<\/div>\n<div>\n<p>Les d\u00e9lais de livraison sont de 24h \u00e0 48h \u00e0 compter de la date d&rsquo;exp\u00e9dition suivant votre d\u00e9partement.<br \/>\n&#8211; Si tous les produits de votre commande sont en stock, nous exp\u00e9dions dans les 24h ;<br \/>\n&#8211; Si des articles sont en rupture, nous exp\u00e9dions vos articles dans un d\u00e9lai maximum d&rsquo;une semaine. Si, malgr\u00e9 nos efforts, certains articles ne sont pas disponibles, nous vous proposons un remboursement de cet article ou un \u00e9change.<\/p>\n<p>Pour assurer une livraison dans les d\u00e9lais, merci de bien indiquer vos coordonn\u00e9es compl\u00e8tes : codes, porte, \u00e9tage, num\u00e9ro de t\u00e9l\u00e9phone sur lequel vous joindre lors de la livraison, etc. Nous communiquons ces informations au livreur.<br \/>\nSi vous rencontrez un souci avec la livraison, du retard par exemple, merci de nous contacter et nous assurerons l&rsquo;interm\u00e9diaire aupr\u00e8s du livreur pour solutionner le probl\u00e8me au plus vite.<\/p>\n<h4 class=\"font-weight-bold\">COMMANDE<\/h4>\n<p><strong>Que puis-je faire si un fruit n\u2019est pas bon\u202f?<\/strong><br \/>\nSi vous rencontrez un probl\u00e8me, appelez-nous au <strong style=\"font-size: inherit;\">+33 6 38 05 76 18.<br \/>\n<\/strong>Nous ne pouvons pas garantir une uniformit\u00e9 de go\u00fbt, de maturit\u00e9 et de forme des fruits. De plus, nous pouvons faire des erreurs &#8211; nous ne sommes pas parfaits\u202f! -, mais nous garantissons qu&rsquo;en cas de probl\u00e8me, nous essaierons de vous donner enti\u00e8re satisfaction. Important \u00e0 savoir\u202f: nos fruits ne suivent pas les codes habituels, ils ne sont pas calibr\u00e9s par exemple.<\/p>\n<div id=\"answer-10\" class=\"collapse show\" aria-labelledby=\"question-10\" data-parent=\"#accordion-faq\">\n<div class=\"card-body\">\n<h5 id=\"question-11\" class=\"card-header\"><strong>Vais-je recevoir pr\u00e9cis\u00e9ment les quantit\u00e9s que j\u2019ai command\u00e9es ?<\/strong><\/h5>\n<div id=\"answer-11\" class=\"collapse show\" aria-labelledby=\"question-11\" data-parent=\"#accordion-faq\">\n<div class=\"card-body\">\n<p>Pour les fruits vendus au kg, nous ne pourrons pas vous servir l&rsquo;exacte quantit\u00e9. Nous faisons tout notre possible pour servir la quantit\u00e9 la plus proche de ce que vous avez command\u00e9.<\/p>\n<h5 id=\"question-12\" class=\"card-header\"><strong>Si un fruit n\u2019est finalement pas disponible, le remplacez-vous par un autre\u202f?<\/strong><\/h5>\n<div id=\"answer-12\" class=\"collapse show\" aria-labelledby=\"question-12\" data-parent=\"#accordion-faq\">\n<div class=\"card-body\">\n<p>Nous essayons de remplacer par un fruit similaire (au prix d\u2019origine si le fruit de remplacement est \u00e0 un prix sup\u00e9rieur), et nous faisons notre maximum pour vous en informer \u00e0 l\u2019avance par e-mail ou SMS. Cependant, nous n\u2019avons pas toujours un fruit similaire en disponibilit\u00e9 suffisante. Auquel cas nous n\u2019envoyons pas le fruit et vous le remboursons.<\/p>\n<h5 id=\"question-13\" class=\"card-header\"><strong>Comment puis-je utiliser un coupon de r\u00e9duction ?<\/strong><\/h5>\n<div id=\"answer-13\" class=\"collapse show\" aria-labelledby=\"question-13\" data-parent=\"#accordion-faq\">\n<div class=\"card-body\">\n<p>Sur la page de paiement, entrez votre code PROMO dans le champ \u00ab code PROMO \u00bb puis cliquez sur \u00ab Appliquer le code promo \u00bb. Le code ainsi enregistr\u00e9 dans votre commande sera pris en compte.<br \/>\nSi le code promo ne fonctionne pas, nous pouvons vous aider au +33 6 38 05 76 18 ou \u00e0 info@rawgroup.org.<\/p>\n<h4 class=\"font-weight-bold\">PRODUITS<\/h4>\n<h5 id=\"question-3\" class=\"card-header\"><strong>\u00cates-vous certifi\u00e9s biologiques\u202f?<\/strong><\/h5>\n<div id=\"answer-3\" class=\"collapse show\" aria-labelledby=\"question-3\" data-parent=\"#accordion-faq\">\n<div class=\"card-body\">\n<p>Nous proposons des fruits frais, m\u00fbris sur l\u2019arbre et de qualit\u00e9 biologique. La plupart des fruits vendus ont le certificat bio du producteur, d&rsquo;autres ne l&rsquo;ont pas car les fruits sont soit sauvages, soit indisponibles en bio \u00e0 notre connaissance. Quoiqu&rsquo;il en soit, il n&rsquo;y a pas de produits chimiques, ni traitement, ni transformation thermique.<\/p>\n<div id=\"question-4\" class=\"card-header\"><\/div>\n<h5 id=\"question-5\" class=\"card-header\"><strong>Vos produits sont-ils crus et v\u00e9ganes\u202f?<\/strong><\/h5>\n<div id=\"answer-5\" class=\"collapse show\" aria-labelledby=\"question-5\" data-parent=\"#accordion-faq\">\n<div class=\"card-body\">\n<p>Tous nos produits sont crus, et nous vendons du miel et du pollen.<br \/>\nPourquoi crus\u202f? Parce les aliments crus pr\u00e9servent au mieux leurs nutriments et enzymes. Ils sont s\u00e9lectionn\u00e9s pour leurs qualit\u00e9s gustatives sans besoin de cuisson.<\/p>\n<div id=\"question-6\" class=\"card-header\"><\/div>\n<h5 id=\"question-7\" class=\"card-header\"><strong>N\u2019est-ce pas contraire au bon sens de faire venir des fruits exotiques en Europe\u202f?<\/strong><\/h5>\n<div id=\"answer-7\" class=\"collapse show\" aria-labelledby=\"question-7\" data-parent=\"#accordion-faq\">\n<div class=\"card-body\">\n<p>Cultiver soi-m\u00eame dans son jardin ou acheter \u00e0 un producteur bio local, c\u2019est l\u2019id\u00e9al.<br \/>\nCependant pour une sant\u00e9 optimale et le plaisir des papilles, surtout en p\u00e9riode hivernale, le soleil des fruits exotiques apportent les vitamines, douceur et min\u00e9raux dont notre corps a besoin et dont nous sommes nombreux \u00e0 manquer.<br \/>\nLa tr\u00e8s grande majorit\u00e9 de nos fruits subtropicaux ou tropicaux viennent de petits producteurs bio d\u2019Andalousie et ne voyagent que par la route.<br \/>\nPour les fruits que nous faisons venir de plus loin,\u00a0 qui sont rares sur notre site, ils voyagent par avion. Heureusement, nous pouvons profiter de vols r\u00e9guliers (avions avec passagers qui volent de toute fa\u00e7on, avec ou sans nos produits) pour apporter \u00e0 nos clients une grande fra\u00eecheur et un maximum de nutriments, en limitant l\u2019impact \u00e9cologique.<\/p>\n<\/div>\n<\/div>\n<\/div>\n<\/div>\n<\/div>\n<\/div>\n<\/div>\n<\/div>\n<\/div>\n<\/div>\n<\/div>\n<\/div>\n<\/div>\n<\/div>\n<h5 id=\"question-9\" class=\"card-header\"><b>Vos fruits arriveront-ils m\u00fbrs chez moi, \u00ab\u00a0pr\u00eats \u00e0 manger\u00a0\u00bb?<\/b><\/h5>\n<div id=\"answer-9\" class=\"collapse show\" aria-labelledby=\"question-9\" data-parent=\"#accordion-faq\">\n<div class=\"card-body\">\n<p>L\u2019une de nos pr\u00e9occupations les plus importantes est que nos fruits soient cueillis puis exp\u00e9di\u00e9s au bon \u00e9tat de maturit\u00e9 !<br \/>\nLa maturit\u00e9 pour la r\u00e9colte (ou maturit\u00e9 physiologique) ne correspond pas n\u00e9cessairement \u00e0 la maturit\u00e9 pour la consommation. Il y a des fruits tels que l\u2019avocat, le kaki ou la banane qui sont r\u00e9colt\u00e9s plus durs qu\u2019ils ne sont consomm\u00e9s. La maturit\u00e9 physiologique signifie que tous les nutriments sont enti\u00e8rement d\u00e9velopp\u00e9s et que le fruit peut continuer \u00e0 m\u00fbrir apr\u00e8s la cueillette m\u00eame sans additifs artificiels !<br \/>\nPour que les fruits arrivent chez vous en toute s\u00e9curit\u00e9, nous les exp\u00e9dions un peu plus fermes si possible, afin qu\u2019ils soient \u00e0 parfaite maturit\u00e9 pour votre d\u00e9gustation apr\u00e8s un stockage de deux ou trois jours en moyenne \u00e0 temp\u00e9rature ambiante.<br \/>\nIl est possible d&rsquo;acc\u00e9l\u00e9rer la maturit\u00e9 de la plupart des fruits, en les rapprochant de pommes ou de bananes. N&rsquo;h\u00e9sitez pas \u00e0 nous contacter sur info@rawgroup.org pour plus de renseignements sur la maturation des fruits.<\/p>\n<h4 class=\"font-weight-bold\">PAIEMENT<\/h4>\n<h5 id=\"question-15\" class=\"card-header\"><strong>Comment puis-je payer ma commande\u202f?<\/strong><\/h5>\n<div id=\"answer-15\" class=\"collapse show\" aria-labelledby=\"question-15\" data-parent=\"#accordion-faq\">\n<div class=\"card-body\">\n<p>Nous offrons plusieurs options de paiement\u202f:<\/p>\n<ul>\n<li>Carte de cr\u00e9dit (Mastercard, Visa, American Express, etc.)<\/li>\n<li>Paypal<\/li>\n<li>Virement bancaire \u00e0 l&rsquo;avance<\/li>\n<li>Ch\u00e8que<\/li>\n<\/ul>\n<div id=\"question-15\" class=\"card-header\"><\/div>\n<h5 id=\"question-16\" class=\"card-header\"><strong>Votre syst\u00e8me de paiement est-il s\u00fbr\u202f?<\/strong><\/h5>\n<div id=\"answer-16\" class=\"collapse show\" aria-labelledby=\"question-16\" data-parent=\"#accordion-faq\">\n<div class=\"card-body\">\n<p>Les paiements sur le site www.rawgroup.org sont enti\u00e8rement s\u00e9curis\u00e9s. Notre site web utilise les technologies de s\u00e9curit\u00e9 les plus avanc\u00e9es\u202f: HTTPS et SSL. Les informations de paiement sont envoy\u00e9es crypt\u00e9es directement \u00e0 Stripe ou Paypal, nos fournisseurs de paiement en ligne, sans passer par nos serveurs. Vous pouvez donc effectuer vos paiements sur notre site web en toute s\u00e9curit\u00e9.<\/p>\n<\/div>\n<\/div>\n<\/div>\n<\/div>\n<\/div>\n<\/div>\n<\/div>\n<div class=\"card-header\"><\/div>\n","protected":false},"excerpt":{"rendered":"<p>Les fruits que nous proposons sont cueillis quelques jours seulement avant leur exp\u00e9dition, contrairement \u00e0 la pratique qui consiste, en mono-culture, \u00e0 cueillir les fruits avant leur maturit\u00e9 car ils sont ensuite stock\u00e9s en chambre froide pour \u00eatre conserv\u00e9s plus longtemps&#8230; en effet, la r\u00e9colte est longue \u00e0 revendre. Les fruits sont \u00e9galement cueillis \u00e0 [&hellip;]<\/p>\n","protected":false},"author":1,"featured_media":0,"parent":15,"menu_order":0,"comment_status":"closed","ping_status":"open","template":"","meta":{"footnotes":""},"class_list":["post-89","page","type-page","status-publish","hentry"],"jetpack_sharing_enabled":true,"_links":{"self":[{"href":"https:\/\/rawgroup.org\/index.php?rest_route=\/wp\/v2\/pages\/89","targetHints":{"allow":["GET"]}}],"collection":[{"href":"https:\/\/rawgroup.org\/index.php?rest_route=\/wp\/v2\/pages"}],"about":[{"href":"https:\/\/rawgroup.org\/index.php?rest_route=\/wp\/v2\/types\/page"}],"author":[{"embeddable":true,"href":"https:\/\/rawgroup.org\/index.php?rest_route=\/wp\/v2\/users\/1"}],"replies":[{"embeddable":true,"href":"https:\/\/rawgroup.org\/index.php?rest_route=%2Fwp%2Fv2%2Fcomments&post=89"}],"version-history":[{"count":10,"href":"https:\/\/rawgroup.org\/index.php?rest_route=\/wp\/v2\/pages\/89\/revisions"}],"predecessor-version":[{"id":15745,"href":"https:\/\/rawgroup.org\/index.php?rest_route=\/wp\/v2\/pages\/89\/revisions\/15745"}],"up":[{"embeddable":true,"href":"https:\/\/rawgroup.org\/index.php?rest_route=\/wp\/v2\/pages\/15"}],"wp:attachment":[{"href":"https:\/\/rawgroup.org\/index.php?rest_route=%2Fwp%2Fv2%2Fmedia&parent=89"}],"curies":[{"name":"wp","href":"https:\/\/api.w.org\/{rel}","templated":true}]}}