{"id":84,"date":"2014-10-23T01:49:36","date_gmt":"2014-10-23T00:49:36","guid":{"rendered":"http:\/\/rawgroup.org\/?page_id=84"},"modified":"2021-03-23T00:32:49","modified_gmt":"2021-03-22T23:32:49","slug":"qui-sommes-nous","status":"publish","type":"page","link":"https:\/\/rawgroup.org\/?page_id=84","title":{"rendered":"Qui sommes-nous ?"},"content":{"rendered":"<p>Tout d&rsquo;abord arboriculteur dans l&rsquo;H\u00e9rault, j&rsquo;ai ouvert Raw&rsquo;Group en 2014. C&rsquo;est une entreprise fran\u00e7aise qui propose plusieurs services en rapport avec les fruits et l\u00e9gumes crus, locaux et exotiques, de qualit\u00e9 biologique :<br \/>\n&#8211; Nous sommes pr\u00e9sents sur les <strong>march\u00e9s Bio<\/strong> des Arceaux \u00e0 Montpellier et de B\u00e9ziers.<br \/>\n&#8211; Nous effectuons des <strong>livraisons aux particuliers<\/strong> partout en France.<br \/>\n&#8211; Animation d&rsquo;<strong>ateliers de crusine<\/strong> aupr\u00e8s des personnes de tous \u00e2ges, de <strong>plantations p\u00e9dagogiques <\/strong>sur nos terres.<br \/>\n&#8211; Commercialisation de plats crus et de jus crus fabriqu\u00e9s avec un Norwalk.<br \/>\n&#8211; Nous avons une activit\u00e9 de <strong>grossiste<\/strong> : nous faisons le relais entre les producteurs de France, d\u2019Espagne, et d\u2019Indon\u00e9sie, et les personnes qui se regroupent pour acheter en grande quantit\u00e9, en tant que boutique de vente directe ou associations de groupement d&rsquo;achat.<\/p>\n<p><strong>D\u2019o\u00f9 me vient ma passion\u00a0?<\/strong><\/p>\n<p>J\u2019ai commenc\u00e9 \u00e0 manger cru en 2010 pour des raisons de sant\u00e9. Depuis mon enfance, je souffrais de bronchites asthmatiformes tr\u00e8s fortes. Devenu adulte, les crises d\u2019asthme \u00e9taient continuelles et intenses, elles m\u2019immobilisaient. Je voyais ma vie d\u00e9filer et j\u2019\u00e9tais dans l\u2019incapacit\u00e9 de la vivre. Le changement d\u2019alimentation m\u2019a remis sur pieds. Tr\u00e8s rapidement je retrouvais l\u2019\u00e9nergie et la forme. J\u2019ai continu\u00e9 de manger ainsi, pour mon plus grand plaisir !<\/p>\n<p>Cependant d\u00e8s le d\u00e9but je constatais la difficult\u00e9 de l\u2019approvisionnement en fruits de qualit\u00e9. Une fois renseign\u00e9 sur les traitements que subissent les fruits au niveau de la cuisson, j\u2019\u00e9tais horrifi\u00e9 de voir ce que je consommais depuis des ann\u00e9es, bien que mangeant bio et v\u00e9g\u00e9tarien\u00a0:<\/p>\n<p>&#8211; Les cl\u00e9mentines sont chauff\u00e9es pour \u00e9viter les moisissures et color\u00e9es \u00e0 la cire orange pour cacher qu\u2019elles sont cueillies et vendues vertes.<br \/>\n&#8211; Les fruits \u00e0 coque, m\u00eame non d\u00e9cortiqu\u00e9s, sont chauff\u00e9s pour ne pas moisir et \u00eatre ainsi stock\u00e9s plus longtemps<br \/>\n&#8211; Les mangues sont tremp\u00e9es dans des bains chauds anti-fongiques \u00e0 80\u00b0C<br \/>\n&#8211; Les raisins sont enduits d\u2019huile de tournesol chauff\u00e9e<br \/>\n&#8211; Les p\u00eaches et nectarines sont cueillies avec plus de 3 semaines avant leur maturit\u00e9, ils ne contiennent m\u00eame pas la moiti\u00e9 de leur taux de sucre optimal.<br \/>\n&#8211; Les arachides, les pistaches\u2026 grill\u00e9es et sal\u00e9es\u2026 impossible de les trouver crues par ici<br \/>\n&#8211; etc&#8230;<\/p>\n<p><a href=\"http:\/\/rawgroup.org\/wp-content\/uploads\/2014\/10\/pommiers.jpg\"><img loading=\"lazy\" decoding=\"async\" class=\"alignnone wp-image-23\" src=\"http:\/\/rawgroup.org\/wp-content\/uploads\/2014\/10\/pommiers.jpg\" alt=\"pommiers\" width=\"769\" height=\"545\" srcset=\"https:\/\/rawgroup.org\/wp-content\/uploads\/2014\/10\/pommiers.jpg 950w, https:\/\/rawgroup.org\/wp-content\/uploads\/2014\/10\/pommiers-416x295.jpg 416w, https:\/\/rawgroup.org\/wp-content\/uploads\/2014\/10\/pommiers-300x212.jpg 300w\" sizes=\"auto, (max-width: 769px) 100vw, 769px\" \/><\/a><br \/>\n<strong><br \/>\nJe privil\u00e9gie les fruits qui sont savoureux mang\u00e9s crus, sans avoir besoin de les pr\u00e9parer, des vari\u00e9t\u00e9s anciennes et oubli\u00e9es.<\/strong><\/p>\n<p>Au fils des d\u00e9cennies, les esp\u00e8ces vendues sur les \u00e9tales ont \u00e9t\u00e9 s\u00e9lectionn\u00e9es pour leurs valeurs gustatives une fois cuites. Ce qui fait que crues, elles sont peu sucr\u00e9es et manquent cruellement de l\u2019originalit\u00e9 qui r\u00e9veillerait nos papilles.<br \/>\nA l\u2019heure du <strong>\u00ab\u00a05 fruits et l\u00e9gumes frais par jour\u00a0\u00bb<\/strong>, les fruits manquent d\u2019attrait et sont chauff\u00e9s\u2026 donc pas frais\u2026<br \/>\nLes fruits que je vous propose seront cueillis \u00e0 leur <strong>pleine maturit\u00e9<\/strong>, vous d\u00e9couvrirez ainsi un taux de sucre et une saveur qui n\u2019ont rien \u00e0 voir avec les fruits du commerce, une re-d\u00e9couverte.<\/p>\n<p><a href=\"http:\/\/rawgroup.org\/wp-content\/uploads\/2014\/10\/nefles-petits-fruits-oublies-L-y95qjH.jpeg\"><img loading=\"lazy\" decoding=\"async\" class=\"alignnone wp-image-85\" src=\"http:\/\/rawgroup.org\/wp-content\/uploads\/2014\/10\/nefles-petits-fruits-oublies-L-y95qjH.jpeg\" alt=\"nefles-petits-fruits-oublies-L-y95qjH\" width=\"567\" height=\"425\" srcset=\"https:\/\/rawgroup.org\/wp-content\/uploads\/2014\/10\/nefles-petits-fruits-oublies-L-y95qjH.jpeg 550w, https:\/\/rawgroup.org\/wp-content\/uploads\/2014\/10\/nefles-petits-fruits-oublies-L-y95qjH-416x312.jpeg 416w, https:\/\/rawgroup.org\/wp-content\/uploads\/2014\/10\/nefles-petits-fruits-oublies-L-y95qjH-300x224.jpeg 300w\" sizes=\"auto, (max-width: 567px) 100vw, 567px\" \/><\/a><\/p>\n","protected":false},"excerpt":{"rendered":"<p>Tout d&rsquo;abord arboriculteur dans l&rsquo;H\u00e9rault, j&rsquo;ai ouvert Raw&rsquo;Group en 2014. C&rsquo;est une entreprise fran\u00e7aise qui propose plusieurs services en rapport avec les fruits et l\u00e9gumes crus, locaux et exotiques, de qualit\u00e9 biologique : &#8211; Nous sommes pr\u00e9sents sur les march\u00e9s Bio des Arceaux \u00e0 Montpellier et de B\u00e9ziers. &#8211; Nous effectuons des livraisons aux particuliers [&hellip;]<\/p>\n","protected":false},"author":1,"featured_media":0,"parent":15,"menu_order":0,"comment_status":"closed","ping_status":"open","template":"","meta":{"footnotes":""},"class_list":["post-84","page","type-page","status-publish","hentry"],"jetpack_sharing_enabled":true,"_links":{"self":[{"href":"https:\/\/rawgroup.org\/index.php?rest_route=\/wp\/v2\/pages\/84","targetHints":{"allow":["GET"]}}],"collection":[{"href":"https:\/\/rawgroup.org\/index.php?rest_route=\/wp\/v2\/pages"}],"about":[{"href":"https:\/\/rawgroup.org\/index.php?rest_route=\/wp\/v2\/types\/page"}],"author":[{"embeddable":true,"href":"https:\/\/rawgroup.org\/index.php?rest_route=\/wp\/v2\/users\/1"}],"replies":[{"embeddable":true,"href":"https:\/\/rawgroup.org\/index.php?rest_route=%2Fwp%2Fv2%2Fcomments&post=84"}],"version-history":[{"count":7,"href":"https:\/\/rawgroup.org\/index.php?rest_route=\/wp\/v2\/pages\/84\/revisions"}],"predecessor-version":[{"id":15755,"href":"https:\/\/rawgroup.org\/index.php?rest_route=\/wp\/v2\/pages\/84\/revisions\/15755"}],"up":[{"embeddable":true,"href":"https:\/\/rawgroup.org\/index.php?rest_route=\/wp\/v2\/pages\/15"}],"wp:attachment":[{"href":"https:\/\/rawgroup.org\/index.php?rest_route=%2Fwp%2Fv2%2Fmedia&parent=84"}],"curies":[{"name":"wp","href":"https:\/\/api.w.org\/{rel}","templated":true}]}}