{"id":15,"date":"2014-10-22T19:48:11","date_gmt":"2014-10-22T18:48:11","guid":{"rendered":"http:\/\/rawgroup.org\/?page_id=15"},"modified":"2021-03-22T23:51:48","modified_gmt":"2021-03-22T22:51:48","slug":"qui-sommes-nous-quel-est-notre-fonctionnement","status":"publish","type":"page","link":"https:\/\/rawgroup.org\/?page_id=15","title":{"rendered":"Pr\u00e9sentation"},"content":{"rendered":"<p style=\"text-align: left;\">Raw Group est une entreprise fran\u00e7aise qui fait le relais entre les producteurs de France, d&rsquo;Espagne, et d&rsquo;Indon\u00e9sie, et les personnes qui souhaitent les acheter, r\u00e9unies en groupements d&rsquo;achat par zone.<\/p>\n<p><strong>Objectifs et \u00e9thique :<\/strong><br \/>\n&#8211; Donner \u00e0 chacun l&rsquo;acc\u00e8s \u00e0 des aliments crus de qualit\u00e9.<br \/>\n&#8211; Favoriser la cr\u00e9ation de liens en local.<br \/>\n&#8211; Participer au renforcement des liens avec les producteurs locaux.<br \/>\n&#8211; Favoriser la culture crue.<br \/>\n&#8211; Favoriser les fruits oubli\u00e9s.<br \/>\n&#8211; Favoriser une alimentation de plus en plus crue.<\/p>\n<p>Nous sommes en lien continu, personnels et professionnels, avec les producteurs dont nous vous proposons les fruits, l\u00e9gumes, et noix. Nous portons une attention sp\u00e9ciale \u00e0 la fa\u00e7on dont les cultures sont men\u00e9es : pas de traitement, pas de chauffage, pas de trempage, pas de stockage \u00e0 froid, pas de conditionnement pour le transport, pas de compost chauff\u00e9, etc.<\/p>\n<p>Nous avons choisi des producteurs de confiance qui proposent des aliments de qualit\u00e9, et ne souhaitons pas les mettre en concurrence avec des aliments bon march\u00e9 et de moins bonne qualit\u00e9. Ceci pr\u00e9serve la p\u00e9rennit\u00e9 de leur production. Nous v\u00e9rifions donc, avant d&rsquo;accepter un nouveau producteur, que ce qu&rsquo;il produit correspond \u00e0 nos attentes en terme de culture, de maturit\u00e9, et de qualit\u00e9 gustative.<\/p>\n","protected":false},"excerpt":{"rendered":"<p>Raw Group est une entreprise fran\u00e7aise qui fait le relais entre les producteurs de France, d&rsquo;Espagne, et d&rsquo;Indon\u00e9sie, et les personnes qui souhaitent les acheter, r\u00e9unies en groupements d&rsquo;achat par zone. Objectifs et \u00e9thique : &#8211; Donner \u00e0 chacun l&rsquo;acc\u00e8s \u00e0 des aliments crus de qualit\u00e9. &#8211; Favoriser la cr\u00e9ation de liens en local. &#8211; [&hellip;]<\/p>\n","protected":false},"author":1,"featured_media":0,"parent":0,"menu_order":1,"comment_status":"closed","ping_status":"open","template":"","meta":{"footnotes":""},"class_list":["post-15","page","type-page","status-publish","hentry"],"jetpack_sharing_enabled":true,"_links":{"self":[{"href":"https:\/\/rawgroup.org\/index.php?rest_route=\/wp\/v2\/pages\/15","targetHints":{"allow":["GET"]}}],"collection":[{"href":"https:\/\/rawgroup.org\/index.php?rest_route=\/wp\/v2\/pages"}],"about":[{"href":"https:\/\/rawgroup.org\/index.php?rest_route=\/wp\/v2\/types\/page"}],"author":[{"embeddable":true,"href":"https:\/\/rawgroup.org\/index.php?rest_route=\/wp\/v2\/users\/1"}],"replies":[{"embeddable":true,"href":"https:\/\/rawgroup.org\/index.php?rest_route=%2Fwp%2Fv2%2Fcomments&post=15"}],"version-history":[{"count":6,"href":"https:\/\/rawgroup.org\/index.php?rest_route=\/wp\/v2\/pages\/15\/revisions"}],"predecessor-version":[{"id":15742,"href":"https:\/\/rawgroup.org\/index.php?rest_route=\/wp\/v2\/pages\/15\/revisions\/15742"}],"wp:attachment":[{"href":"https:\/\/rawgroup.org\/index.php?rest_route=%2Fwp%2Fv2%2Fmedia&parent=15"}],"curies":[{"name":"wp","href":"https:\/\/api.w.org\/{rel}","templated":true}]}}