{"id":1110,"date":"2019-06-20T10:43:35","date_gmt":"2019-06-20T08:43:35","guid":{"rendered":"http:\/\/rawgroup.org\/?page_id=1110"},"modified":"2024-03-29T09:40:12","modified_gmt":"2024-03-29T08:40:12","slug":"conditions-generales-de-vente","status":"publish","type":"page","link":"https:\/\/rawgroup.org\/?page_id=1110","title":{"rendered":"Conditions G\u00e9n\u00e9rales de Vente"},"content":{"rendered":"\r\n<p><strong>Rawgroup<\/strong><\/p>\r\n\r\n\r\n\r\n<p>EI RAWGROUP&nbsp;Cathalo 34360 PARDAILHAN<\/p>\r\n\r\n\r\n\r\n<p>info@rawgroup.org<\/p>\r\n\r\n\r\n\r\n<p>Siret&nbsp;751&nbsp;594&nbsp;078 00022&nbsp;RCS B\u00e9ziers<\/p>\r\n\r\n\r\n\r\n<p>Conditions g\u00e9n\u00e9rales de vente des produits vendus sur rawgroup.org<\/p>\r\n\r\n\r\n\r\n<p>Date de derni\u00e8re mise \u00e0 jour&nbsp;20\/06\/2019.<\/p>\r\n\r\n\r\n\r\n<p><strong>Article 1 &#8211; Objet<\/strong><strong><\/strong><\/p>\r\n\r\n\r\n\r\n<p>Les pr\u00e9sentes conditions r\u00e9gissent les ventes par la soci\u00e9t\u00e9 RAWGROUP de produits alimentaires.<\/p>\r\n\r\n\r\n\r\n<p><strong>Article 2 &#8211; Prix<\/strong><strong><\/strong><\/p>\r\n\r\n\r\n\r\n<p>Les prix de nos produits sont indiqu\u00e9s en euros toutes taxes comprises, sauf indication contraire et hors frais de traitement et d&rsquo;exp\u00e9dition.&nbsp;<\/p>\r\n\r\n\r\n\r\n<p>En cas de commande vers un pays autre que la France m\u00e9tropolitaine vous \u00eates l&rsquo;importateur du ou des produits concern\u00e9s. Des droits de douane ou autres taxes locales ou droits d&rsquo;importation ou taxes d&rsquo;\u00e9tat sont susceptibles d&rsquo;\u00eatre exigibles. Ces droits et sommes ne rel\u00e8vent pas du ressort de la soci\u00e9t\u00e9 RAWGROUP. Ils seront \u00e0 votre charge et rel\u00e8vent de votre enti\u00e8re responsabilit\u00e9, tant en termes de d\u00e9clarations que de paiements aux autorit\u00e9s et organismes comp\u00e9tents de votre pays. Nous vous conseillons de vous renseigner sur ces aspects aupr\u00e8s de vos autorit\u00e9s locales.&nbsp;<\/p>\r\n\r\n\r\n\r\n<p>Toutes les commandes quelle que soit leur origine sont payables en euros. &nbsp;<\/p>\r\n\r\n\r\n\r\n<p>La soci\u00e9t\u00e9 RAWGROUP se r\u00e9serve le droit de modifier ses prix \u00e0 tout moment, mais le produit sera factur\u00e9 sur la base du tarif en vigueur au moment de la validation de la commande et sous r\u00e9serve de disponibilit\u00e9.&nbsp;<\/p>\r\n\r\n\r\n\r\n<p>Les produits demeurent la propri\u00e9t\u00e9 de la soci\u00e9t\u00e9 RAWGROUP jusqu&rsquo;au paiement complet du prix. &nbsp;<\/p>\r\n\r\n\r\n\r\n<p>Attention : d\u00e8s que vous prenez possession physiquement des produits command\u00e9s, les risques de perte ou d&rsquo;endommagement des produits vous sont transf\u00e9r\u00e9s.&nbsp;<\/p>\r\n\r\n\r\n\r\n<p><strong>Article 3 &#8211; Commandes<\/strong><strong><\/strong><\/p>\r\n\r\n\r\n\r\n<p>Vous pouvez passer commande :&nbsp;<\/p>\r\n\r\n\r\n\r\n<p>\u00b7&nbsp;&nbsp;&nbsp;&nbsp;&nbsp;&nbsp;&nbsp;&nbsp; Sur Internet :&nbsp;www.rawgroup.org<\/p>\r\n\r\n\r\n\r\n<p>Les informations contractuelles sont pr\u00e9sent\u00e9es en langue fran\u00e7aise et feront l&rsquo;objet d&rsquo;une confirmation au plus tard au moment de la validation de votre commande. &nbsp;<\/p>\r\n\r\n\r\n\r\n<p>La soci\u00e9t\u00e9 RAWGROUP se r\u00e9serve le droit de ne pas enregistrer un paiement, et de ne pas confirmer une commande pour quelque raison que ce soit, et plus particuli\u00e8rement en cas de probl\u00e8me d&rsquo;approvisionnement, ou en cas de difficult\u00e9 concernant la commande re\u00e7ue.&nbsp;<\/p>\r\n\r\n\r\n\r\n<p><strong>Article 4 &#8211; Validation de votre commande<\/strong><strong><\/strong><\/p>\r\n\r\n\r\n\r\n<p>Toute commande figurant sur le site Internet www.rawgroup.org suppose l&rsquo;adh\u00e9sion aux pr\u00e9sentes Conditions G\u00e9n\u00e9rales. Toute confirmation de commande entra\u00eene votre adh\u00e9sion pleine et enti\u00e8re aux pr\u00e9sentes conditions g\u00e9n\u00e9rales de vente, sans exception ni r\u00e9serve. &nbsp;<\/p>\r\n\r\n\r\n\r\n<p>L&rsquo;ensemble des donn\u00e9es fournies et la confirmation enregistr\u00e9e vaudront preuve de la transaction.&nbsp;<\/p>\r\n\r\n\r\n\r\n<p>Vous d\u00e9clarez en avoir parfaite connaissance. &nbsp;<\/p>\r\n\r\n\r\n\r\n<p>La confirmation de commande vaudra signature et acceptation des op\u00e9rations effectu\u00e9es. &nbsp;<\/p>\r\n\r\n\r\n\r\n<p><strong>Article 5 &#8211; Paiement<\/strong><strong><\/strong><\/p>\r\n\r\n\r\n\r\n<p>Le fait de valider votre commande implique pour vous l&rsquo;obligation de payer le prix indiqu\u00e9. &nbsp;<\/p>\r\n\r\n\r\n\r\n<p>Le r\u00e8glement de vos achats s&rsquo;effectue par carte bancaire gr\u00e2ce aux syst\u00e8mes s\u00e9curis\u00e9s Paypal ou Stripe ou par virement.<\/p>\r\n\r\n\r\n\r\n<p><strong>Article 6 &#8211; R\u00e9tractation<\/strong><strong><\/strong><\/p>\r\n\r\n\r\n\r\n<p>Droit de r\u00e9tractation<\/p>\r\n\r\n\r\n\r\n<p>Vous avez le droit de vous r\u00e9tracter du pr\u00e9sent contrat sans donner de motif dans un d\u00e9lai de quatorze jours. Le d\u00e9lai de r\u00e9tractation expire quatorze jours apr\u00e8s le jour o\u00f9 vous-m\u00eame, ou un tiers autre que le transporteur et d\u00e9sign\u00e9 par vous, prend physiquement possession du dernier bien.<\/p>\r\n\r\n\r\n\r\n<p>Pour exercer le droit de r\u00e9tractation, vous devez nous notifier votre d\u00e9cision de r\u00e9tractation du pr\u00e9sent contrat au moyen d\u2019une d\u00e9claration d\u00e9nu\u00e9e d\u2019ambigu\u00eft\u00e9 (par exemple, lettre envoy\u00e9e par la poste, t\u00e9l\u00e9copie ou courrier \u00e9lectronique) par voie postale \u00e0 l&rsquo;adresse&nbsp;RAWGROUP Cathalo 34360 PARDAILHAN FRANCE ou par e-mail \u00e0 l&rsquo;adresse info@rawgroup.org<\/p>\r\n\r\n\r\n\r\n<p>Pour que le d\u00e9lai de r\u00e9tractation soit respect\u00e9, il suffit que vous transmettiez votre communication relative \u00e0 l\u2019exercice du droit de r\u00e9tractation avant l\u2019expiration du d\u00e9lai de r\u00e9tractation. Vous devrez renvoyer ou rendre le bien, \u00e0&nbsp;RAWGROUP, 25 avenue Joseph Lazare, 34500 BEZIERS, FRANCE, sans retard excessif et, en tout \u00e9tat de cause, au plus tard quatorze jours apr\u00e8s r\u00e9ception de votre commande. Ce d\u00e9lai est r\u00e9put\u00e9 respect\u00e9 si vous renvoyez le bien avant l\u2019expiration du d\u00e9lai de quatorze jours. Vous devrez prendre en charge les frais directs de renvoi du bien. De plus, les biens retourn\u00e9s doivent \u00eatre dans le m\u00eame \u00e9tat qu&rsquo;ils vous ont \u00e9t\u00e9 envoy\u00e9s, pr\u00eat \u00e0 \u00eatre remis en vente. Dans le cas contraire, nous nous r\u00e9servons le droit d&rsquo;appliquer une d\u00e9cote ou un refus de remboursement.&nbsp;<\/p>\r\n\r\n\r\n\r\n<p>Les frais de retour sont \u00e0 votre charge.<\/p>\r\n\r\n\r\n\r\n<p>Effets de la r\u00e9tractation :<\/p>\r\n\r\n\r\n\r\n<p>En cas de r\u00e9tractation de votre part du pr\u00e9sent contrat, nous vous rembourserons tous les paiements re\u00e7us de vous, y compris les frais de livraison (\u00e0 l\u2019exception des frais suppl\u00e9mentaires d\u00e9coulant du fait que vous avez choisi, le cas \u00e9ch\u00e9ant, un mode de livraison autre que le mode moins co\u00fbteux de livraison standard propos\u00e9 par nous) sans retard excessif et, en tout \u00e9tat de cause, au plus tard quatorze jours \u00e0 compter du jour o\u00f9 nous sommes inform\u00e9s de votre d\u00e9cision de r\u00e9tractation du pr\u00e9sent contrat. Nous proc\u00e9derons au remboursement en utilisant le m\u00eame moyen de paiement que celui que vous aurez utilis\u00e9 pour la transaction initiale, sauf si vous convenez express\u00e9ment d\u2019un moyen diff\u00e9rent ; en tout \u00e9tat de cause, ce remboursement n\u2019occasionnera pas de frais pour vous. Nous pouvons diff\u00e9rer le remboursement jusqu\u2019\u00e0 ce que nous ayons re\u00e7u le bien ou jusqu\u2019\u00e0 ce que vous ayez fourni une preuve d\u2019exp\u00e9dition du bien, la date retenue \u00e9tant celle du premier de ces faits.<\/p>\r\n\r\n\r\n\r\n<p>Exception au droit de r\u00e9tractation :<\/p>\r\n\r\n\r\n\r\n<p>L\u2019exercice du droit de r\u00e9tractation est exclu pour les contrats suivants :<\/p>\r\n\r\n\r\n\r\n<p>&#8211; les contrats de fourniture de biens confectionn\u00e9s selon les sp\u00e9cifications du consommateur ou nettement personnalis\u00e9s ;<\/p>\r\n\r\n\r\n\r\n<p>&#8211; les contrats de fourniture de biens susceptibles de se d\u00e9t\u00e9riorer ou de se p\u00e9rimer rapidement ;<\/p>\r\n\r\n\r\n\r\n<p>&#8211; les contrats de fourniture de biens qui ont \u00e9t\u00e9 descell\u00e9s par le consommateur apr\u00e8s la livraison et qui ne peuvent \u00eatre renvoy\u00e9s pour des raisons d\u2019hygi\u00e8ne ou de protection de la sant\u00e9 ;<\/p>\r\n\r\n\r\n\r\n<p>&#8211; les contrats de fourniture de biens qui, apr\u00e8s avoir \u00e9t\u00e9 livr\u00e9s, et de par leur nature, sont m\u00e9lang\u00e9s de mani\u00e8re indissociable avec d\u2019autres articles.<\/p>\r\n\r\n\r\n\r\n<p><strong>Article 7- Disponibilit\u00e9<\/strong><strong><\/strong><\/p>\r\n\r\n\r\n\r\n<p>Nos produits sont propos\u00e9s tant qu&rsquo;ils sont visibles sur le site www.rawgroup.org et dans la limite des stocks disponibles. Pour les produits non stock\u00e9s, nos offres sont valables sous r\u00e9serve de disponibilit\u00e9 chez nos fournisseurs.<\/p>\r\n\r\n\r\n\r\n<p>En cas d&rsquo;indisponibilit\u00e9 de produit apr\u00e8s passation de votre commande, nous vous en informerons par mail ou SMS. Vous pourrez alors stipuler si vous souhaitez modifier votre commande ou si vous pr\u00e9f\u00e9rez un remboursement.<\/p>\r\n\r\n\r\n\r\n<p><strong>Article 8 &#8211; Livraison<\/strong><strong><\/strong><\/p>\r\n\r\n\r\n\r\n<p>Les produits disponibles sur le site&nbsp;RAWGROUP peuvent \u00eatre livr\u00e9s partout dans le monde.<\/p>\r\n\r\n\r\n\r\n<p>Les produits sont livr\u00e9s \u00e0 l&rsquo;adresse de livraison indiqu\u00e9e au cours du processus de commande, dans le d\u00e9lai indiqu\u00e9 sur la page de validation de la commande.\u00a0 Un  mail de confirmation de prise en charge du colis vous sera envoy\u00e9 avec le lien de suivi, soit par le transporteur, soit par notre prestataire d&rsquo;exp\u00e9dition Boxtal. Il est \u00e0 la charge du client de v\u00e9rifier le suivi de son colis gr\u00e2ce au lien donn\u00e9.  <\/p>\r\n\r\n\r\n\r\n<p>En cas de retard d&rsquo;exp\u00e9dition, un mail vous sera adress\u00e9 pour vous informer d&rsquo;une \u00e9ventuelle cons\u00e9quence sur le d\u00e9lai de livraison qui vous a \u00e9t\u00e9 indiqu\u00e9. &nbsp;Pour toute information ou contestation concernant ses d\u00e9lais, merci de contacter le transporteur.<\/p>\r\n\r\n\r\n\r\n<p>Conform\u00e9ment aux dispositions l\u00e9gales, en cas de retard de livraison, vous b\u00e9n\u00e9ficiez de la possibilit\u00e9 d&rsquo;annuler la commande dans les conditions et modalit\u00e9s d\u00e9finies \u00e0 l&rsquo;article L 138-2 du Code de la Consommation. Si entre temps vous recevez le produit nous proc\u00e9derons \u00e0 son remboursement et aux frais d&rsquo;acheminement dans les conditions de l&rsquo;article L 138-3 du Code de la Consommation.&nbsp;<\/p>\r\n\r\n\r\n\r\n<p>En cas de livraison par un transporteur, la soci\u00e9t\u00e9 RAWGROUP ne peut \u00eatre tenue pour responsable de retard de livraison d\u00fb exclusivement \u00e0 une indisponibilit\u00e9 du client apr\u00e8s plusieurs propositions de rendez-vous.&nbsp;<\/p>\r\n\r\n\r\n\r\n<p>Il appartient au client de toujours v\u00e9rifier son colis \u00e0 l&rsquo;arriv\u00e9e. Le client dispose d&rsquo;un d\u00e9lai de 48 heures pour faire d&rsquo;\u00e9ventuelles r\u00e9serves aupr\u00e8s du service client en cas de manquant ou de d\u00e9gradation.<\/p>\r\n\r\n\r\n\r\n<p>Nous vous conseillons d&rsquo;ouvrir et de v\u00e9rifi\u00e9 votre marchandise avant de signer votre bon de r\u00e9ception.<\/p>\r\n\r\n\r\n\r\n<p><strong>Article 9 &#8211; Garantie<\/strong><strong><\/strong><\/p>\r\n\r\n\r\n\r\n<p>Tous nos produits b\u00e9n\u00e9ficient de la garantie l\u00e9gale de conformit\u00e9 et de la garantie des vices cach\u00e9s, pr\u00e9vues par les articles 1641 et suivants du Code civil. En cas de non-conformit\u00e9 d&rsquo;un produit vendu, il pourra \u00eatre retourn\u00e9, \u00e9chang\u00e9 ou rembours\u00e9. &nbsp;<\/p>\r\n\r\n\r\n\r\n<p>Toutes les r\u00e9clamations, demandes d&rsquo;\u00e9change ou de remboursement doivent s&rsquo;effectuer par&nbsp;mail dans le d\u00e9lai de 30 jours de la livraison.&nbsp;<\/p>\r\n\r\n\r\n\r\n<p>Les frais de retour sont \u00e0 votre charge.<\/p>\r\n\r\n\r\n\r\n<p>Les produits doivent nous \u00eatre retourn\u00e9s dans l&rsquo;\u00e9tat dans lequel vous les avez re\u00e7us avec l&rsquo;ensemble des \u00e9l\u00e9ments (accessoires, emballage, notice&#8230;).<\/p>\r\n\r\n\r\n\r\n<p>Les dispositions de cet Article ne vous emp\u00eachent pas de b\u00e9n\u00e9ficier du droit de r\u00e9tractation pr\u00e9vu \u00e0 l&rsquo;article 6.&nbsp;<\/p>\r\n\r\n\r\n\r\n<p><strong>Article 10 &#8211; Responsabilit\u00e9<\/strong><strong><\/strong><\/p>\r\n\r\n\r\n\r\n<p>Les produits propos\u00e9s sont conformes \u00e0 la l\u00e9gislation fran\u00e7aise en vigueur. La responsabilit\u00e9 de la soci\u00e9t\u00e9&nbsp;RAWGROUP ne saurait \u00eatre engag\u00e9e en cas de non-respect de la l\u00e9gislation du pays o\u00f9 le produit est livr\u00e9. Il vous appartient de v\u00e9rifier aupr\u00e8s des autorit\u00e9s locales les possibilit\u00e9s d&rsquo;importation ou d&rsquo;utilisation des produits ou services que vous envisagez de commander.&nbsp;<\/p>\r\n\r\n\r\n\r\n<p>Par ailleurs, la soci\u00e9t\u00e9&nbsp;RAWGROUP ne saurait \u00eatre tenue pour responsable des dommages r\u00e9sultant d&rsquo;une mauvaise utilisation du produit achet\u00e9.&nbsp;<\/p>\r\n\r\n\r\n\r\n<p><strong>Article 11 &#8211; Droit applicable en cas de litiges<\/strong><strong><\/strong><\/p>\r\n\r\n\r\n\r\n<p>La langue du pr\u00e9sent contrat est la langue fran\u00e7aise. Les pr\u00e9sentes conditions de vente sont soumises \u00e0 la loi fran\u00e7aise. En cas de litige, les tribunaux fran\u00e7ais seront les seuls comp\u00e9tents.&nbsp;<\/p>\r\n\r\n\r\n\r\n<p><strong>Article 12 &#8211; Propri\u00e9t\u00e9 intellectuelle<\/strong><strong><\/strong><\/p>\r\n\r\n\r\n\r\n<p>Tous les \u00e9l\u00e9ments du site www.rawgroup.org sont et restent la propri\u00e9t\u00e9 intellectuelle et exclusive de la soci\u00e9t\u00e9&nbsp;RAWGROUP. Nul n&rsquo;est autoris\u00e9 \u00e0 reproduire, exploiter, rediffuser, ou utiliser \u00e0 quelque titre que ce soit, m\u00eame partiellement, des \u00e9l\u00e9ments du site qu&rsquo;ils soient logiciels, visuels ou sonores. Tout lien simple ou par hypertexte est strictement interdit sans un accord \u00e9crit expr\u00e8s de la soci\u00e9t\u00e9 RAWGROUP<br> &nbsp;<\/p>\r\n\r\n\r\n\r\n<p><strong>Article 13 &#8211; Donn\u00e9es personnelles<\/strong><strong><\/strong><\/p>\r\n\r\n\r\n\r\n<p>La soci\u00e9t\u00e9 RAWGROUP se r\u00e9serve le droit de collecter les informations nominatives et les donn\u00e9es personnelles vous concernant. Elles sont n\u00e9cessaires \u00e0 la gestion de votre commande, ainsi qu&rsquo;\u00e0 l&rsquo;am\u00e9lioration des services et des informations que nous vous adressons. &nbsp;<\/p>\r\n\r\n\r\n\r\n<p>Elles peuvent aussi \u00eatre transmises aux soci\u00e9t\u00e9s qui contribuent \u00e0 ces relations, telles que celles charg\u00e9es de l&rsquo;ex\u00e9cution des services et commandes pour leur gestion, ex\u00e9cution, traitement et paiement. &nbsp;<\/p>\r\n\r\n\r\n\r\n<p>Ces informations et donn\u00e9es sont \u00e9galement conserv\u00e9es \u00e0 des fins de s\u00e9curit\u00e9, afin de respecter les obligations l\u00e9gales et r\u00e9glementaires. &nbsp;<\/p>\r\n\r\n\r\n\r\n<p>Conform\u00e9ment \u00e0 la loi du 6 janvier 1978, vous disposez d&rsquo;un droit d&rsquo;acc\u00e8s, de rectification et d&rsquo;opposition aux informations nominatives et aux donn\u00e9es personnelles vous concernant, directement sur le site Internet.&nbsp;<\/p>\r\n\r\n\r\n\r\n<p>Politique de protection des donn\u00e9es \u00e0 caract\u00e8re personnel :<\/p>\r\n\r\n\r\n\r\n<p>Lors de votre navigation sur notre site, vous \u00eates amen\u00e9s \u00e0 nous communiquer des donn\u00e9es personnelles. Nous vous remercions de votre confiance et tenons \u00e0 vous informer ici sur l\u2019utilisation de vos donn\u00e9es ainsi que sur vos droits.<\/p>\r\n\r\n\r\n\r\n<p>Finalit\u00e9s de la collecte et du traitement des donn\u00e9es :<\/p>\r\n\r\n\r\n\r\n<p>Les donn\u00e9es personnelles collect\u00e9es sur notre site sont utilis\u00e9es pour r\u00e9aliser le traitement des commandes et g\u00e9rer la relation commerciale (livraisons, factures, service apr\u00e8s-vente). Nous pouvons \u00e9galement utiliser vos donn\u00e9es \u00e0 des fins publicitaires, soit apr\u00e8s avoir recueilli votre consentement expr\u00e8s, soit dans les limites autoris\u00e9es par la loi. Nous sommes \u00e9galement susceptibles d\u2019utiliser vos donn\u00e9es pour satisfaire le cas \u00e9ch\u00e9ant \u00e0 nos obligations l\u00e9gales et\/ou r\u00e9glementaires.<\/p>\r\n\r\n\r\n\r\n<p>Destinataires des donn\u00e9es \u00e0 caract\u00e8re personnel :<\/p>\r\n\r\n\r\n\r\n<p>Les destinataires de vos donn\u00e9es \u00e0 caract\u00e8re personnel collect\u00e9es sur notre site sont en tout premier lieu nous-m\u00eames pour le traitement de vos commandes et la gestion de la relation client. D\u2019autres destinataires de vos donn\u00e9es personnelles sont, le cas \u00e9ch\u00e9ant, nos prestataires de moyens de paiement ou de s\u00e9curisation des paiements, nos prestataires de livraison, nos partenaires commerciaux. Dans le cas o\u00f9 cela est exig\u00e9 par la loi, votre consentement est recueilli ou une possibilit\u00e9 de refus vous est am\u00e9nag\u00e9e avant toute transmission de donn\u00e9es.<\/p>\r\n\r\n\r\n\r\n<p>Vos Droits :<\/p>\r\n\r\n\r\n\r\n<p>Il est rappel\u00e9 que la personne dont les donn\u00e9es \u00e0 caract\u00e8re personnel sont trait\u00e9es b\u00e9n\u00e9ficie des droits d\u2019acc\u00e8s, de rectification et d\u2019opposition au traitement de ses donn\u00e9es \u00e0 caract\u00e8re personnel. Vous pouvez exercer ces droits en vous adressant au service client.<\/p>\r\n\r\n\r\n\r\n<p>Cookies :<\/p>\r\n\r\n\r\n\r\n<p>Notre site internet utilise des cookies. Il s\u2019agit de petits fichiers texte enregistr\u00e9s sur votre disque dur. Les cookies utilis\u00e9s sur notre site nous permettent de vous proposer les services suivants :<\/p>\r\n\r\n\r\n\r\n<p>\u00b7&nbsp;&nbsp;&nbsp;&nbsp;&nbsp;&nbsp;&nbsp;&nbsp; liste de souhaits,<\/p>\r\n\r\n\r\n\r\n<p>\u00b7&nbsp;&nbsp;&nbsp;&nbsp;&nbsp;&nbsp;&nbsp;&nbsp; fonction de comparaison,<\/p>\r\n\r\n\r\n\r\n<p>\u00b7&nbsp;&nbsp;&nbsp;&nbsp;&nbsp;&nbsp;&nbsp;&nbsp; sauvegarde du panier,<\/p>\r\n\r\n\r\n\r\n<p>\u00b7&nbsp;&nbsp;&nbsp;&nbsp;&nbsp;&nbsp;&nbsp;&nbsp; identification lors d\u2019une nouvelle visite,<\/p>\r\n\r\n\r\n\r\n<p>\u00b7&nbsp;&nbsp;&nbsp;&nbsp;&nbsp;&nbsp;&nbsp;&nbsp; m\u00e9morisation des consultations.<\/p>\r\n\r\n\r\n\r\n<p>La plupart des cookies sont destin\u00e9s \u00e0 permettre ou faciliter votre navigation et sont n\u00e9cessaires au fonctionnement de notre boutique en ligne. L\u2019utilisation de cookies, propres ou tiers, n\u2019\u00e9tant pas obligatoirement n\u00e9cessaires au fonctionnement du site n\u00e9cessite un consentement expr\u00e8s de votre part. Vous pouvez manifester votre consentement ou vous opposer \u00e0 l\u2019utilisation des cookies en param\u00e9trant votre dispositif de connexion de mani\u00e8re appropri\u00e9e. Reportez-vous pour cela notamment au guide d\u2019utilisation de votre navigateur.<\/p>\r\n\r\n\r\n\r\n<p>Prospection commerciale par courriel :<\/p>\r\n\r\n\r\n\r\n<p>Si vous ne souhaitez plus recevoir de prospection commerciale par courrier \u00e9lectronique, vous pouvez \u00e0 tout moment nous le faire savoir par l\u2019un des moyens suivants :<\/p>\r\n\r\n\r\n\r\n<p>\u00b7&nbsp;&nbsp;&nbsp;&nbsp;&nbsp;&nbsp;&nbsp;&nbsp; &nbsp;cliquer sur le lien de d\u00e9sabonnement dans chaque courriel &nbsp;<\/p>\r\n\r\n\r\n\r\n<p>\u00b7&nbsp;&nbsp;&nbsp;&nbsp;&nbsp;&nbsp;&nbsp;&nbsp; envoyer un mail vers le formulaire contact.&nbsp;<\/p>\r\n\r\n\r\n\r\n<p><strong>Article 14 &#8211; Archivage Preuve<\/strong><strong><\/strong><\/p>\r\n\r\n\r\n\r\n<p>La soci\u00e9t\u00e9 RAWGROUP archivera les bons de commandes et les factures sur un support fiable et durable constituant une copie fid\u00e8le conform\u00e9ment aux dispositions de l&rsquo;article 1348 du Code civil. &nbsp;<\/p>\r\n\r\n\r\n\r\n<p>Les registres informatis\u00e9s de la soci\u00e9t\u00e9 RAWGROUP seront consid\u00e9r\u00e9s par toutes les parties concern\u00e9es comme preuve des communications, commandes, paiements et transactions intervenus entre les parties.&nbsp;<\/p>\r\n","protected":false},"excerpt":{"rendered":"<p>Rawgroup EI RAWGROUP&nbsp;Cathalo 34360 PARDAILHAN info@rawgroup.org Siret&nbsp;751&nbsp;594&nbsp;078 00022&nbsp;RCS B\u00e9ziers Conditions g\u00e9n\u00e9rales de vente des produits vendus sur rawgroup.org Date de derni\u00e8re mise \u00e0 jour&nbsp;20\/06\/2019. Article 1 &#8211; Objet Les pr\u00e9sentes conditions r\u00e9gissent les ventes par la soci\u00e9t\u00e9 RAWGROUP de produits alimentaires. Article 2 &#8211; Prix Les prix de nos produits sont indiqu\u00e9s en euros toutes [&hellip;]<\/p>\n","protected":false},"author":1,"featured_media":0,"parent":0,"menu_order":0,"comment_status":"closed","ping_status":"closed","template":"","meta":{"footnotes":""},"class_list":["post-1110","page","type-page","status-publish","hentry"],"jetpack_sharing_enabled":true,"_links":{"self":[{"href":"https:\/\/rawgroup.org\/index.php?rest_route=\/wp\/v2\/pages\/1110","targetHints":{"allow":["GET"]}}],"collection":[{"href":"https:\/\/rawgroup.org\/index.php?rest_route=\/wp\/v2\/pages"}],"about":[{"href":"https:\/\/rawgroup.org\/index.php?rest_route=\/wp\/v2\/types\/page"}],"author":[{"embeddable":true,"href":"https:\/\/rawgroup.org\/index.php?rest_route=\/wp\/v2\/users\/1"}],"replies":[{"embeddable":true,"href":"https:\/\/rawgroup.org\/index.php?rest_route=%2Fwp%2Fv2%2Fcomments&post=1110"}],"version-history":[{"count":4,"href":"https:\/\/rawgroup.org\/index.php?rest_route=\/wp\/v2\/pages\/1110\/revisions"}],"predecessor-version":[{"id":22869,"href":"https:\/\/rawgroup.org\/index.php?rest_route=\/wp\/v2\/pages\/1110\/revisions\/22869"}],"wp:attachment":[{"href":"https:\/\/rawgroup.org\/index.php?rest_route=%2Fwp%2Fv2%2Fmedia&parent=1110"}],"curies":[{"name":"wp","href":"https:\/\/api.w.org\/{rel}","templated":true}]}}